{"id":2220,"date":"2023-02-16T09:32:00","date_gmt":"2023-02-16T09:32:00","guid":{"rendered":"https:\/\/treebuilders.eu\/loesungen\/"},"modified":"2023-07-10T10:43:18","modified_gmt":"2023-07-10T10:43:18","slug":"loesungen","status":"publish","type":"page","link":"https:\/\/treebuilders.eu\/de\/loesungen\/","title":{"rendered":"L\u00f6sungen"},"content":{"rendered":"\n\n  <div class=\"banner has-hover\" id=\"banner-187104984\">\n          <div class=\"banner-inner fill\">\n        <div class=\"banner-bg fill\" >\n            <img loading=\"lazy\" decoding=\"async\" width=\"2560\" height=\"1703\" src=\"https:\/\/treebuilders.eu\/wp-content\/uploads\/2023\/02\/Binnerotte-Rotterdam-26-06-2022-27-scaled.jpg\" class=\"bg attachment-original size-original\" alt=\"\" \/>                                    \n                    <\/div>\n\t\t\n        <div class=\"banner-layers container\">\n            <div class=\"fill banner-link\"><\/div>            \n\n\n        <\/div>\n      <\/div>\n\n            \n<style>\n#banner-187104984 {\n  padding-top: 320px;\n}\n#banner-187104984 .banner-bg img {\n  object-position: 49% 50%;\n}\n<\/style>\n  <\/div>\n\n\n<div class=\"row align-center\"  id=\"row-1540095146\">\n\n\n\t<div id=\"col-1091160434\" class=\"col medium-11 small-11 large-12\"  >\n\t\t\t\t<div class=\"col-inner\"  >\n\t\t\t\n\t\t\t\n\n<div class=\"is-divider divider clearfix\" style=\"background-color:rgba(255, 255, 255, 0);\"><\/div>\n\n\t<div id=\"text-3670359232\" class=\"text\">\n\t\t\n\n<h1>Unsere L\u00f6sungen f\u00fcr die heutigen Herausforderungen des Stadtklimas<\/h1>\n\t\t\n<style>\n#text-3670359232 {\n  font-size: 1.5rem;\n}\n<\/style>\n\t<\/div>\n\t\n<p>St\u00e4dte stehen unter anderem vor der Aufgabe, naturorientierte und naturnahe L\u00f6sungen zu finden. Naturnahe Konzepte sind durchaus dazu geeignet, die Einfl\u00fcsse des Klimawandels zu mindern. So werden \u00f6kologische Ziele erreicht und eine nachhaltigere Zukunft mit positiven Auswirkungen auf die Gesundheit der Bewohner geschaffen.<\/p>\n\n\t\t<\/div>\n\t\t\t\t\t<\/div>\n\n\t\n\n<\/div>\n<div class=\"is-divider divider clearfix\" style=\"background-color:rgba(255, 255, 255, 0);\"><\/div>\n\n\n\t<section class=\"section info-card-1\" id=\"section_1940457461\">\n\t\t<div class=\"section-bg fill\" >\n\t\t\t\t\t\t\t\t\t\n\t\t\t\n\n\t\t<\/div>\n\n\t\t\n\n\t\t<div class=\"section-content relative\">\n\t\t\t\n\n<div class=\"row\"  id=\"row-583788007\">\n\n\n\t<div id=\"col-801401305\" class=\"col small-12 large-12\"  >\n\t\t\t\t<div class=\"col-inner text-center\"  >\n\t\t\t\n\t\t\t\n\n<h1>Gr\u00fcn, Blau und Grau kombinieren<\/h1>\n\n\t\t<\/div>\n\t\t\t\t\n<style>\n#col-801401305 > .col-inner {\n  padding: 20px 0px 0px 0px;\n}\n<\/style>\n\t<\/div>\n\n\t\n\n<\/div>\n<div class=\"row row-small align-equal\"  id=\"row-1661907817\">\n\n\n\t<div id=\"col-1185167391\" class=\"col medium-6 small-12 large-6\"  data-animate=\"flipInX\">\n\t\t\t\t<div class=\"col-inner\"  >\n\t\t\t\n\t\t\t\n\n\t<div class=\"box has-hover   has-hover box-push box-text-bottom\" >\n\n\t\t<div class=\"box-image\" >\n\t\t\t<a href=\"https:\/\/treebuilders.eu\/solutions\/urban-tree-planting-solutions\/\" >\t\t\t<div class=\"image-zoom image-cover\" style=\"padding-top:70%;\">\n\t\t\t\t<img loading=\"lazy\" decoding=\"async\" width=\"2560\" height=\"1597\" src=\"https:\/\/treebuilders.eu\/wp-content\/uploads\/2023\/02\/Coolsingel-Rotterdam-26-06-2022-102-scaled.jpg\" class=\"attachment- size-\" alt=\"\" srcset=\"https:\/\/treebuilders.eu\/wp-content\/uploads\/2023\/02\/Coolsingel-Rotterdam-26-06-2022-102-scaled.jpg 2560w, https:\/\/treebuilders.eu\/wp-content\/uploads\/2023\/02\/Coolsingel-Rotterdam-26-06-2022-102-641x400.jpg 641w, https:\/\/treebuilders.eu\/wp-content\/uploads\/2023\/02\/Coolsingel-Rotterdam-26-06-2022-102-1282x800.jpg 1282w, https:\/\/treebuilders.eu\/wp-content\/uploads\/2023\/02\/Coolsingel-Rotterdam-26-06-2022-102-768x479.jpg 768w, https:\/\/treebuilders.eu\/wp-content\/uploads\/2023\/02\/Coolsingel-Rotterdam-26-06-2022-102-1536x958.jpg 1536w, https:\/\/treebuilders.eu\/wp-content\/uploads\/2023\/02\/Coolsingel-Rotterdam-26-06-2022-102-2048x1278.jpg 2048w, https:\/\/treebuilders.eu\/wp-content\/uploads\/2023\/02\/Coolsingel-Rotterdam-26-06-2022-102-600x374.jpg 600w\" sizes=\"auto, (max-width: 2560px) 100vw, 2560px\" \/>\t\t\t\t\t\t\t\t\t\t\t<\/div>\n\t\t\t<\/a>\t\t<\/div>\n\n\t\t<div class=\"box-text text-center\" style=\"background-color:rgb(255, 255, 255);padding:20px 5% 20px 5%;\">\n\t\t\t<div class=\"box-text-inner\">\n\t\t\t\t\n\n<h1>St\u00e4dtische B\u00e4ume pflanzen<\/h1>\n<p>Effektive st\u00e4dtische Baumpflanzungssysteme befassen sich mit allen Problemen der Baumpflanzung in der st\u00e4dtischen Umwelt. Die richtige Kapazit\u00e4t f\u00fcr Wurzelwachstum, Regenwasserbewirtschaftung und die Bew\u00e4ltigung schwerer Verkehrslasten bei gleichzeitiger Integration bestehender und neuer Infrastrukturen.<\/p>\n<a href=\"https:\/\/treebuilders.eu\/solutions\/urban-tree-planting-solutions\/\" class=\"button alert\" style=\"border-radius:10px;\">\n\t\t<span>MEHR INFO<\/span>\n\t<\/a>\n\n\n\n\t\t\t<\/div>\n\t\t<\/div>\n\t<\/div>\n\t\n\n\t\t<\/div>\n\t\t\t\t\t<\/div>\n\n\t\n\n\t<div id=\"col-690716314\" class=\"col medium-6 small-12 large-6\"  data-animate=\"flipInX\">\n\t\t\t\t<div class=\"col-inner\"  >\n\t\t\t\n\t\t\t\n\n\t<div class=\"box has-hover   has-hover box-push box-text-bottom\" >\n\n\t\t<div class=\"box-image\" >\n\t\t\t<a href=\"https:\/\/treebuilders.eu\/solutions\/water-management\/\" >\t\t\t<div class=\"image-zoom image-cover\" style=\"padding-top:70%;\">\n\t\t\t\t<img loading=\"lazy\" decoding=\"async\" width=\"2560\" height=\"1702\" src=\"https:\/\/treebuilders.eu\/wp-content\/uploads\/2023\/02\/Water-management-cities-TreeBuilders-scaled.jpg\" class=\"attachment- size-\" alt=\"Water management cities - TreeBuilders\" srcset=\"https:\/\/treebuilders.eu\/wp-content\/uploads\/2023\/02\/Water-management-cities-TreeBuilders-scaled.jpg 2560w, https:\/\/treebuilders.eu\/wp-content\/uploads\/2023\/02\/Water-management-cities-TreeBuilders-602x400.jpg 602w, https:\/\/treebuilders.eu\/wp-content\/uploads\/2023\/02\/Water-management-cities-TreeBuilders-1203x800.jpg 1203w, https:\/\/treebuilders.eu\/wp-content\/uploads\/2023\/02\/Water-management-cities-TreeBuilders-768x511.jpg 768w, https:\/\/treebuilders.eu\/wp-content\/uploads\/2023\/02\/Water-management-cities-TreeBuilders-1536x1021.jpg 1536w, https:\/\/treebuilders.eu\/wp-content\/uploads\/2023\/02\/Water-management-cities-TreeBuilders-2048x1362.jpg 2048w, https:\/\/treebuilders.eu\/wp-content\/uploads\/2023\/02\/Water-management-cities-TreeBuilders-600x399.jpg 600w\" sizes=\"auto, (max-width: 2560px) 100vw, 2560px\" \/>\t\t\t\t\t\t\t\t\t\t\t<\/div>\n\t\t\t<\/a>\t\t<\/div>\n\n\t\t<div class=\"box-text text-center\" style=\"background-color:rgb(255, 255, 255);padding:20px 5% 20px 5%;\">\n\t\t\t<div class=\"box-text-inner\">\n\t\t\t\t\n\n<h1>Wassermanagement<\/h1>\n<p>Wasser ist unsere wertvollste Ressource und muss als solche behandelt werden, deshalb ist das Wassermanagement von gro\u00dfer Bedeutung. Der Mangel an (S\u00fc\u00df-) Wasser ist eine unserer gr\u00f6\u00dften st\u00e4dtischen Herausforderungen. Wir erm\u00f6glichen zirkul\u00e4re, naturnahe Vor-Ort-L\u00f6sungen f\u00fcr eine nachhaltige st\u00e4dtische Wasserwirtschaft.<\/p>\n<a href=\"https:\/\/treebuilders.eu\/solutions\/water-management\/\" class=\"button alert\" style=\"border-radius:10px;\">\n\t\t<span>MEHR INFO<\/span>\n\t<\/a>\n\n\n\n\t\t\t<\/div>\n\t\t<\/div>\n\t<\/div>\n\t\n\n\t\t<\/div>\n\t\t\t\t\t<\/div>\n\n\t\n\n\n<style>\n#row-1661907817 > .col > .col-inner {\n  background-color: rgb(255,255,255);\n}\n<\/style>\n<\/div>\n\n\t\t<\/div>\n\n\t\t\n<style>\n#section_1940457461 {\n  padding-top: 50px;\n  padding-bottom: 50px;\n  background-color: rgb(244, 244, 244);\n}\n<\/style>\n\t<\/section>\n\t\n\n","protected":false},"excerpt":{"rendered":"","protected":false},"author":1,"featured_media":0,"parent":0,"menu_order":0,"comment_status":"closed","ping_status":"closed","template":"page-blank.php","meta":{"footnotes":""},"class_list":["post-2220","page","type-page","status-publish","hentry"],"yoast_head":"<!-- This site is optimized with the Yoast SEO plugin v27.2 - https:\/\/yoast.com\/product\/yoast-seo-wordpress\/ -->\n<title>L\u00f6sungen - TreeBuilders<\/title>\n<meta name=\"robots\" content=\"index, follow, max-snippet:-1, max-image-preview:large, max-video-preview:-1\" \/>\n<link rel=\"canonical\" href=\"https:\/\/treebuilders.eu\/de\/loesungen\/\" \/>\n<meta property=\"og:locale\" content=\"de_DE\" \/>\n<meta property=\"og:type\" content=\"article\" \/>\n<meta property=\"og:title\" content=\"L\u00f6sungen - TreeBuilders\" \/>\n<meta property=\"og:url\" content=\"https:\/\/treebuilders.eu\/de\/loesungen\/\" \/>\n<meta property=\"og:site_name\" content=\"TreeBuilders\" \/>\n<meta property=\"article:publisher\" content=\"https:\/\/www.facebook.com\/profile.php?id=100089805041700\" \/>\n<meta property=\"article:modified_time\" content=\"2023-07-10T10:43:18+00:00\" \/>\n<meta name=\"twitter:card\" content=\"summary_large_image\" \/>\n<meta name=\"twitter:label1\" content=\"Gesch\u00e4tzte Lesezeit\" \/>\n\t<meta name=\"twitter:data1\" content=\"2\u00a0Minuten\" \/>\n<script type=\"application\/ld+json\" class=\"yoast-schema-graph\">{\"@context\":\"https:\/\/schema.org\",\"@graph\":[{\"@type\":\"WebPage\",\"@id\":\"https:\/\/treebuilders.eu\/de\/loesungen\/\",\"url\":\"https:\/\/treebuilders.eu\/de\/loesungen\/\",\"name\":\"L\u00f6sungen - TreeBuilders\",\"isPartOf\":{\"@id\":\"https:\/\/treebuilders.eu\/de\/#website\"},\"datePublished\":\"2023-02-16T09:32:00+00:00\",\"dateModified\":\"2023-07-10T10:43:18+00:00\",\"breadcrumb\":{\"@id\":\"https:\/\/treebuilders.eu\/de\/loesungen\/#breadcrumb\"},\"inLanguage\":\"de\",\"potentialAction\":[{\"@type\":\"ReadAction\",\"target\":[\"https:\/\/treebuilders.eu\/de\/loesungen\/\"]}]},{\"@type\":\"BreadcrumbList\",\"@id\":\"https:\/\/treebuilders.eu\/de\/loesungen\/#breadcrumb\",\"itemListElement\":[{\"@type\":\"ListItem\",\"position\":1,\"name\":\"Home\",\"item\":\"https:\/\/treebuilders.eu\/de\/\"},{\"@type\":\"ListItem\",\"position\":2,\"name\":\"L\u00f6sungen\"}]},{\"@type\":\"WebSite\",\"@id\":\"https:\/\/treebuilders.eu\/de\/#website\",\"url\":\"https:\/\/treebuilders.eu\/de\/\",\"name\":\"TreeBuilders\",\"description\":\"Creating cities to live in.\",\"publisher\":{\"@id\":\"https:\/\/treebuilders.eu\/de\/#organization\"},\"potentialAction\":[{\"@type\":\"SearchAction\",\"target\":{\"@type\":\"EntryPoint\",\"urlTemplate\":\"https:\/\/treebuilders.eu\/de\/?s={search_term_string}\"},\"query-input\":{\"@type\":\"PropertyValueSpecification\",\"valueRequired\":true,\"valueName\":\"search_term_string\"}}],\"inLanguage\":\"de\"},{\"@type\":\"Organization\",\"@id\":\"https:\/\/treebuilders.eu\/de\/#organization\",\"name\":\"TreeBuilders\",\"url\":\"https:\/\/treebuilders.eu\/de\/\",\"logo\":{\"@type\":\"ImageObject\",\"inLanguage\":\"de\",\"@id\":\"https:\/\/treebuilders.eu\/de\/#\/schema\/logo\/image\/\",\"url\":\"https:\/\/treebuilders.eu\/wp-content\/uploads\/2023\/07\/TreeBuilders-logo.png\",\"contentUrl\":\"https:\/\/treebuilders.eu\/wp-content\/uploads\/2023\/07\/TreeBuilders-logo.png\",\"width\":984,\"height\":1075,\"caption\":\"TreeBuilders\"},\"image\":{\"@id\":\"https:\/\/treebuilders.eu\/de\/#\/schema\/logo\/image\/\"},\"sameAs\":[\"https:\/\/www.facebook.com\/profile.php?id=100089805041700\",\"https:\/\/www.linkedin.com\/company\/treebuilders\/\",\"https:\/\/www.instagram.com\/treebuilders.eu\/\",\"https:\/\/www.youtube.com\/channel\/UCklfVVzLZ53h-J5yrofPQ2g?app=desktop\"]}]}<\/script>\n<!-- \/ Yoast SEO plugin. -->","yoast_head_json":{"title":"L\u00f6sungen - TreeBuilders","robots":{"index":"index","follow":"follow","max-snippet":"max-snippet:-1","max-image-preview":"max-image-preview:large","max-video-preview":"max-video-preview:-1"},"canonical":"https:\/\/treebuilders.eu\/de\/loesungen\/","og_locale":"de_DE","og_type":"article","og_title":"L\u00f6sungen - TreeBuilders","og_url":"https:\/\/treebuilders.eu\/de\/loesungen\/","og_site_name":"TreeBuilders","article_publisher":"https:\/\/www.facebook.com\/profile.php?id=100089805041700","article_modified_time":"2023-07-10T10:43:18+00:00","twitter_card":"summary_large_image","twitter_misc":{"Gesch\u00e4tzte Lesezeit":"2\u00a0Minuten"},"schema":{"@context":"https:\/\/schema.org","@graph":[{"@type":"WebPage","@id":"https:\/\/treebuilders.eu\/de\/loesungen\/","url":"https:\/\/treebuilders.eu\/de\/loesungen\/","name":"L\u00f6sungen - TreeBuilders","isPartOf":{"@id":"https:\/\/treebuilders.eu\/de\/#website"},"datePublished":"2023-02-16T09:32:00+00:00","dateModified":"2023-07-10T10:43:18+00:00","breadcrumb":{"@id":"https:\/\/treebuilders.eu\/de\/loesungen\/#breadcrumb"},"inLanguage":"de","potentialAction":[{"@type":"ReadAction","target":["https:\/\/treebuilders.eu\/de\/loesungen\/"]}]},{"@type":"BreadcrumbList","@id":"https:\/\/treebuilders.eu\/de\/loesungen\/#breadcrumb","itemListElement":[{"@type":"ListItem","position":1,"name":"Home","item":"https:\/\/treebuilders.eu\/de\/"},{"@type":"ListItem","position":2,"name":"L\u00f6sungen"}]},{"@type":"WebSite","@id":"https:\/\/treebuilders.eu\/de\/#website","url":"https:\/\/treebuilders.eu\/de\/","name":"TreeBuilders","description":"Creating cities to live in.","publisher":{"@id":"https:\/\/treebuilders.eu\/de\/#organization"},"potentialAction":[{"@type":"SearchAction","target":{"@type":"EntryPoint","urlTemplate":"https:\/\/treebuilders.eu\/de\/?s={search_term_string}"},"query-input":{"@type":"PropertyValueSpecification","valueRequired":true,"valueName":"search_term_string"}}],"inLanguage":"de"},{"@type":"Organization","@id":"https:\/\/treebuilders.eu\/de\/#organization","name":"TreeBuilders","url":"https:\/\/treebuilders.eu\/de\/","logo":{"@type":"ImageObject","inLanguage":"de","@id":"https:\/\/treebuilders.eu\/de\/#\/schema\/logo\/image\/","url":"https:\/\/treebuilders.eu\/wp-content\/uploads\/2023\/07\/TreeBuilders-logo.png","contentUrl":"https:\/\/treebuilders.eu\/wp-content\/uploads\/2023\/07\/TreeBuilders-logo.png","width":984,"height":1075,"caption":"TreeBuilders"},"image":{"@id":"https:\/\/treebuilders.eu\/de\/#\/schema\/logo\/image\/"},"sameAs":["https:\/\/www.facebook.com\/profile.php?id=100089805041700","https:\/\/www.linkedin.com\/company\/treebuilders\/","https:\/\/www.instagram.com\/treebuilders.eu\/","https:\/\/www.youtube.com\/channel\/UCklfVVzLZ53h-J5yrofPQ2g?app=desktop"]}]}},"_links":{"self":[{"href":"https:\/\/treebuilders.eu\/de\/wp-json\/wp\/v2\/pages\/2220","targetHints":{"allow":["GET"]}}],"collection":[{"href":"https:\/\/treebuilders.eu\/de\/wp-json\/wp\/v2\/pages"}],"about":[{"href":"https:\/\/treebuilders.eu\/de\/wp-json\/wp\/v2\/types\/page"}],"author":[{"embeddable":true,"href":"https:\/\/treebuilders.eu\/de\/wp-json\/wp\/v2\/users\/1"}],"replies":[{"embeddable":true,"href":"https:\/\/treebuilders.eu\/de\/wp-json\/wp\/v2\/comments?post=2220"}],"version-history":[{"count":1,"href":"https:\/\/treebuilders.eu\/de\/wp-json\/wp\/v2\/pages\/2220\/revisions"}],"predecessor-version":[{"id":2221,"href":"https:\/\/treebuilders.eu\/de\/wp-json\/wp\/v2\/pages\/2220\/revisions\/2221"}],"wp:attachment":[{"href":"https:\/\/treebuilders.eu\/de\/wp-json\/wp\/v2\/media?parent=2220"}],"curies":[{"name":"wp","href":"https:\/\/api.w.org\/{rel}","templated":true}]}}