{"id":2222,"date":"2023-02-24T14:57:54","date_gmt":"2023-02-24T14:57:54","guid":{"rendered":"https:\/\/treebuilders.eu\/loesungen\/loesungen-fuer-das-pflanzen-von-stadtbaeumen\/"},"modified":"2023-07-10T10:52:13","modified_gmt":"2023-07-10T10:52:13","slug":"loesungen-fuer-das-pflanzen-von-stadtbaeumen","status":"publish","type":"page","link":"https:\/\/treebuilders.eu\/de\/loesungen\/loesungen-fuer-das-pflanzen-von-stadtbaeumen\/","title":{"rendered":"L\u00f6sungen f\u00fcr das Pflanzen von Stadtb\u00e4umen"},"content":{"rendered":"\n\n\t<section class=\"section\" id=\"section_983475161\">\n\t\t<div class=\"section-bg fill\" >\n\t\t\t\t\t\t\t\t\t\n\t\t\t\n\n\t\t<\/div>\n\n\t\t\n\n\t\t<div class=\"section-content relative\">\n\t\t\t\n\n<div class=\"row row-collapse row-full-width align-middle align-center\"  id=\"row-1224409632\">\n\n\n\t<div id=\"col-1607364791\" class=\"col medium-12 small-12 large-6 medium-col-first\"  >\n\t\t\t\t<div class=\"col-inner\"  >\n\t\t\t\n\t\t\t\n\n\n  <div class=\"banner has-hover\" id=\"banner-1858506143\">\n          <div class=\"banner-inner fill\">\n        <div class=\"banner-bg fill\" >\n            <img loading=\"lazy\" decoding=\"async\" width=\"1020\" height=\"679\" src=\"https:\/\/treebuilders.eu\/wp-content\/uploads\/2023\/07\/Cam_001_uitsnede_aanpasing_LR-1202x800.jpg\" class=\"bg attachment-large size-large\" alt=\"TreeParker system TreeBuilders\" \/>                                    \n                    <\/div>\n\t\t\n        <div class=\"banner-layers container\">\n            <div class=\"fill banner-link\"><\/div>            \n\n\n        <\/div>\n      <\/div>\n\n            \n<style>\n#banner-1858506143 {\n  padding-top: 300px;\n  background-color: rgba(255, 255, 255, 0);\n}\n#banner-1858506143 .banner-bg img {\n  object-position: 70% 78%;\n}\n@media (min-width:550px) {\n  #banner-1858506143 {\n    padding-top: 400px;\n  }\n}\n@media (min-width:850px) {\n  #banner-1858506143 {\n    padding-top: 550px;\n  }\n}\n<\/style>\n  <\/div>\n\n\n\n\t\t<\/div>\n\t\t\t\t\t<\/div>\n\n\t\n\n\t<div id=\"col-1772537441\" class=\"col index-up medium-12 small-11 large-6\"  >\n\t\t\t\t<div class=\"col-inner\"  >\n\t\t\t\n\t\t\t\n\n\t<div id=\"gap-1922632170\" class=\"gap-element clearfix\" style=\"display:block; height:auto;\">\n\t\t\n<style>\n#gap-1922632170 {\n  padding-top: 30px;\n}\n<\/style>\n\t<\/div>\n\t\n\n<div class=\"row align-center\"  id=\"row-1110000012\">\n\n\n\t<div id=\"col-451115851\" class=\"col index-up medium-11 small-12 large-12\"  data-animate=\"flipInY\">\n\t\t\t\t<div class=\"col-inner text-center\" style=\"background-color:rgb(255, 255, 255);\" >\n\t\t\t\n\t\t\t\n\n\t<div id=\"text-251058149\" class=\"text\">\n\t\t\n\n<h1>L\u00f6sungen f\u00fcr das Pflanzen von Stadtb\u00e4umen<\/h1>\n\t\t\n<style>\n#text-251058149 {\n  font-size: 1.5rem;\n  text-align: left;\n}\n<\/style>\n\t<\/div>\n\t\n\t<div id=\"text-3574021152\" class=\"text\">\n\t\t\n\n<p>Effektive st\u00e4dtische Baumpflanzungssysteme befassen sich mit allen Problemen der Baumpflanzung in der st\u00e4dtischen Umwelt. Die richtige Kapazit\u00e4t f\u00fcr Wurzelwachstum, Regenwasserbewirtschaftung und die Bew\u00e4ltigung schwerer Verkehrslasten bei gleichzeitiger Integration bestehender und neuer Infrastrukturen.<\/p>\n\t\t\n<style>\n#text-3574021152 {\n  text-align: left;\n}\n<\/style>\n\t<\/div>\n\t\n\n\t\t<\/div>\n\t\t\t\t\n<style>\n#col-451115851 > .col-inner {\n  padding: 15% 10% 15% 10%;\n  margin: -100px 0px 0px 0px;\n  border-radius: 5px;\n}\n@media (min-width:550px) {\n  #col-451115851 > .col-inner {\n    padding: 6% 6% 6% 6%;\n    margin: -150px 0px 0px 0px;\n  }\n}\n@media (min-width:850px) {\n  #col-451115851 > .col-inner {\n    padding: 7% 10% 7% 10%;\n    margin: 0px 0px 0px -100px;\n  }\n}\n<\/style>\n\t<\/div>\n\n\t\n\n<\/div>\n\n\t\t<\/div>\n\t\t\t\t\n<style>\n#col-1772537441 > .col-inner {\n  padding: 10px 0px 20px 0px;\n}\n@media (min-width:550px) {\n  #col-1772537441 > .col-inner {\n    padding: 35px 0px 30px 0px;\n  }\n}\n@media (min-width:850px) {\n  #col-1772537441 > .col-inner {\n    padding: 0 0px 0px 0px;\n  }\n}\n<\/style>\n\t<\/div>\n\n\t\n\n<\/div>\n\n\t\t<\/div>\n\n\t\t\n<style>\n#section_983475161 {\n  padding-top: 0px;\n  padding-bottom: 0px;\n  margin-bottom: 0px;\n  background-color: rgb(116, 151, 167);\n}\n@media (min-width:550px) {\n  #section_983475161 {\n    padding-top: 0px;\n    padding-bottom: 0px;\n  }\n}\n<\/style>\n\t<\/section>\n\t\n<div class=\"is-divider divider clearfix\" style=\"height:40px;background-color:rgba(255, 255, 255, 0);\"><\/div>\n\n<div class=\"row align-center\"  id=\"row-1778598044\">\n\n\n\t<div id=\"col-1674745801\" class=\"col medium-5 small-10 large-6\"  >\n\t\t\t\t<div class=\"col-inner text-left\"  >\n\t\t\t\n\t\t\t\n\n<p>Wer will, dass B\u00e4ume zu gro\u00dfen, gesunden Mitgesch\u00f6pfen heranwachsen, muss mehr tun als L\u00f6cher zu graben und junge B\u00e4ume zu pflanzen, vor allem in der Stadt. Manchmal bleibt unbeachtet, dass B\u00e4ume wachsen und es ein Gleichgewicht zwischen Baumgr\u00f6\u00dfe und Wurzelsystem geben muss. Funktionale B\u00e4ume verlangen ein Bodenvolumen, das der Gr\u00f6\u00dfe des Bl\u00e4tterdachs des ausgewachsenen Baumes entspricht.<\/p>\n<p>Keine Frage: Gr\u00fcn versch\u00f6nert den st\u00e4dtischen Raum. Neben ihrer Sch\u00f6nheit bieten jedoch nur Stadtb\u00e4ume so viele weitere Vorteile, dass sie als Grundlage der gr\u00fcnen Infrastruktur einer Stadt gelten k\u00f6nnen.<br>Der wichtigste zu nennende Vorteil ist ihr Potenzial, den Klimawandel zu verlangsamen. Gro\u00dfe Stadtb\u00e4ume k\u00fchlen unseren sich aufw\u00e4rmenden Planeten, reduzieren das Hochwasserrisiko und fungieren zudem als hervorragende Kohlendioxidspeicher und Sauerstofflieferanten. Das Pflanzen von B\u00e4umen kann zur Gesundung des Planeten beitragen und gleichzeitig unser t\u00e4gliches Leben verbessern, beispielsweise durch Blutdrucksenkung und Stressverminderung. Es ist unerl\u00e4sslich, heute f\u00fcr zuk\u00fcnftige Generationen B\u00e4ume zu pflanzen.<\/p>\n\t<div id=\"text-2420511862\" class=\"text\">\n\t\t\n\n<h2><strong>B\u00e4ume im urbanen Kontext<\/strong><\/h2>\n\t\t\n<style>\n#text-2420511862 {\n  font-size: 1.4rem;\n  color: rgb(180, 180, 180);\n}\n#text-2420511862 > * {\n  color: rgb(180, 180, 180);\n}\n<\/style>\n\t<\/div>\n\t\n<p>Es ist eine anerkannte Tatsache, dass \u00e4ltere B\u00e4ume wesentlich zu ges\u00fcnderem Boden, besserer Luft und saubererem Wasser in den St\u00e4dten beitragen k\u00f6nnen. Aber St\u00e4dte sind im Allgemeinen keine gastfreundlichen Orte f\u00fcr das Pflanzenwachstum, und nur wenige B\u00e4ume erreichen ein Alter, in dem sie sinnvolle \u00f6kologische Dienste leisten k\u00f6nnen.<\/p>\n<p>Wir ber\u00fccksichtigen, dass der st\u00e4dtische Boden multifunktional genutzt wird: f\u00fcr die st\u00e4dtische Holzwirtschaft, f\u00fcr das Bauen und die Wasserwirtschaft. Die an B\u00e4ume gekn\u00fcpften Erwartungen unterscheiden sich damit von denen in l\u00e4ndlichen Gebieten erheblich. B\u00e4ume in der Stadt brauchen Raum, um zu gedeihen, d\u00fcrfen dabei jedoch die Stra\u00dfenbel\u00e4ge und unterirdischen Infrastrukturen nicht gef\u00e4hrden.<\/p>\n\n\t\t<\/div>\n\t\t\t\t\t<\/div>\n\n\t\n\n\t<div id=\"col-1275025947\" class=\"col medium-5 small-10 large-6\"  >\n\t\t\t\t<div class=\"col-inner text-left\"  >\n\t\t\t\n\t\t\t\n\n\t<div id=\"text-3769613485\" class=\"text\">\n\t\t\n\n<h2>Die Herausforderung, gr\u00fcne, blaue und graue Infrastrukturen zu kombinieren:<\/h2>\n\t\t\n<style>\n#text-3769613485 {\n  font-size: 1.4rem;\n  color: rgb(180, 180, 180);\n}\n#text-3769613485 > * {\n  color: rgb(180, 180, 180);\n}\n<\/style>\n\t<\/div>\n\t\n<p><strong>Platzmangel<\/strong><br>Jeder st\u00e4dtische Quadratzentimeter wird bereits intensiv genutzt: durch Stra\u00dfen, Kanalisation, Parkpl\u00e4tze, Versorgungsleitungen u. \u00e4. Da nur wenig Platz zur Verf\u00fcgung steht, ist ein hochwirksames Bodenvolumen erforderlich, damit aus B\u00e4umen gro\u00dfe B\u00e4ume werden k\u00f6nnen.<\/p>\n<p><strong>Versorgungsleitungen verlaufen \u00fcberall<\/strong><br>Wenn Sie in der Stadt einen Baum pflanzen m\u00f6chten, befinden sich in Ihrem geplanten Grabungsgebiet mit recht gro\u00dfer Wahrscheinlichkeit auch Versorgungsleitungen. Dazu kommt, dass diese nicht immer dort verlaufen, wo man es erwartet. F\u00fcr das Umverlegen solcher Leitungen ist meist kein Budget vorhanden. Die kosteng\u00fcnstigste L\u00f6sung ist daher die Platzierung der Baumgrube zwischen den vorgefundenen Versorgungsleitungen. <\/p>\n<p><strong>Stra\u00dfenbauspezifikationen<\/strong><br>B\u00e4ume ben\u00f6tigen lockere, gut durchl\u00fcftete Erde. Dies steht kontr\u00e4r zum Stra\u00dfenbau, der auf Bodenverdichtung angewiesen ist. Wenn B\u00e4ume versuchen, in verdichtetem Boden zu wachsen, erreichen sie selten ihr volles Potenzial, k\u00f6nnen vorzeitig absterben oder in ihrem \u00dcberlebenskampf die Stra\u00dfenpflasterung besch\u00e4digen. <\/p>\n<p><strong>Gest\u00f6rter Wasserzyklus<\/strong><br>Einerseits wird Wasser \u00fcber die Kanalisation abgef\u00fchrt, andererseits trocknen st\u00e4dtischer Boden und B\u00e4ume aus. Dies scheint ein allgemeing\u00fcltiges Prinzip. Es w\u00e4re jedoch bedeutend sinnvoller, den Baum zuerst vom Regen profitieren zu lassen, bevor man das Wasser ableitet. Ein Konzept muss her, dass auf zirkul\u00e4re statt auf lineare Prozesse baut. <\/p>\n<p>Die unbarmherzigen Bedingungen in der Stadt zwingen uns dazu, die bestm\u00f6glichen Umst\u00e4nde f\u00fcr den Baum zu schaffen. Die Zeiten, in denen R\u00e4ume nur einer Funktion dienten, sind vorbei.<\/p>\n\n\t\t<\/div>\n\t\t\t\t\t<\/div>\n\n\t\n\n<\/div>\n\n\t<section class=\"section info-card-1\" id=\"section_2008001764\">\n\t\t<div class=\"section-bg fill\" >\n\t\t\t\t\t\t\t\t\t\n\t\t\t\n\n\t\t<\/div>\n\n\t\t\n\n\t\t<div class=\"section-content relative\">\n\t\t\t\n\n<div class=\"row\"  id=\"row-1156798402\">\n\n\n\t<div id=\"col-1135742544\" class=\"col small-12 large-12\"  >\n\t\t\t\t<div class=\"col-inner text-center\"  >\n\t\t\t\n\t\t\t\n\n<h1>Verwandte Produkte<\/h1>\n\n\t\t<\/div>\n\t\t\t\t\n<style>\n#col-1135742544 > .col-inner {\n  padding: 20px 0px 0px 0px;\n}\n<\/style>\n\t<\/div>\n\n\t\n\n<\/div>\n<div class=\"row row-small align-equal\"  id=\"row-536245378\">\n\n\n\t<div id=\"col-228102603\" class=\"col medium-6 small-12 large-6\"  data-animate=\"flipInX\">\n\t\t\t\t<div class=\"col-inner\"  >\n\t\t\t\n\t\t\t\n\n\t<div class=\"box has-hover   has-hover box-push box-text-bottom\" >\n\n\t\t<div class=\"box-image\" >\n\t\t\t<a href=\"https:\/\/treebuilders.eu\/products\/treeparker-system\/\" >\t\t\t<div class=\"image-zoom image-cover\" style=\"padding-top:70%;\">\n\t\t\t\t<img loading=\"lazy\" decoding=\"async\" width=\"900\" height=\"600\" src=\"https:\/\/treebuilders.eu\/wp-content\/uploads\/2023\/02\/20180321koekelbergbomen157klein.jpg\" class=\"attachment- size-\" alt=\"\" srcset=\"https:\/\/treebuilders.eu\/wp-content\/uploads\/2023\/02\/20180321koekelbergbomen157klein.jpg 900w, https:\/\/treebuilders.eu\/wp-content\/uploads\/2023\/02\/20180321koekelbergbomen157klein-600x400.jpg 600w, https:\/\/treebuilders.eu\/wp-content\/uploads\/2023\/02\/20180321koekelbergbomen157klein-768x512.jpg 768w\" sizes=\"auto, (max-width: 900px) 100vw, 900px\" \/>\t\t\t\t\t\t\t\t\t\t\t<\/div>\n\t\t\t<\/a>\t\t<\/div>\n\n\t\t<div class=\"box-text text-center\" style=\"background-color:rgb(255, 255, 255);padding:20px 5% 20px 5%;\">\n\t\t\t<div class=\"box-text-inner\">\n\t\t\t\t\n\n<h1>TreeParker<b>\u00ae <\/b>system<\/h1>\n<p>Modulare Bodenzellanlage inklusive Regenwassermanagement. Unser TreeParker-System bietet die idealen Bedingungen f\u00fcr B\u00e4ume, deren Wurzeln unter dem Pflaster gedeihen m\u00fcssen. <\/p>\n<a href=\"https:\/\/treebuilders.eu\/products\/treeparker-system\/\" class=\"button alert\" style=\"border-radius:10px;\">\n\t\t<span>MEHR INFO<\/span>\n\t<\/a>\n\n\n\n\t\t\t<\/div>\n\t\t<\/div>\n\t<\/div>\n\t\n\n\t\t<\/div>\n\t\t\t\t\t<\/div>\n\n\t\n\n\t<div id=\"col-1623257479\" class=\"col medium-6 small-12 large-6\"  data-animate=\"flipInX\">\n\t\t\t\t<div class=\"col-inner\"  >\n\t\t\t\n\t\t\t\n\n\t<div class=\"box has-hover   has-hover box-push box-text-bottom\" >\n\n\t\t<div class=\"box-image\" >\n\t\t\t<a href=\"https:\/\/treebuilders.eu\/products\/sandwich-construction\/\" >\t\t\t<div class=\"image-zoom image-cover\" style=\"padding-top:70%;\">\n\t\t\t\t<img loading=\"lazy\" decoding=\"async\" width=\"4000\" height=\"2248\" src=\"https:\/\/treebuilders.eu\/wp-content\/uploads\/2023\/02\/SandwichPanel-2.png\" class=\"attachment- size-\" alt=\"\" srcset=\"https:\/\/treebuilders.eu\/wp-content\/uploads\/2023\/02\/SandwichPanel-2.png 4000w, https:\/\/treebuilders.eu\/wp-content\/uploads\/2023\/02\/SandwichPanel-2-712x400.png 712w, https:\/\/treebuilders.eu\/wp-content\/uploads\/2023\/02\/SandwichPanel-2-1400x787.png 1400w, https:\/\/treebuilders.eu\/wp-content\/uploads\/2023\/02\/SandwichPanel-2-768x432.png 768w, https:\/\/treebuilders.eu\/wp-content\/uploads\/2023\/02\/SandwichPanel-2-1536x863.png 1536w, https:\/\/treebuilders.eu\/wp-content\/uploads\/2023\/02\/SandwichPanel-2-2048x1151.png 2048w, https:\/\/treebuilders.eu\/wp-content\/uploads\/2023\/02\/SandwichPanel-2-600x337.png 600w\" sizes=\"auto, (max-width: 4000px) 100vw, 4000px\" \/>\t\t\t\t\t\t\t\t\t\t\t<\/div>\n\t\t\t<\/a>\t\t<\/div>\n\n\t\t<div class=\"box-text text-center\" style=\"background-color:rgb(255, 255, 255);padding:20px 5% 20px 5%;\">\n\t\t\t<div class=\"box-text-inner\">\n\t\t\t\t\n\n<h1>Sandwich-Konstruktion<\/h1>\n<p>Lasttragendes und druckverteilendes System. Druckverteilende Systeme \u201estreuen\u201c die durch den Stra\u00dfenverkehr verursachte Last um den Wurzelbereich des Baumes herum und beseitigen\/reduzieren die Bodenverdichtung in der Baumgrube. <\/p>\n<a href=\"https:\/\/treebuilders.eu\/products\/sandwich-construction\/\" class=\"button alert\" style=\"border-radius:10px;\">\n\t\t<span>MEHR INFO<\/span>\n\t<\/a>\n\n\n\n\t\t\t<\/div>\n\t\t<\/div>\n\t<\/div>\n\t\n\n\t\t<\/div>\n\t\t\t\t\t<\/div>\n\n\t\n\n\n<style>\n#row-536245378 > .col > .col-inner {\n  background-color: rgb(255,255,255);\n}\n<\/style>\n<\/div>\n\n\t\t<\/div>\n\n\t\t\n<style>\n#section_2008001764 {\n  padding-top: 50px;\n  padding-bottom: 50px;\n  background-color: rgb(244, 244, 244);\n}\n<\/style>\n\t<\/section>\n\t\n\n\t<section class=\"section dark\" id=\"section_1181256956\">\n\t\t<div class=\"section-bg fill\" >\n\t\t\t\t\t\t\t\t\t\n\t\t\t\n\n\t\t<\/div>\n\n\t\t\n\n\t\t<div class=\"section-content relative\">\n\t\t\t\n\n<div class=\"row row-small align-equal align-center\"  id=\"row-1665424089\">\n\n\n\t<div id=\"col-572740970\" class=\"col medium-10 small-9 large-4\"  >\n\t\t\t\t<div class=\"col-inner\"  >\n\t\t\t\n\t\t\t\n\n\t<div id=\"text-893274443\" class=\"text\">\n\t\t\n\n<h3>Mehr Informationen \u00fcber unsere L\u00f6sungen f\u00fcr st\u00e4dtische Baumpflanzungen?<\/h3>\n\t\t\n<style>\n#text-893274443 {\n  font-size: 1.55rem;\n  line-height: 1.15;\n  text-align: left;\n}\n<\/style>\n\t<\/div>\n\t\n\n\t\t<\/div>\n\t\t\t\t\t<\/div>\n\n\t\n\n\t<div id=\"col-1942792048\" class=\"col medium-10 small-9 large-4\"  >\n\t\t\t\t<div class=\"col-inner text-left\"  >\n\t\t\t\n\t\t\t\n\n\t<div id=\"text-3291312561\" class=\"text\">\n\t\t\n\n<p>Werfen Sie einen Blick auf unsere Produktbl\u00e4tter, technischen Datenbl\u00e4tter und Installationsanleitungen:<\/p>\n\t\t\n<style>\n#text-3291312561 {\n  text-align: left;\n}\n<\/style>\n\t<\/div>\n\t\n<a href=\"https:\/\/treebuilders.eu\/nl\/downloads\/\" class=\"button alert\" style=\"border-radius:10px;\">\n\t\t<span>DOWNLOADS ANSEHEN<\/span>\n\t<\/a>\n\n\n\n\t\t<\/div>\n\t\t\t\t\t<\/div>\n\n\t\n\n\t<div id=\"col-1345451533\" class=\"col medium-10 small-9 large-4\"  >\n\t\t\t\t<div class=\"col-inner text-left\"  >\n\t\t\t\n\t\t\t\n\n\t<div id=\"text-1979864009\" class=\"text\">\n\t\t\n\n<p>Oder kontaktieren Sie uns direkt:<\/p>\n<ul>\n<li><a href=\"tel:+31413530266\" data-line-height=\"l\">+31(0) 413 530 266<\/a><\/li>\n<li><a href=\"mailto:info@treebuilders.eu\" data-line-height=\"l\">info@treebuilders.eu<\/a><\/li>\n<\/ul>\n\t\t\n<style>\n#text-1979864009 {\n  text-align: left;\n}\n<\/style>\n\t<\/div>\n\t\n\n\t\t<\/div>\n\t\t\t\t\t<\/div>\n\n\t\n\n<\/div>\n\n\t\t<\/div>\n\n\t\t\n<style>\n#section_1181256956 {\n  padding-top: 45px;\n  padding-bottom: 45px;\n  background-color: rgb(116, 151, 167);\n}\n<\/style>\n\t<\/section>\n\t\n\n","protected":false},"excerpt":{"rendered":"","protected":false},"author":1,"featured_media":0,"parent":2220,"menu_order":0,"comment_status":"closed","ping_status":"closed","template":"page-blank.php","meta":{"footnotes":""},"class_list":["post-2222","page","type-page","status-publish","hentry"],"yoast_head":"<!-- This site is optimized with the Yoast SEO plugin v27.2 - https:\/\/yoast.com\/product\/yoast-seo-wordpress\/ -->\n<title>L\u00f6sungen f\u00fcr das Pflanzen von Stadtb\u00e4umen - TreeBuilders<\/title>\n<meta name=\"robots\" content=\"index, follow, max-snippet:-1, max-image-preview:large, max-video-preview:-1\" \/>\n<link rel=\"canonical\" href=\"https:\/\/treebuilders.eu\/de\/loesungen\/loesungen-fuer-das-pflanzen-von-stadtbaeumen\/\" \/>\n<meta property=\"og:locale\" content=\"de_DE\" \/>\n<meta property=\"og:type\" content=\"article\" \/>\n<meta property=\"og:title\" content=\"L\u00f6sungen f\u00fcr das Pflanzen von Stadtb\u00e4umen - TreeBuilders\" \/>\n<meta property=\"og:url\" content=\"https:\/\/treebuilders.eu\/de\/loesungen\/loesungen-fuer-das-pflanzen-von-stadtbaeumen\/\" \/>\n<meta property=\"og:site_name\" content=\"TreeBuilders\" \/>\n<meta property=\"article:publisher\" content=\"https:\/\/www.facebook.com\/profile.php?id=100089805041700\" \/>\n<meta property=\"article:modified_time\" content=\"2023-07-10T10:52:13+00:00\" \/>\n<meta name=\"twitter:card\" content=\"summary_large_image\" \/>\n<meta name=\"twitter:label1\" content=\"Gesch\u00e4tzte Lesezeit\" \/>\n\t<meta name=\"twitter:data1\" content=\"5\u00a0Minuten\" \/>\n<script type=\"application\/ld+json\" class=\"yoast-schema-graph\">{\"@context\":\"https:\/\/schema.org\",\"@graph\":[{\"@type\":\"WebPage\",\"@id\":\"https:\/\/treebuilders.eu\/de\/loesungen\/loesungen-fuer-das-pflanzen-von-stadtbaeumen\/\",\"url\":\"https:\/\/treebuilders.eu\/de\/loesungen\/loesungen-fuer-das-pflanzen-von-stadtbaeumen\/\",\"name\":\"L\u00f6sungen f\u00fcr das Pflanzen von Stadtb\u00e4umen - TreeBuilders\",\"isPartOf\":{\"@id\":\"https:\/\/treebuilders.eu\/de\/#website\"},\"datePublished\":\"2023-02-24T14:57:54+00:00\",\"dateModified\":\"2023-07-10T10:52:13+00:00\",\"breadcrumb\":{\"@id\":\"https:\/\/treebuilders.eu\/de\/loesungen\/loesungen-fuer-das-pflanzen-von-stadtbaeumen\/#breadcrumb\"},\"inLanguage\":\"de\",\"potentialAction\":[{\"@type\":\"ReadAction\",\"target\":[\"https:\/\/treebuilders.eu\/de\/loesungen\/loesungen-fuer-das-pflanzen-von-stadtbaeumen\/\"]}]},{\"@type\":\"BreadcrumbList\",\"@id\":\"https:\/\/treebuilders.eu\/de\/loesungen\/loesungen-fuer-das-pflanzen-von-stadtbaeumen\/#breadcrumb\",\"itemListElement\":[{\"@type\":\"ListItem\",\"position\":1,\"name\":\"Home\",\"item\":\"https:\/\/treebuilders.eu\/de\/\"},{\"@type\":\"ListItem\",\"position\":2,\"name\":\"L\u00f6sungen\",\"item\":\"https:\/\/treebuilders.eu\/de\/solutions\/\"},{\"@type\":\"ListItem\",\"position\":3,\"name\":\"L\u00f6sungen f\u00fcr das Pflanzen von Stadtb\u00e4umen\"}]},{\"@type\":\"WebSite\",\"@id\":\"https:\/\/treebuilders.eu\/de\/#website\",\"url\":\"https:\/\/treebuilders.eu\/de\/\",\"name\":\"TreeBuilders\",\"description\":\"Creating cities to live in.\",\"publisher\":{\"@id\":\"https:\/\/treebuilders.eu\/de\/#organization\"},\"potentialAction\":[{\"@type\":\"SearchAction\",\"target\":{\"@type\":\"EntryPoint\",\"urlTemplate\":\"https:\/\/treebuilders.eu\/de\/?s={search_term_string}\"},\"query-input\":{\"@type\":\"PropertyValueSpecification\",\"valueRequired\":true,\"valueName\":\"search_term_string\"}}],\"inLanguage\":\"de\"},{\"@type\":\"Organization\",\"@id\":\"https:\/\/treebuilders.eu\/de\/#organization\",\"name\":\"TreeBuilders\",\"url\":\"https:\/\/treebuilders.eu\/de\/\",\"logo\":{\"@type\":\"ImageObject\",\"inLanguage\":\"de\",\"@id\":\"https:\/\/treebuilders.eu\/de\/#\/schema\/logo\/image\/\",\"url\":\"https:\/\/treebuilders.eu\/wp-content\/uploads\/2023\/07\/TreeBuilders-logo.png\",\"contentUrl\":\"https:\/\/treebuilders.eu\/wp-content\/uploads\/2023\/07\/TreeBuilders-logo.png\",\"width\":984,\"height\":1075,\"caption\":\"TreeBuilders\"},\"image\":{\"@id\":\"https:\/\/treebuilders.eu\/de\/#\/schema\/logo\/image\/\"},\"sameAs\":[\"https:\/\/www.facebook.com\/profile.php?id=100089805041700\",\"https:\/\/www.linkedin.com\/company\/treebuilders\/\",\"https:\/\/www.instagram.com\/treebuilders.eu\/\",\"https:\/\/www.youtube.com\/channel\/UCklfVVzLZ53h-J5yrofPQ2g?app=desktop\"]}]}<\/script>\n<!-- \/ Yoast SEO plugin. -->","yoast_head_json":{"title":"L\u00f6sungen f\u00fcr das Pflanzen von Stadtb\u00e4umen - TreeBuilders","robots":{"index":"index","follow":"follow","max-snippet":"max-snippet:-1","max-image-preview":"max-image-preview:large","max-video-preview":"max-video-preview:-1"},"canonical":"https:\/\/treebuilders.eu\/de\/loesungen\/loesungen-fuer-das-pflanzen-von-stadtbaeumen\/","og_locale":"de_DE","og_type":"article","og_title":"L\u00f6sungen f\u00fcr das Pflanzen von Stadtb\u00e4umen - TreeBuilders","og_url":"https:\/\/treebuilders.eu\/de\/loesungen\/loesungen-fuer-das-pflanzen-von-stadtbaeumen\/","og_site_name":"TreeBuilders","article_publisher":"https:\/\/www.facebook.com\/profile.php?id=100089805041700","article_modified_time":"2023-07-10T10:52:13+00:00","twitter_card":"summary_large_image","twitter_misc":{"Gesch\u00e4tzte Lesezeit":"5\u00a0Minuten"},"schema":{"@context":"https:\/\/schema.org","@graph":[{"@type":"WebPage","@id":"https:\/\/treebuilders.eu\/de\/loesungen\/loesungen-fuer-das-pflanzen-von-stadtbaeumen\/","url":"https:\/\/treebuilders.eu\/de\/loesungen\/loesungen-fuer-das-pflanzen-von-stadtbaeumen\/","name":"L\u00f6sungen f\u00fcr das Pflanzen von Stadtb\u00e4umen - TreeBuilders","isPartOf":{"@id":"https:\/\/treebuilders.eu\/de\/#website"},"datePublished":"2023-02-24T14:57:54+00:00","dateModified":"2023-07-10T10:52:13+00:00","breadcrumb":{"@id":"https:\/\/treebuilders.eu\/de\/loesungen\/loesungen-fuer-das-pflanzen-von-stadtbaeumen\/#breadcrumb"},"inLanguage":"de","potentialAction":[{"@type":"ReadAction","target":["https:\/\/treebuilders.eu\/de\/loesungen\/loesungen-fuer-das-pflanzen-von-stadtbaeumen\/"]}]},{"@type":"BreadcrumbList","@id":"https:\/\/treebuilders.eu\/de\/loesungen\/loesungen-fuer-das-pflanzen-von-stadtbaeumen\/#breadcrumb","itemListElement":[{"@type":"ListItem","position":1,"name":"Home","item":"https:\/\/treebuilders.eu\/de\/"},{"@type":"ListItem","position":2,"name":"L\u00f6sungen","item":"https:\/\/treebuilders.eu\/de\/solutions\/"},{"@type":"ListItem","position":3,"name":"L\u00f6sungen f\u00fcr das Pflanzen von Stadtb\u00e4umen"}]},{"@type":"WebSite","@id":"https:\/\/treebuilders.eu\/de\/#website","url":"https:\/\/treebuilders.eu\/de\/","name":"TreeBuilders","description":"Creating cities to live in.","publisher":{"@id":"https:\/\/treebuilders.eu\/de\/#organization"},"potentialAction":[{"@type":"SearchAction","target":{"@type":"EntryPoint","urlTemplate":"https:\/\/treebuilders.eu\/de\/?s={search_term_string}"},"query-input":{"@type":"PropertyValueSpecification","valueRequired":true,"valueName":"search_term_string"}}],"inLanguage":"de"},{"@type":"Organization","@id":"https:\/\/treebuilders.eu\/de\/#organization","name":"TreeBuilders","url":"https:\/\/treebuilders.eu\/de\/","logo":{"@type":"ImageObject","inLanguage":"de","@id":"https:\/\/treebuilders.eu\/de\/#\/schema\/logo\/image\/","url":"https:\/\/treebuilders.eu\/wp-content\/uploads\/2023\/07\/TreeBuilders-logo.png","contentUrl":"https:\/\/treebuilders.eu\/wp-content\/uploads\/2023\/07\/TreeBuilders-logo.png","width":984,"height":1075,"caption":"TreeBuilders"},"image":{"@id":"https:\/\/treebuilders.eu\/de\/#\/schema\/logo\/image\/"},"sameAs":["https:\/\/www.facebook.com\/profile.php?id=100089805041700","https:\/\/www.linkedin.com\/company\/treebuilders\/","https:\/\/www.instagram.com\/treebuilders.eu\/","https:\/\/www.youtube.com\/channel\/UCklfVVzLZ53h-J5yrofPQ2g?app=desktop"]}]}},"_links":{"self":[{"href":"https:\/\/treebuilders.eu\/de\/wp-json\/wp\/v2\/pages\/2222","targetHints":{"allow":["GET"]}}],"collection":[{"href":"https:\/\/treebuilders.eu\/de\/wp-json\/wp\/v2\/pages"}],"about":[{"href":"https:\/\/treebuilders.eu\/de\/wp-json\/wp\/v2\/types\/page"}],"author":[{"embeddable":true,"href":"https:\/\/treebuilders.eu\/de\/wp-json\/wp\/v2\/users\/1"}],"replies":[{"embeddable":true,"href":"https:\/\/treebuilders.eu\/de\/wp-json\/wp\/v2\/comments?post=2222"}],"version-history":[{"count":1,"href":"https:\/\/treebuilders.eu\/de\/wp-json\/wp\/v2\/pages\/2222\/revisions"}],"predecessor-version":[{"id":2223,"href":"https:\/\/treebuilders.eu\/de\/wp-json\/wp\/v2\/pages\/2222\/revisions\/2223"}],"up":[{"embeddable":true,"href":"https:\/\/treebuilders.eu\/de\/wp-json\/wp\/v2\/pages\/2220"}],"wp:attachment":[{"href":"https:\/\/treebuilders.eu\/de\/wp-json\/wp\/v2\/media?parent=2222"}],"curies":[{"name":"wp","href":"https:\/\/api.w.org\/{rel}","templated":true}]}}