{"id":2243,"date":"2023-02-23T15:09:23","date_gmt":"2023-02-23T15:09:23","guid":{"rendered":"https:\/\/treebuilders.eu\/services\/"},"modified":"2023-07-27T09:36:07","modified_gmt":"2023-07-27T09:36:07","slug":"services","status":"publish","type":"page","link":"https:\/\/treebuilders.eu\/de\/services\/","title":{"rendered":"Services"},"content":{"rendered":"\n\n  <div class=\"banner has-hover\" id=\"banner-1420645925\">\n          <div class=\"banner-inner fill\">\n        <div class=\"banner-bg fill\" >\n            <img loading=\"lazy\" decoding=\"async\" width=\"2560\" height=\"2153\" src=\"https:\/\/treebuilders.eu\/wp-content\/uploads\/2023\/02\/Amsterdam-Beursplein-11-09-2022-2-scaled.jpg\" class=\"bg attachment-original size-original\" alt=\"\" \/>                                    \n                    <\/div>\n\t\t\n        <div class=\"banner-layers container\">\n            <div class=\"fill banner-link\"><\/div>            \n\n\n        <\/div>\n      <\/div>\n\n            \n<style>\n#banner-1420645925 {\n  padding-top: 320px;\n}\n#banner-1420645925 .banner-bg img {\n  object-position: 88% 49%;\n}\n<\/style>\n  <\/div>\n\n\n<div class=\"row align-center\"  id=\"row-1985063959\">\n\n\n\t<div id=\"col-2114852469\" class=\"col medium-11 small-10 large-12\"  >\n\t\t\t\t<div class=\"col-inner\"  >\n\t\t\t\n\t\t\t\n\n<div class=\"is-divider divider clearfix\" style=\"background-color:rgba(255, 255, 255, 0);\"><\/div>\n\n\t<div id=\"text-2937428179\" class=\"text\">\n\t\t\n\n<h1>Services<\/h1>\n\t\t\n<style>\n#text-2937428179 {\n  font-size: 1.5rem;\n}\n<\/style>\n\t<\/div>\n\t\n<p>F\u00fcr die Gestaltung von Baumpflanzungen gibt es keine Einheitsl\u00f6sungen. Jedes Projekt ist anders, je nach Umst\u00e4nden, Anzahl der B\u00e4ume, Zug\u00e4nglichkeit, Baumgr\u00f6\u00dfe, Budget usw. Gemeinsam suchen wir nach der besten L\u00f6sung f\u00fcr das Pflanzen Ihrer Stadtb\u00e4ume.<\/p>\n\n\t\t<\/div>\n\t\t\t\t\t<\/div>\n\n\t\n\n<\/div>\n<div class=\"row align-center\"  id=\"row-1760602909\">\n\n\n\t<div id=\"col-569386741\" class=\"col medium-11 small-10 large-12\"  >\n\t\t\t\t<div class=\"col-inner\"  >\n\t\t\t\n\t\t\t\n\n<p>Unser Ziel ist es, Sie in Bezug auf alle verf\u00fcgbaren Optionen und ggf. auf die f\u00fcr Ihr Projekt am besten geeignete Option zu beraten. Auf diese Weise k\u00f6nnen wir Ihnen helfen, das richtige st\u00e4dtische Baumpflanzsystem auszuw\u00e4hlen, das Ihrem spezifischen Designziel entspricht. Wir freuen uns, unser Wissen aus der Implementierung von mehr als 1.400 Bodenzellenbausystemen auf der ganzen Welt an Sie weitergeben zu k\u00f6nnen.<\/p>\n<p>Es gibt viele wirtschaftliche Vorteile, die aus einer l\u00e4ngeren Baumlebensdauer und der Schaffung gr\u00f6\u00dferer, ges\u00fcnderer Stadtb\u00e4ume erwachsen. Neben den wirtschaftlichen Vorteilen ist die Verbesserung der Lebensqualit\u00e4t von B\u00e4umen und landschaftlich gestalteten Bereichen in unseren St\u00e4dten von gro\u00dfer Bedeutung. Gerne geben wir unser Wissen und unsere Erfahrung in diesem Bereiche an Sie weiter \u2013 per E-Mail oder bei einem Besuch bei Ihnen vor Ort. Alternativ k\u00f6nnen Sie auch unseren Showroom in Heeswijk Dinther in den Niederlanden besuchen, wo all unsere Produkte ausgestellt sind.&nbsp;<\/p>\n\n\t\t<\/div>\n\t\t\t\t\t<\/div>\n\n\t\n\n<\/div>\n<div class=\"is-divider divider clearfix\" style=\"background-color:rgba(255, 255, 255, 0);\"><\/div>\n\n\n\t<section class=\"section\" id=\"section_1995805094\">\n\t\t<div class=\"section-bg fill\" >\n\t\t\t<img loading=\"lazy\" decoding=\"async\" width=\"2560\" height=\"1858\" src=\"https:\/\/treebuilders.eu\/wp-content\/uploads\/2023\/02\/Mediaplein-Antwerpen-02-scaled.jpg\" class=\"bg attachment- size-\" alt=\"\" \/>\t\t\t\t\t\t<div class=\"section-bg-overlay absolute fill\"><\/div>\n\t\t\t\n\n\t\t<\/div>\n\n\t\t\n\n\t\t<div class=\"section-content relative\">\n\t\t\t\n\n<div class=\"row align-center\"  id=\"row-262833298\">\n\n\n\t<div id=\"col-780658932\" class=\"col medium-6 small-10 large-5\"  >\n\t\t\t\t<div class=\"col-inner text-center dark\"  >\n\t\t\t\n\t\t\t\n\n\t<div id=\"gap-521394013\" class=\"gap-element clearfix\" style=\"display:block; height:auto;\">\n\t\t\n<style>\n#gap-521394013 {\n  padding-top: 30px;\n}\n<\/style>\n\t<\/div>\n\t\n\n\t<div id=\"text-2534482164\" class=\"text\">\n\t\t\n\n<h3>Unverbindliche Serviceleistungen<\/h3>\n\t\t\n<style>\n#text-2534482164 {\n  font-size: 2rem;\n  line-height: 1;\n}\n@media (min-width:550px) {\n  #text-2534482164 {\n    line-height: 0.75;\n  }\n}\n<\/style>\n\t<\/div>\n\t\n<p>Unsere Fachleute helfen Ihnen gern weiter und bieten Ihnen die folgenden Services:<\/p>\n\n\t\t<\/div>\n\t\t\t\t\t<\/div>\n\n\t\n\n<\/div>\n<div class=\"row align-center\"  id=\"row-1689123547\">\n\n\n\t<div id=\"col-409960333\" class=\"col medium-4 small-12 large-4\"  data-animate=\"flipInY\">\n\t\t\t\t<div class=\"col-inner\"  >\n\t\t\t\n\t\t\t\n\n\n\t\t<div class=\"icon-box featured-box icon-box-center text-center\"  >\n\t\t\t\t\t<div class=\"icon-box-img\" style=\"width: 50px\">\n\t\t\t\t<div class=\"icon\">\n\t\t\t\t\t<div class=\"icon-inner\" >\n\t\t\t\t\t\t<img loading=\"lazy\" decoding=\"async\" width=\"120\" height=\"120\" src=\"https:\/\/treebuilders.eu\/wp-content\/uploads\/2023\/03\/computer-line.png\" class=\"attachment-medium size-medium\" alt=\"\" srcset=\"https:\/\/treebuilders.eu\/wp-content\/uploads\/2023\/03\/computer-line.png 120w, https:\/\/treebuilders.eu\/wp-content\/uploads\/2023\/03\/computer-line-100x100.png 100w\" sizes=\"auto, (max-width: 120px) 100vw, 120px\" \/>\t\t\t\t\t<\/div>\n\t\t\t\t<\/div>\n\t\t\t<\/div>\n\t\t\t\t<div class=\"icon-box-text last-reset\">\n\t\t\t\t\t\t\t\t\t\n\n<h3>Ma\u00dfgeschneiderte Zeichnung der Baumgrube<\/h3>\n<p>Wir entwickeln einen Komplettentwurf f\u00fcr das Layout der Baumgrube(n). <\/p>\n\n\t\t<\/div>\n\t<\/div>\n\t\n\t\n\n\t\t<\/div>\n\t\t\t\t\t<\/div>\n\n\t\n\n\t<div id=\"col-1866225227\" class=\"col medium-4 small-12 large-4\"  data-animate=\"flipInY\">\n\t\t\t\t<div class=\"col-inner\"  >\n\t\t\t\n\t\t\t\n\n\n\t\t<div class=\"icon-box featured-box icon-box-center text-center\"  >\n\t\t\t\t\t<div class=\"icon-box-img\" style=\"width: 50px\">\n\t\t\t\t<div class=\"icon\">\n\t\t\t\t\t<div class=\"icon-inner\" >\n\t\t\t\t\t\t<img loading=\"lazy\" decoding=\"async\" width=\"120\" height=\"120\" src=\"https:\/\/treebuilders.eu\/wp-content\/uploads\/2023\/03\/stack-line-1.png\" class=\"attachment-medium size-medium\" alt=\"\" srcset=\"https:\/\/treebuilders.eu\/wp-content\/uploads\/2023\/03\/stack-line-1.png 120w, https:\/\/treebuilders.eu\/wp-content\/uploads\/2023\/03\/stack-line-1-100x100.png 100w\" sizes=\"auto, (max-width: 120px) 100vw, 120px\" \/>\t\t\t\t\t<\/div>\n\t\t\t\t<\/div>\n\t\t\t<\/div>\n\t\t\t\t<div class=\"icon-box-text last-reset\">\n\t\t\t\t\t\t\t\t\t\n\n<h3>Bodenvolumenberechnungen<\/h3>\n<p>Wir f\u00fchren Bodenvolumenberechnungen durch, damit Ihr angestrebtes Ziel Wirklichkeit wird.<\/p>\n\n\t\t<\/div>\n\t<\/div>\n\t\n\t\n\n\t\t<\/div>\n\t\t\t\t\t<\/div>\n\n\t\n\n\t<div id=\"col-692087665\" class=\"col medium-4 small-12 large-4\"  data-animate=\"flipInY\">\n\t\t\t\t<div class=\"col-inner\"  >\n\t\t\t\n\t\t\t\n\n\n\t\t<div class=\"icon-box featured-box icon-box-center text-center\"  >\n\t\t\t\t\t<div class=\"icon-box-img\" style=\"width: 50px\">\n\t\t\t\t<div class=\"icon\">\n\t\t\t\t\t<div class=\"icon-inner\" >\n\t\t\t\t\t\t<img loading=\"lazy\" decoding=\"async\" width=\"120\" height=\"120\" src=\"https:\/\/treebuilders.eu\/wp-content\/uploads\/2023\/03\/settings-4-line-1.png\" class=\"attachment-medium size-medium\" alt=\"\" srcset=\"https:\/\/treebuilders.eu\/wp-content\/uploads\/2023\/03\/settings-4-line-1.png 120w, https:\/\/treebuilders.eu\/wp-content\/uploads\/2023\/03\/settings-4-line-1-100x100.png 100w\" sizes=\"auto, (max-width: 120px) 100vw, 120px\" \/>\t\t\t\t\t<\/div>\n\t\t\t\t<\/div>\n\t\t\t<\/div>\n\t\t\t\t<div class=\"icon-box-text last-reset\">\n\t\t\t\t\t\t\t\t\t\n\n<h3>Begutachtung<\/h3>\n<p>Wir begutachten Ihre Zeichnungen und Spezifikationen, optimieren Ihre Ausschreibungsunterlagen und leiten diese ggf. an Auftragnehmer weiter.<\/p>\n\n\t\t<\/div>\n\t<\/div>\n\t\n\t\n\n\t\t<\/div>\n\t\t\t\t\t<\/div>\n\n\t\n\n\t<div id=\"col-378788166\" class=\"col medium-4 small-12 large-4\"  data-animate=\"flipInY\">\n\t\t\t\t<div class=\"col-inner\"  >\n\t\t\t\n\t\t\t\n\n\n\t\t<div class=\"icon-box featured-box icon-box-center text-center\"  >\n\t\t\t\t\t<div class=\"icon-box-img\" style=\"width: 50px\">\n\t\t\t\t<div class=\"icon\">\n\t\t\t\t\t<div class=\"icon-inner\" >\n\t\t\t\t\t\t<img loading=\"lazy\" decoding=\"async\" width=\"120\" height=\"120\" src=\"https:\/\/treebuilders.eu\/wp-content\/uploads\/2023\/03\/search-line.png\" class=\"attachment-medium size-medium\" alt=\"\" srcset=\"https:\/\/treebuilders.eu\/wp-content\/uploads\/2023\/03\/search-line.png 120w, https:\/\/treebuilders.eu\/wp-content\/uploads\/2023\/03\/search-line-100x100.png 100w\" sizes=\"auto, (max-width: 120px) 100vw, 120px\" \/>\t\t\t\t\t<\/div>\n\t\t\t\t<\/div>\n\t\t\t<\/div>\n\t\t\t\t<div class=\"icon-box-text last-reset\">\n\t\t\t\t\t\t\t\t\t\n\n<h3>Entwurf der Bioretention<\/h3>\n<p>Wir berechnen das Regenwasserr\u00fcckhalteverm\u00f6gen durch Stadtb\u00e4ume (Bioretention).<\/p>\n\n\t\t<\/div>\n\t<\/div>\n\t\n\t\n\n\t\t<\/div>\n\t\t\t\t\t<\/div>\n\n\t\n\n\t<div id=\"col-2076206112\" class=\"col medium-4 small-12 large-4\"  data-animate=\"flipInY\">\n\t\t\t\t<div class=\"col-inner\"  >\n\t\t\t\n\t\t\t\n\n\n\t\t<div class=\"icon-box featured-box icon-box-center text-center\"  >\n\t\t\t\t\t<div class=\"icon-box-img\" style=\"width: 50px\">\n\t\t\t\t<div class=\"icon\">\n\t\t\t\t\t<div class=\"icon-inner\" >\n\t\t\t\t\t\t<img loading=\"lazy\" decoding=\"async\" width=\"120\" height=\"120\" src=\"https:\/\/treebuilders.eu\/wp-content\/uploads\/2023\/03\/customer-service-line.png\" class=\"attachment-medium size-medium\" alt=\"\" srcset=\"https:\/\/treebuilders.eu\/wp-content\/uploads\/2023\/03\/customer-service-line.png 120w, https:\/\/treebuilders.eu\/wp-content\/uploads\/2023\/03\/customer-service-line-100x100.png 100w\" sizes=\"auto, (max-width: 120px) 100vw, 120px\" \/>\t\t\t\t\t<\/div>\n\t\t\t\t<\/div>\n\t\t\t<\/div>\n\t\t\t\t<div class=\"icon-box-text last-reset\">\n\t\t\t\t\t\t\t\t\t\n\n<h3>Unterst\u00fctzung<\/h3>\n<p>Wir unterst\u00fctzen Sie bei der Umsetzung Ihrer Projekte.<\/p>\n\n\t\t<\/div>\n\t<\/div>\n\t\n\t\n\n\t\t<\/div>\n\t\t\t\t\t<\/div>\n\n\t\n\n\t<div id=\"col-1272002954\" class=\"col medium-4 small-12 large-4\"  data-animate=\"flipInY\">\n\t\t\t\t<div class=\"col-inner\"  >\n\t\t\t\n\t\t\t\n\n\n\t\t<div class=\"icon-box featured-box icon-box-center text-center\"  >\n\t\t\t\t\t<div class=\"icon-box-img\" style=\"width: 50px\">\n\t\t\t\t<div class=\"icon\">\n\t\t\t\t\t<div class=\"icon-inner\" >\n\t\t\t\t\t\t<img loading=\"lazy\" decoding=\"async\" width=\"120\" height=\"120\" src=\"https:\/\/treebuilders.eu\/wp-content\/uploads\/2023\/03\/wallet-line.png\" class=\"attachment-medium size-medium\" alt=\"\" srcset=\"https:\/\/treebuilders.eu\/wp-content\/uploads\/2023\/03\/wallet-line.png 120w, https:\/\/treebuilders.eu\/wp-content\/uploads\/2023\/03\/wallet-line-100x100.png 100w\" sizes=\"auto, (max-width: 120px) 100vw, 120px\" \/>\t\t\t\t\t<\/div>\n\t\t\t\t<\/div>\n\t\t\t<\/div>\n\t\t\t\t<div class=\"icon-box-text last-reset\">\n\t\t\t\t\t\t\t\t\t\n\n<h3>Forschung<\/h3>\n<p>Wir untersuchen den Einsatz verschiedener st\u00e4dtischer Baumpflanzkonzepte f\u00fcr Ihr Projekt.<\/p>\n\n\t\t<\/div>\n\t<\/div>\n\t\n\t\n\n\t\t<\/div>\n\t\t\t\t\t<\/div>\n\n\t\n\n\t<div id=\"col-1826974276\" class=\"col medium-4 small-12 large-4\"  data-animate=\"flipInY\">\n\t\t\t\t<div class=\"col-inner text-left\"  >\n\t\t\t\n\t\t\t\n\n\n\t\t<div class=\"icon-box featured-box icon-box-center text-center\"  >\n\t\t\t\t\t<div class=\"icon-box-img\" style=\"width: 50px\">\n\t\t\t\t<div class=\"icon\">\n\t\t\t\t\t<div class=\"icon-inner\" >\n\t\t\t\t\t\t<img loading=\"lazy\" decoding=\"async\" width=\"120\" height=\"120\" src=\"https:\/\/treebuilders.eu\/wp-content\/uploads\/2023\/03\/wallet-line.png\" class=\"attachment-medium size-medium\" alt=\"\" srcset=\"https:\/\/treebuilders.eu\/wp-content\/uploads\/2023\/03\/wallet-line.png 120w, https:\/\/treebuilders.eu\/wp-content\/uploads\/2023\/03\/wallet-line-100x100.png 100w\" sizes=\"auto, (max-width: 120px) 100vw, 120px\" \/>\t\t\t\t\t<\/div>\n\t\t\t\t<\/div>\n\t\t\t<\/div>\n\t\t\t\t<div class=\"icon-box-text last-reset\">\n\t\t\t\t\t\t\t\t\t\n\n<h3>Produktschulungen<\/h3>\n<p>Wir bieten Produktschulungen und\/oder Installationsschulungen zu den Themen st\u00e4dtische Baumpflanzung, Wassermanagement und Bioretention an.<\/p>\n\n\t\t<\/div>\n\t<\/div>\n\t\n\t\n\n\t\t<\/div>\n\t\t\t\t\t<\/div>\n\n\t\n\n\n<style>\n#row-1689123547 > .col > .col-inner {\n  padding: 30px 20px 30px 20px;\n  background-color: rgb(255,255,255);\n  border-radius: 10px;\n}\n@media (min-width:850px) {\n  #row-1689123547 > .col > .col-inner {\n    padding: 40px 40px 40px 40px;\n  }\n}\n<\/style>\n<\/div>\n\n\t\t<\/div>\n\n\t\t\n<style>\n#section_1995805094 {\n  padding-top: 40px;\n  padding-bottom: 40px;\n}\n#section_1995805094 .section-bg-overlay {\n  background-color: rgba(46, 63, 72, 0.593);\n}\n#section_1995805094 .section-bg img {\n  object-position: 43% 77%;\n}\n@media (min-width:550px) {\n  #section_1995805094 {\n    padding-top: 70px;\n    padding-bottom: 70px;\n  }\n}\n<\/style>\n\t<\/section>\n\t\n\n\t<section class=\"section dark\" id=\"section_540205339\">\n\t\t<div class=\"section-bg fill\" >\n\t\t\t\t\t\t\t\t\t\n\t\t\t\n\n\t\t<\/div>\n\n\t\t\n\n\t\t<div class=\"section-content relative\">\n\t\t\t\n\n\t<div id=\"gap-89561050\" class=\"gap-element clearfix\" style=\"display:block; height:auto;\">\n\t\t\n<style>\n#gap-89561050 {\n  padding-top: 30px;\n}\n<\/style>\n\t<\/div>\n\t\n\n<div class=\"row align-middle align-center\"  id=\"row-1785084258\">\n\n\n\t<div id=\"col-694882289\" class=\"col medium-4 small-9 large-4\"  data-animate=\"flipInX\">\n\t\t\t\t<div class=\"col-inner text-left\"  >\n\t\t\t\n\t\t\t\n\n\t<div id=\"text-705443964\" class=\"text\">\n\t\t\n\n<h3>Planen Sie einen unverbindlichen Workshop mit unseren Experten und erfahren Sie unseren Service selbst<\/h3>\n\t\t\n<style>\n#text-705443964 {\n  font-size: 1.55rem;\n  line-height: 1.15;\n}\n<\/style>\n\t<\/div>\n\t\n\n\t\t<\/div>\n\t\t\t\t\t<\/div>\n\n\t\n\n\t<div id=\"col-393634962\" class=\"col medium-6 small-9 large-6\"  data-animate=\"flipInX\">\n\t\t\t\t<div class=\"col-inner text-left\"  >\n\t\t\t\n\t\t\t\n\n<p>M\u00f6chten Sie B\u00e4ume in der st\u00e4dtischen Umgebung pflanzen und suchen Sie fachkundigen Rat? Sie k\u00f6nnen einen unverbindlichen Workshop mit unseren Produktberatern planen, um die M\u00f6glichkeiten zu erkunden.<\/p>\n<a href=\"https:\/\/treebuilders.eu\/de\/kontakt\/\" class=\"button alert\" style=\"border-radius:10px;\">\n\t\t<span>Workshop planen<\/span>\n\t<\/a>\n\n\n\n\t\t<\/div>\n\t\t\t\t\t<\/div>\n\n\t\n\n<\/div>\n\n\t\t<\/div>\n\n\t\t\n<style>\n#section_540205339 {\n  padding-top: 30px;\n  padding-bottom: 30px;\n  background-color: rgb(116, 151, 167);\n}\n<\/style>\n\t<\/section>\n\t\n\n","protected":false},"excerpt":{"rendered":"","protected":false},"author":1,"featured_media":0,"parent":0,"menu_order":30,"comment_status":"closed","ping_status":"closed","template":"page-blank.php","meta":{"footnotes":""},"class_list":["post-2243","page","type-page","status-publish","hentry"],"yoast_head":"<!-- This site is optimized with the Yoast SEO plugin v27.3 - https:\/\/yoast.com\/product\/yoast-seo-wordpress\/ -->\n<title>Services - TreeBuilders<\/title>\n<meta name=\"robots\" content=\"index, follow, max-snippet:-1, max-image-preview:large, max-video-preview:-1\" \/>\n<link rel=\"canonical\" href=\"https:\/\/treebuilders.eu\/de\/services\/\" \/>\n<meta property=\"og:locale\" content=\"de_DE\" \/>\n<meta property=\"og:type\" content=\"article\" \/>\n<meta property=\"og:title\" content=\"Services - TreeBuilders\" \/>\n<meta property=\"og:url\" content=\"https:\/\/treebuilders.eu\/de\/services\/\" \/>\n<meta property=\"og:site_name\" content=\"TreeBuilders\" \/>\n<meta property=\"article:publisher\" content=\"https:\/\/www.facebook.com\/profile.php?id=100089805041700\" \/>\n<meta property=\"article:modified_time\" content=\"2023-07-27T09:36:07+00:00\" \/>\n<meta name=\"twitter:card\" content=\"summary_large_image\" \/>\n<meta name=\"twitter:label1\" content=\"Gesch\u00e4tzte Lesezeit\" \/>\n\t<meta name=\"twitter:data1\" content=\"3\u00a0Minuten\" \/>\n<script type=\"application\/ld+json\" class=\"yoast-schema-graph\">{\"@context\":\"https:\\\/\\\/schema.org\",\"@graph\":[{\"@type\":\"WebPage\",\"@id\":\"https:\\\/\\\/treebuilders.eu\\\/de\\\/services\\\/\",\"url\":\"https:\\\/\\\/treebuilders.eu\\\/de\\\/services\\\/\",\"name\":\"Services - TreeBuilders\",\"isPartOf\":{\"@id\":\"https:\\\/\\\/treebuilders.eu\\\/de\\\/#website\"},\"datePublished\":\"2023-02-23T15:09:23+00:00\",\"dateModified\":\"2023-07-27T09:36:07+00:00\",\"breadcrumb\":{\"@id\":\"https:\\\/\\\/treebuilders.eu\\\/de\\\/services\\\/#breadcrumb\"},\"inLanguage\":\"de\",\"potentialAction\":[{\"@type\":\"ReadAction\",\"target\":[\"https:\\\/\\\/treebuilders.eu\\\/de\\\/services\\\/\"]}]},{\"@type\":\"BreadcrumbList\",\"@id\":\"https:\\\/\\\/treebuilders.eu\\\/de\\\/services\\\/#breadcrumb\",\"itemListElement\":[{\"@type\":\"ListItem\",\"position\":1,\"name\":\"Home\",\"item\":\"https:\\\/\\\/treebuilders.eu\\\/de\\\/\"},{\"@type\":\"ListItem\",\"position\":2,\"name\":\"Services\"}]},{\"@type\":\"WebSite\",\"@id\":\"https:\\\/\\\/treebuilders.eu\\\/de\\\/#website\",\"url\":\"https:\\\/\\\/treebuilders.eu\\\/de\\\/\",\"name\":\"TreeBuilders\",\"description\":\"Creating cities to live in.\",\"publisher\":{\"@id\":\"https:\\\/\\\/treebuilders.eu\\\/de\\\/#organization\"},\"potentialAction\":[{\"@type\":\"SearchAction\",\"target\":{\"@type\":\"EntryPoint\",\"urlTemplate\":\"https:\\\/\\\/treebuilders.eu\\\/de\\\/?s={search_term_string}\"},\"query-input\":{\"@type\":\"PropertyValueSpecification\",\"valueRequired\":true,\"valueName\":\"search_term_string\"}}],\"inLanguage\":\"de\"},{\"@type\":\"Organization\",\"@id\":\"https:\\\/\\\/treebuilders.eu\\\/de\\\/#organization\",\"name\":\"TreeBuilders\",\"url\":\"https:\\\/\\\/treebuilders.eu\\\/de\\\/\",\"logo\":{\"@type\":\"ImageObject\",\"inLanguage\":\"de\",\"@id\":\"https:\\\/\\\/treebuilders.eu\\\/de\\\/#\\\/schema\\\/logo\\\/image\\\/\",\"url\":\"https:\\\/\\\/treebuilders.eu\\\/wp-content\\\/uploads\\\/2023\\\/07\\\/TreeBuilders-logo.png\",\"contentUrl\":\"https:\\\/\\\/treebuilders.eu\\\/wp-content\\\/uploads\\\/2023\\\/07\\\/TreeBuilders-logo.png\",\"width\":984,\"height\":1075,\"caption\":\"TreeBuilders\"},\"image\":{\"@id\":\"https:\\\/\\\/treebuilders.eu\\\/de\\\/#\\\/schema\\\/logo\\\/image\\\/\"},\"sameAs\":[\"https:\\\/\\\/www.facebook.com\\\/profile.php?id=100089805041700\",\"https:\\\/\\\/www.linkedin.com\\\/company\\\/treebuilders\\\/\",\"https:\\\/\\\/www.instagram.com\\\/treebuilders.eu\\\/\",\"https:\\\/\\\/www.youtube.com\\\/channel\\\/UCklfVVzLZ53h-J5yrofPQ2g?app=desktop\"]}]}<\/script>\n<!-- \/ Yoast SEO plugin. -->","yoast_head_json":{"title":"Services - TreeBuilders","robots":{"index":"index","follow":"follow","max-snippet":"max-snippet:-1","max-image-preview":"max-image-preview:large","max-video-preview":"max-video-preview:-1"},"canonical":"https:\/\/treebuilders.eu\/de\/services\/","og_locale":"de_DE","og_type":"article","og_title":"Services - TreeBuilders","og_url":"https:\/\/treebuilders.eu\/de\/services\/","og_site_name":"TreeBuilders","article_publisher":"https:\/\/www.facebook.com\/profile.php?id=100089805041700","article_modified_time":"2023-07-27T09:36:07+00:00","twitter_card":"summary_large_image","twitter_misc":{"Gesch\u00e4tzte Lesezeit":"3\u00a0Minuten"},"schema":{"@context":"https:\/\/schema.org","@graph":[{"@type":"WebPage","@id":"https:\/\/treebuilders.eu\/de\/services\/","url":"https:\/\/treebuilders.eu\/de\/services\/","name":"Services - TreeBuilders","isPartOf":{"@id":"https:\/\/treebuilders.eu\/de\/#website"},"datePublished":"2023-02-23T15:09:23+00:00","dateModified":"2023-07-27T09:36:07+00:00","breadcrumb":{"@id":"https:\/\/treebuilders.eu\/de\/services\/#breadcrumb"},"inLanguage":"de","potentialAction":[{"@type":"ReadAction","target":["https:\/\/treebuilders.eu\/de\/services\/"]}]},{"@type":"BreadcrumbList","@id":"https:\/\/treebuilders.eu\/de\/services\/#breadcrumb","itemListElement":[{"@type":"ListItem","position":1,"name":"Home","item":"https:\/\/treebuilders.eu\/de\/"},{"@type":"ListItem","position":2,"name":"Services"}]},{"@type":"WebSite","@id":"https:\/\/treebuilders.eu\/de\/#website","url":"https:\/\/treebuilders.eu\/de\/","name":"TreeBuilders","description":"Creating cities to live in.","publisher":{"@id":"https:\/\/treebuilders.eu\/de\/#organization"},"potentialAction":[{"@type":"SearchAction","target":{"@type":"EntryPoint","urlTemplate":"https:\/\/treebuilders.eu\/de\/?s={search_term_string}"},"query-input":{"@type":"PropertyValueSpecification","valueRequired":true,"valueName":"search_term_string"}}],"inLanguage":"de"},{"@type":"Organization","@id":"https:\/\/treebuilders.eu\/de\/#organization","name":"TreeBuilders","url":"https:\/\/treebuilders.eu\/de\/","logo":{"@type":"ImageObject","inLanguage":"de","@id":"https:\/\/treebuilders.eu\/de\/#\/schema\/logo\/image\/","url":"https:\/\/treebuilders.eu\/wp-content\/uploads\/2023\/07\/TreeBuilders-logo.png","contentUrl":"https:\/\/treebuilders.eu\/wp-content\/uploads\/2023\/07\/TreeBuilders-logo.png","width":984,"height":1075,"caption":"TreeBuilders"},"image":{"@id":"https:\/\/treebuilders.eu\/de\/#\/schema\/logo\/image\/"},"sameAs":["https:\/\/www.facebook.com\/profile.php?id=100089805041700","https:\/\/www.linkedin.com\/company\/treebuilders\/","https:\/\/www.instagram.com\/treebuilders.eu\/","https:\/\/www.youtube.com\/channel\/UCklfVVzLZ53h-J5yrofPQ2g?app=desktop"]}]}},"_links":{"self":[{"href":"https:\/\/treebuilders.eu\/de\/wp-json\/wp\/v2\/pages\/2243","targetHints":{"allow":["GET"]}}],"collection":[{"href":"https:\/\/treebuilders.eu\/de\/wp-json\/wp\/v2\/pages"}],"about":[{"href":"https:\/\/treebuilders.eu\/de\/wp-json\/wp\/v2\/types\/page"}],"author":[{"embeddable":true,"href":"https:\/\/treebuilders.eu\/de\/wp-json\/wp\/v2\/users\/1"}],"replies":[{"embeddable":true,"href":"https:\/\/treebuilders.eu\/de\/wp-json\/wp\/v2\/comments?post=2243"}],"version-history":[{"count":7,"href":"https:\/\/treebuilders.eu\/de\/wp-json\/wp\/v2\/pages\/2243\/revisions"}],"predecessor-version":[{"id":3296,"href":"https:\/\/treebuilders.eu\/de\/wp-json\/wp\/v2\/pages\/2243\/revisions\/3296"}],"wp:attachment":[{"href":"https:\/\/treebuilders.eu\/de\/wp-json\/wp\/v2\/media?parent=2243"}],"curies":[{"name":"wp","href":"https:\/\/api.w.org\/{rel}","templated":true}]}}