{"id":4126,"date":"2024-07-30T07:02:38","date_gmt":"2024-07-30T07:02:38","guid":{"rendered":"https:\/\/treebuilders.eu\/treeparker-animation\/"},"modified":"2024-12-20T07:47:12","modified_gmt":"2024-12-20T07:47:12","slug":"treeparker-animation","status":"publish","type":"page","link":"https:\/\/treebuilders.eu\/de\/treeparker-animation\/","title":{"rendered":"TreeParker Animation"},"content":{"rendered":"\n\n  <div class=\"banner has-hover\" id=\"banner-1234927461\">\n          <div class=\"banner-inner fill\">\n        <div class=\"banner-bg fill\" >\n            <img loading=\"lazy\" decoding=\"async\" width=\"1536\" height=\"863\" src=\"https:\/\/treebuilders.eu\/wp-content\/uploads\/2024\/07\/TreeParker-system-cross-section_LR-1-1536x863.jpg\" class=\"bg attachment-1536x1536 size-1536x1536\" alt=\"TreeParker system cross-section\" \/>                                    \n                    <\/div>\n\t\t\n        <div class=\"banner-layers container\">\n            <div class=\"fill banner-link\"><\/div>            \n\n\n        <\/div>\n      <\/div>\n\n            \n<style>\n#banner-1234927461 {\n  padding-top: 320px;\n}\n#banner-1234927461 .banner-bg img {\n  object-position: 55% 61%;\n}\n<\/style>\n  <\/div>\n\n\n<div class=\"row\"  id=\"row-1404190946\">\n\n\n\t<div id=\"col-854542897\" class=\"col small-12 large-12\"  >\n\t\t\t\t<div class=\"col-inner\"  >\n\t\t\t\n\t\t\t\n\n<div class=\"is-divider divider clearfix\" style=\"background-color:rgba(255, 255, 255, 0);\"><\/div>\n\n\t<div id=\"text-4186900041\" class=\"text\">\n\t\t\n\n<h1>TreeParker\u00ae Animation Video<\/h1>\n\t\t\n<style>\n#text-4186900041 {\n  font-size: 1.5rem;\n}\n<\/style>\n\t<\/div>\n\t\n<p>Sehen Sie sich hier das TreeParker\u00ae-Animationsvideo an und entdecken Sie, wie das System Stadtb\u00e4umen die Chance gibt, gesund alt zu werden.<\/p>\n<div class=\"video video-fit mb\" style=\"padding-top:56.25%;\"><iframe loading=\"lazy\" title=\"TreeParker\u00ae - The Urban Tree Planting System\" width=\"1020\" height=\"574\" src=\"https:\/\/www.youtube.com\/embed\/vpIHN7PjX50?feature=oembed\" frameborder=\"0\" allow=\"accelerometer; autoplay; clipboard-write; encrypted-media; gyroscope; picture-in-picture; web-share\" referrerpolicy=\"strict-origin-when-cross-origin\" allowfullscreen><\/iframe><\/div>\n\n<p>Wenn das Video nicht funktioniert, klicken Sie auf die Schaltfl\u00e4che unten:<\/p>\n<a href=\"https:\/\/youtu.be\/vpIHN7PjX50\" target=\"_blank\" class=\"button alert\" rel=\"noopener\" style=\"border-radius:99px;\">\n\t\t<span>Animationsvideo<\/span>\n\t<\/a>\n\n\n\n\t\t<\/div>\n\t\t\t\t\t<\/div>\n\n\t\n\n<\/div>\n<div class=\"is-divider divider clearfix\" style=\"background-color:rgba(255, 255, 255, 0);\"><\/div>\n\n\n\t<section class=\"section\" id=\"section_658718081\">\n\t\t<div class=\"section-bg fill\" >\n\t\t\t\t\t\t\t\t\t\n\t\t\t\n\n\t\t<\/div>\n\n\t\t\n\n\t\t<div class=\"section-content relative\">\n\t\t\t\n\n<div class=\"row\"  id=\"row-545645137\">\n\n\n\t<div id=\"col-1310641439\" class=\"col small-12 large-12\"  >\n\t\t\t\t<div class=\"col-inner\"  >\n\t\t\t\n\t\t\t\n\n<div class=\"is-divider divider clearfix\" style=\"background-color:rgba(255, 255, 255, 0);\"><\/div>\n\n\t<div id=\"text-98736373\" class=\"text\">\n\t\t\n\n<h1><span style=\"color: #ffffff;\">TreeParker\u00ae Produktion Video<\/span><\/h1>\n\t\t\n<style>\n#text-98736373 {\n  font-size: 1.5rem;\n}\n<\/style>\n\t<\/div>\n\t\n<p><span style=\"color: #ffffff;\">Entdecken Sie auch, wie Restabf\u00e4lle aus der Windelproduktion in unserem zirkul\u00e4ren Herstellungsprozess in das TreeParker\u00ae System umgewandelt werden:<\/span><\/p>\n<div class=\"video video-fit mb\" style=\"padding-top:56.25%;\"><p><iframe loading=\"lazy\" title=\"TreeParker\u00ae - Made from recycled nappies\" width=\"1020\" height=\"574\" src=\"https:\/\/www.youtube.com\/embed\/ugnLIGic3wE?feature=oembed\" frameborder=\"0\" allow=\"accelerometer; autoplay; clipboard-write; encrypted-media; gyroscope; picture-in-picture; web-share\" referrerpolicy=\"strict-origin-when-cross-origin\" allowfullscreen><\/iframe><\/p>\n<\/div>\n\n<p><span style=\"color: #ffffff;\">Wenn das Video nicht funktioniert, klicken Sie auf die Schaltfl\u00e4che unten:<\/span><\/p>\n<a href=\"https:\/\/youtu.be\/ugnLIGic3wE\" target=\"_blank\" class=\"button alert\" rel=\"noopener\" style=\"border-radius:99px;\">\n\t\t<span>Produktionsvideo<\/span>\n\t<\/a>\n\n\n\n\t\t<\/div>\n\t\t\t\t\t<\/div>\n\n\t\n\n<\/div>\n\n\t\t<\/div>\n\n\t\t\n<style>\n#section_658718081 {\n  padding-top: 30px;\n  padding-bottom: 30px;\n  background-color: #2e3f48;\n}\n<\/style>\n\t<\/section>\n\t\n\n\t<section class=\"section info-card-1\" id=\"section_1199728394\">\n\t\t<div class=\"section-bg fill\" >\n\t\t\t\t\t\t\t\t\t\n\t\t\t\n\n\t\t<\/div>\n\n\t\t\n\n\t\t<div class=\"section-content relative\">\n\t\t\t\n\n<div class=\"row\"  id=\"row-1594919656\">\n\n\n\t<div id=\"col-1045299488\" class=\"col small-12 large-12\"  >\n\t\t\t\t<div class=\"col-inner text-center\"  >\n\t\t\t\n\t\t\t\n\n<h1><span style=\"font-size: 160%;\" data-text-color=\"alert\">TreeBuilders<\/span><\/h1>\n<h1>Gr\u00fcn, Blau und Grau kombinieren<\/h1>\n\n\t\t<\/div>\n\t\t\t\t\n<style>\n#col-1045299488 > .col-inner {\n  padding: 20px 0px 0px 0px;\n}\n<\/style>\n\t<\/div>\n\n\t\n\n<\/div>\n<div class=\"row row-small align-equal\"  id=\"row-287017808\">\n\n\n\t<div id=\"col-738169655\" class=\"col medium-6 small-12 large-6\"  >\n\t\t\t\t<div class=\"col-inner\"  >\n\t\t\t\n\t\t\t\n\n\t<div class=\"box has-hover   has-hover box-push box-text-bottom\" >\n\n\t\t<div class=\"box-image\" >\n\t\t\t<a href=\"#\" >\t\t\t<div class=\"image-zoom image-cover\" style=\"padding-top:70%;\">\n\t\t\t\t<img loading=\"lazy\" decoding=\"async\" width=\"2560\" height=\"1597\" src=\"https:\/\/treebuilders.eu\/wp-content\/uploads\/2023\/02\/Coolsingel-Rotterdam-26-06-2022-102-scaled.jpg\" class=\"attachment- size-\" alt=\"\" srcset=\"https:\/\/treebuilders.eu\/wp-content\/uploads\/2023\/02\/Coolsingel-Rotterdam-26-06-2022-102-scaled.jpg 2560w, https:\/\/treebuilders.eu\/wp-content\/uploads\/2023\/02\/Coolsingel-Rotterdam-26-06-2022-102-641x400.jpg 641w, https:\/\/treebuilders.eu\/wp-content\/uploads\/2023\/02\/Coolsingel-Rotterdam-26-06-2022-102-1282x800.jpg 1282w, https:\/\/treebuilders.eu\/wp-content\/uploads\/2023\/02\/Coolsingel-Rotterdam-26-06-2022-102-768x479.jpg 768w, https:\/\/treebuilders.eu\/wp-content\/uploads\/2023\/02\/Coolsingel-Rotterdam-26-06-2022-102-1536x958.jpg 1536w, https:\/\/treebuilders.eu\/wp-content\/uploads\/2023\/02\/Coolsingel-Rotterdam-26-06-2022-102-2048x1278.jpg 2048w, https:\/\/treebuilders.eu\/wp-content\/uploads\/2023\/02\/Coolsingel-Rotterdam-26-06-2022-102-600x374.jpg 600w\" sizes=\"auto, (max-width: 2560px) 100vw, 2560px\" \/>\t\t\t\t\t\t\t\t\t\t\t<\/div>\n\t\t\t<\/a>\t\t<\/div>\n\n\t\t<div class=\"box-text text-center\" style=\"background-color:rgb(255, 255, 255);padding:20px 5% 20px 5%;\">\n\t\t\t<div class=\"box-text-inner\">\n\t\t\t\t\n\n<h1>St\u00e4dtische B\u00e4ume pflanzen<\/h1>\n<p>Effektive st\u00e4dtische Baumpflanzungssysteme befassen sich mit allen Problemen der Baumpflanzung in der st\u00e4dtischen Umwelt. Die richtige Kapazit\u00e4t f\u00fcr Wurzelwachstum, Regenwasserbewirtschaftung und die Bew\u00e4ltigung schwerer Verkehrslasten bei gleichzeitiger Integration bestehender und neuer Infrastrukturen.<\/p>\n<a class=\"button alert\" style=\"border-radius:10px;\">\n\t\t<span>MEHR INFO<\/span>\n\t<\/a>\n\n\n\n\t\t\t<\/div>\n\t\t<\/div>\n\t<\/div>\n\t\n\n\t\t<\/div>\n\t\t\t\t\t<\/div>\n\n\t\n\n\t<div id=\"col-669882361\" class=\"col medium-6 small-12 large-6\"  >\n\t\t\t\t<div class=\"col-inner\"  >\n\t\t\t\n\t\t\t\n\n\t<div class=\"box has-hover   has-hover box-push box-text-bottom\" >\n\n\t\t<div class=\"box-image\" >\n\t\t\t<a href=\"#\" >\t\t\t<div class=\"image-zoom image-cover\" style=\"padding-top:70%;\">\n\t\t\t\t<img loading=\"lazy\" decoding=\"async\" width=\"2560\" height=\"1702\" src=\"https:\/\/treebuilders.eu\/wp-content\/uploads\/2023\/02\/Water-management-cities-TreeBuilders-scaled.jpg\" class=\"attachment- size-\" alt=\"Water management cities - TreeBuilders\" srcset=\"https:\/\/treebuilders.eu\/wp-content\/uploads\/2023\/02\/Water-management-cities-TreeBuilders-scaled.jpg 2560w, https:\/\/treebuilders.eu\/wp-content\/uploads\/2023\/02\/Water-management-cities-TreeBuilders-602x400.jpg 602w, https:\/\/treebuilders.eu\/wp-content\/uploads\/2023\/02\/Water-management-cities-TreeBuilders-1203x800.jpg 1203w, https:\/\/treebuilders.eu\/wp-content\/uploads\/2023\/02\/Water-management-cities-TreeBuilders-768x511.jpg 768w, https:\/\/treebuilders.eu\/wp-content\/uploads\/2023\/02\/Water-management-cities-TreeBuilders-1536x1021.jpg 1536w, https:\/\/treebuilders.eu\/wp-content\/uploads\/2023\/02\/Water-management-cities-TreeBuilders-2048x1362.jpg 2048w, https:\/\/treebuilders.eu\/wp-content\/uploads\/2023\/02\/Water-management-cities-TreeBuilders-600x399.jpg 600w\" sizes=\"auto, (max-width: 2560px) 100vw, 2560px\" \/>\t\t\t\t\t\t\t\t\t\t\t<\/div>\n\t\t\t<\/a>\t\t<\/div>\n\n\t\t<div class=\"box-text text-center\" style=\"background-color:rgb(255, 255, 255);padding:20px 5% 20px 5%;\">\n\t\t\t<div class=\"box-text-inner\">\n\t\t\t\t\n\n<h1>Regenwassermanagement<\/h1>\n<p>Wasser ist unsere wertvollste Ressource und muss als solche behandelt werden. Deshalb ist das Regenwassermanagement so wichtig. Der Mangel an (S\u00fc\u00df-) Wasser ist eine unserer gr\u00f6\u00dften st\u00e4dtischen Herausforderungen. Wir erm\u00f6glichen zirkul\u00e4re, naturnahe Vor-Ort-L\u00f6sungen f\u00fcr eine nachhaltige st\u00e4dtische Wasserwirtschaft.<\/p>\n<a class=\"button alert\" style=\"border-radius:10px;\">\n\t\t<span>MEHR INFO<\/span>\n\t<\/a>\n\n\n\n\t\t\t<\/div>\n\t\t<\/div>\n\t<\/div>\n\t\n\n\t\t<\/div>\n\t\t\t\t\t<\/div>\n\n\t\n\n\n<style>\n#row-287017808 > .col > .col-inner {\n  background-color: rgb(255,255,255);\n}\n<\/style>\n<\/div>\n\n\t\t<\/div>\n\n\t\t\n<style>\n#section_1199728394 {\n  padding-top: 50px;\n  padding-bottom: 50px;\n  background-color: rgb(244, 244, 244);\n}\n<\/style>\n\t<\/section>\n\t\n\n","protected":false},"excerpt":{"rendered":"","protected":false},"author":1,"featured_media":4121,"parent":0,"menu_order":0,"comment_status":"closed","ping_status":"closed","template":"page-blank.php","meta":{"footnotes":""},"class_list":["post-4126","page","type-page","status-publish","has-post-thumbnail","hentry"],"yoast_head":"<!-- This site is optimized with the Yoast SEO plugin v27.3 - https:\/\/yoast.com\/product\/yoast-seo-wordpress\/ -->\n<title>TreeParker Animation - TreeBuilders<\/title>\n<meta name=\"description\" content=\"Das TreeParker\u00ae System gibt Stadtb\u00e4umen die Chance, gesund alt zu werden. Entdecken Sie mehr: Sehen Sie sich hier das TreeParker\u00ae-Animationsvideo an.\" \/>\n<meta name=\"robots\" content=\"index, follow, max-snippet:-1, max-image-preview:large, max-video-preview:-1\" \/>\n<link rel=\"canonical\" href=\"https:\/\/treebuilders.eu\/de\/treeparker-animation\/\" \/>\n<meta property=\"og:locale\" content=\"de_DE\" \/>\n<meta property=\"og:type\" content=\"article\" \/>\n<meta property=\"og:title\" content=\"TreeParker Animation - TreeBuilders\" \/>\n<meta property=\"og:description\" content=\"Das TreeParker\u00ae System gibt Stadtb\u00e4umen die Chance, gesund alt zu werden. Entdecken Sie mehr: Sehen Sie sich hier das TreeParker\u00ae-Animationsvideo an.\" \/>\n<meta property=\"og:url\" content=\"https:\/\/treebuilders.eu\/de\/treeparker-animation\/\" \/>\n<meta property=\"og:site_name\" content=\"TreeBuilders\" \/>\n<meta property=\"article:publisher\" content=\"https:\/\/www.facebook.com\/profile.php?id=100089805041700\" \/>\n<meta property=\"article:modified_time\" content=\"2024-12-20T07:47:12+00:00\" \/>\n<meta property=\"og:image\" content=\"https:\/\/treebuilders.eu\/wp-content\/uploads\/2024\/07\/TreeParker-system-cross-section_LR-1-scaled.jpg\" \/>\n\t<meta property=\"og:image:width\" content=\"2560\" \/>\n\t<meta property=\"og:image:height\" content=\"1438\" \/>\n\t<meta property=\"og:image:type\" content=\"image\/jpeg\" \/>\n<meta name=\"twitter:card\" content=\"summary_large_image\" \/>\n<meta name=\"twitter:label1\" content=\"Gesch\u00e4tzte Lesezeit\" \/>\n\t<meta name=\"twitter:data1\" content=\"2\u00a0Minuten\" \/>\n<script type=\"application\/ld+json\" class=\"yoast-schema-graph\">{\"@context\":\"https:\\\/\\\/schema.org\",\"@graph\":[{\"@type\":\"WebPage\",\"@id\":\"https:\\\/\\\/treebuilders.eu\\\/de\\\/treeparker-animation\\\/\",\"url\":\"https:\\\/\\\/treebuilders.eu\\\/de\\\/treeparker-animation\\\/\",\"name\":\"TreeParker Animation - TreeBuilders\",\"isPartOf\":{\"@id\":\"https:\\\/\\\/treebuilders.eu\\\/de\\\/#website\"},\"primaryImageOfPage\":{\"@id\":\"https:\\\/\\\/treebuilders.eu\\\/de\\\/treeparker-animation\\\/#primaryimage\"},\"image\":{\"@id\":\"https:\\\/\\\/treebuilders.eu\\\/de\\\/treeparker-animation\\\/#primaryimage\"},\"thumbnailUrl\":\"https:\\\/\\\/treebuilders.eu\\\/wp-content\\\/uploads\\\/2024\\\/07\\\/TreeParker-system-cross-section_LR-1-scaled.jpg\",\"datePublished\":\"2024-07-30T07:02:38+00:00\",\"dateModified\":\"2024-12-20T07:47:12+00:00\",\"description\":\"Das TreeParker\u00ae System gibt Stadtb\u00e4umen die Chance, gesund alt zu werden. Entdecken Sie mehr: Sehen Sie sich hier das TreeParker\u00ae-Animationsvideo an.\",\"breadcrumb\":{\"@id\":\"https:\\\/\\\/treebuilders.eu\\\/de\\\/treeparker-animation\\\/#breadcrumb\"},\"inLanguage\":\"de\",\"potentialAction\":[{\"@type\":\"ReadAction\",\"target\":[\"https:\\\/\\\/treebuilders.eu\\\/de\\\/treeparker-animation\\\/\"]}]},{\"@type\":\"ImageObject\",\"inLanguage\":\"de\",\"@id\":\"https:\\\/\\\/treebuilders.eu\\\/de\\\/treeparker-animation\\\/#primaryimage\",\"url\":\"https:\\\/\\\/treebuilders.eu\\\/wp-content\\\/uploads\\\/2024\\\/07\\\/TreeParker-system-cross-section_LR-1-scaled.jpg\",\"contentUrl\":\"https:\\\/\\\/treebuilders.eu\\\/wp-content\\\/uploads\\\/2024\\\/07\\\/TreeParker-system-cross-section_LR-1-scaled.jpg\",\"width\":2560,\"height\":1438,\"caption\":\"TreeParker system cross-section\"},{\"@type\":\"BreadcrumbList\",\"@id\":\"https:\\\/\\\/treebuilders.eu\\\/de\\\/treeparker-animation\\\/#breadcrumb\",\"itemListElement\":[{\"@type\":\"ListItem\",\"position\":1,\"name\":\"Home\",\"item\":\"https:\\\/\\\/treebuilders.eu\\\/de\\\/\"},{\"@type\":\"ListItem\",\"position\":2,\"name\":\"TreeParker Animation\"}]},{\"@type\":\"WebSite\",\"@id\":\"https:\\\/\\\/treebuilders.eu\\\/de\\\/#website\",\"url\":\"https:\\\/\\\/treebuilders.eu\\\/de\\\/\",\"name\":\"TreeBuilders\",\"description\":\"Creating cities to live in.\",\"publisher\":{\"@id\":\"https:\\\/\\\/treebuilders.eu\\\/de\\\/#organization\"},\"potentialAction\":[{\"@type\":\"SearchAction\",\"target\":{\"@type\":\"EntryPoint\",\"urlTemplate\":\"https:\\\/\\\/treebuilders.eu\\\/de\\\/?s={search_term_string}\"},\"query-input\":{\"@type\":\"PropertyValueSpecification\",\"valueRequired\":true,\"valueName\":\"search_term_string\"}}],\"inLanguage\":\"de\"},{\"@type\":\"Organization\",\"@id\":\"https:\\\/\\\/treebuilders.eu\\\/de\\\/#organization\",\"name\":\"TreeBuilders\",\"url\":\"https:\\\/\\\/treebuilders.eu\\\/de\\\/\",\"logo\":{\"@type\":\"ImageObject\",\"inLanguage\":\"de\",\"@id\":\"https:\\\/\\\/treebuilders.eu\\\/de\\\/#\\\/schema\\\/logo\\\/image\\\/\",\"url\":\"https:\\\/\\\/treebuilders.eu\\\/wp-content\\\/uploads\\\/2023\\\/07\\\/TreeBuilders-logo.png\",\"contentUrl\":\"https:\\\/\\\/treebuilders.eu\\\/wp-content\\\/uploads\\\/2023\\\/07\\\/TreeBuilders-logo.png\",\"width\":984,\"height\":1075,\"caption\":\"TreeBuilders\"},\"image\":{\"@id\":\"https:\\\/\\\/treebuilders.eu\\\/de\\\/#\\\/schema\\\/logo\\\/image\\\/\"},\"sameAs\":[\"https:\\\/\\\/www.facebook.com\\\/profile.php?id=100089805041700\",\"https:\\\/\\\/www.linkedin.com\\\/company\\\/treebuilders\\\/\",\"https:\\\/\\\/www.instagram.com\\\/treebuilders.eu\\\/\",\"https:\\\/\\\/www.youtube.com\\\/channel\\\/UCklfVVzLZ53h-J5yrofPQ2g?app=desktop\"]}]}<\/script>\n<!-- \/ Yoast SEO plugin. -->","yoast_head_json":{"title":"TreeParker Animation - TreeBuilders","description":"Das TreeParker\u00ae System gibt Stadtb\u00e4umen die Chance, gesund alt zu werden. Entdecken Sie mehr: Sehen Sie sich hier das TreeParker\u00ae-Animationsvideo an.","robots":{"index":"index","follow":"follow","max-snippet":"max-snippet:-1","max-image-preview":"max-image-preview:large","max-video-preview":"max-video-preview:-1"},"canonical":"https:\/\/treebuilders.eu\/de\/treeparker-animation\/","og_locale":"de_DE","og_type":"article","og_title":"TreeParker Animation - TreeBuilders","og_description":"Das TreeParker\u00ae System gibt Stadtb\u00e4umen die Chance, gesund alt zu werden. Entdecken Sie mehr: Sehen Sie sich hier das TreeParker\u00ae-Animationsvideo an.","og_url":"https:\/\/treebuilders.eu\/de\/treeparker-animation\/","og_site_name":"TreeBuilders","article_publisher":"https:\/\/www.facebook.com\/profile.php?id=100089805041700","article_modified_time":"2024-12-20T07:47:12+00:00","og_image":[{"width":2560,"height":1438,"url":"https:\/\/treebuilders.eu\/wp-content\/uploads\/2024\/07\/TreeParker-system-cross-section_LR-1-scaled.jpg","type":"image\/jpeg"}],"twitter_card":"summary_large_image","twitter_misc":{"Gesch\u00e4tzte Lesezeit":"2\u00a0Minuten"},"schema":{"@context":"https:\/\/schema.org","@graph":[{"@type":"WebPage","@id":"https:\/\/treebuilders.eu\/de\/treeparker-animation\/","url":"https:\/\/treebuilders.eu\/de\/treeparker-animation\/","name":"TreeParker Animation - TreeBuilders","isPartOf":{"@id":"https:\/\/treebuilders.eu\/de\/#website"},"primaryImageOfPage":{"@id":"https:\/\/treebuilders.eu\/de\/treeparker-animation\/#primaryimage"},"image":{"@id":"https:\/\/treebuilders.eu\/de\/treeparker-animation\/#primaryimage"},"thumbnailUrl":"https:\/\/treebuilders.eu\/wp-content\/uploads\/2024\/07\/TreeParker-system-cross-section_LR-1-scaled.jpg","datePublished":"2024-07-30T07:02:38+00:00","dateModified":"2024-12-20T07:47:12+00:00","description":"Das TreeParker\u00ae System gibt Stadtb\u00e4umen die Chance, gesund alt zu werden. Entdecken Sie mehr: Sehen Sie sich hier das TreeParker\u00ae-Animationsvideo an.","breadcrumb":{"@id":"https:\/\/treebuilders.eu\/de\/treeparker-animation\/#breadcrumb"},"inLanguage":"de","potentialAction":[{"@type":"ReadAction","target":["https:\/\/treebuilders.eu\/de\/treeparker-animation\/"]}]},{"@type":"ImageObject","inLanguage":"de","@id":"https:\/\/treebuilders.eu\/de\/treeparker-animation\/#primaryimage","url":"https:\/\/treebuilders.eu\/wp-content\/uploads\/2024\/07\/TreeParker-system-cross-section_LR-1-scaled.jpg","contentUrl":"https:\/\/treebuilders.eu\/wp-content\/uploads\/2024\/07\/TreeParker-system-cross-section_LR-1-scaled.jpg","width":2560,"height":1438,"caption":"TreeParker system cross-section"},{"@type":"BreadcrumbList","@id":"https:\/\/treebuilders.eu\/de\/treeparker-animation\/#breadcrumb","itemListElement":[{"@type":"ListItem","position":1,"name":"Home","item":"https:\/\/treebuilders.eu\/de\/"},{"@type":"ListItem","position":2,"name":"TreeParker Animation"}]},{"@type":"WebSite","@id":"https:\/\/treebuilders.eu\/de\/#website","url":"https:\/\/treebuilders.eu\/de\/","name":"TreeBuilders","description":"Creating cities to live in.","publisher":{"@id":"https:\/\/treebuilders.eu\/de\/#organization"},"potentialAction":[{"@type":"SearchAction","target":{"@type":"EntryPoint","urlTemplate":"https:\/\/treebuilders.eu\/de\/?s={search_term_string}"},"query-input":{"@type":"PropertyValueSpecification","valueRequired":true,"valueName":"search_term_string"}}],"inLanguage":"de"},{"@type":"Organization","@id":"https:\/\/treebuilders.eu\/de\/#organization","name":"TreeBuilders","url":"https:\/\/treebuilders.eu\/de\/","logo":{"@type":"ImageObject","inLanguage":"de","@id":"https:\/\/treebuilders.eu\/de\/#\/schema\/logo\/image\/","url":"https:\/\/treebuilders.eu\/wp-content\/uploads\/2023\/07\/TreeBuilders-logo.png","contentUrl":"https:\/\/treebuilders.eu\/wp-content\/uploads\/2023\/07\/TreeBuilders-logo.png","width":984,"height":1075,"caption":"TreeBuilders"},"image":{"@id":"https:\/\/treebuilders.eu\/de\/#\/schema\/logo\/image\/"},"sameAs":["https:\/\/www.facebook.com\/profile.php?id=100089805041700","https:\/\/www.linkedin.com\/company\/treebuilders\/","https:\/\/www.instagram.com\/treebuilders.eu\/","https:\/\/www.youtube.com\/channel\/UCklfVVzLZ53h-J5yrofPQ2g?app=desktop"]}]}},"_links":{"self":[{"href":"https:\/\/treebuilders.eu\/de\/wp-json\/wp\/v2\/pages\/4126","targetHints":{"allow":["GET"]}}],"collection":[{"href":"https:\/\/treebuilders.eu\/de\/wp-json\/wp\/v2\/pages"}],"about":[{"href":"https:\/\/treebuilders.eu\/de\/wp-json\/wp\/v2\/types\/page"}],"author":[{"embeddable":true,"href":"https:\/\/treebuilders.eu\/de\/wp-json\/wp\/v2\/users\/1"}],"replies":[{"embeddable":true,"href":"https:\/\/treebuilders.eu\/de\/wp-json\/wp\/v2\/comments?post=4126"}],"version-history":[{"count":2,"href":"https:\/\/treebuilders.eu\/de\/wp-json\/wp\/v2\/pages\/4126\/revisions"}],"predecessor-version":[{"id":4240,"href":"https:\/\/treebuilders.eu\/de\/wp-json\/wp\/v2\/pages\/4126\/revisions\/4240"}],"wp:featuredmedia":[{"embeddable":true,"href":"https:\/\/treebuilders.eu\/de\/wp-json\/wp\/v2\/media\/4121"}],"wp:attachment":[{"href":"https:\/\/treebuilders.eu\/de\/wp-json\/wp\/v2\/media?parent=4126"}],"curies":[{"name":"wp","href":"https:\/\/api.w.org\/{rel}","templated":true}]}}