{"id":4401,"date":"2025-11-03T12:22:39","date_gmt":"2025-11-03T12:22:39","guid":{"rendered":"https:\/\/treebuilders.eu\/loesungen\/kabeln-leitungen\/"},"modified":"2025-11-03T12:59:48","modified_gmt":"2025-11-03T12:59:48","slug":"kabeln-leitungen","status":"publish","type":"page","link":"https:\/\/treebuilders.eu\/de\/loesungen\/kabeln-leitungen\/","title":{"rendered":"Kabeln &amp; Leitungen"},"content":{"rendered":"\n\n\t<section class=\"section\" id=\"section_2087761553\">\n\t\t<div class=\"section-bg fill\" >\n\t\t\t\t\t\t\t\t\t\n\t\t\t\n\n\t\t<\/div>\n\n\t\t\n\n\t\t<div class=\"section-content relative\">\n\t\t\t\n\n<div class=\"row row-collapse row-full-width align-middle align-center\"  id=\"row-821058773\">\n\n\n\t<div id=\"col-374676782\" class=\"col medium-12 small-12 large-6 medium-col-first\"  >\n\t\t\t\t<div class=\"col-inner\"  >\n\t\t\t\n\t\t\t\n\n\n  <div class=\"banner has-hover\" id=\"banner-995821186\">\n          <div class=\"banner-inner fill\">\n        <div class=\"banner-bg fill\" >\n            <img loading=\"lazy\" decoding=\"async\" width=\"2560\" height=\"1920\" src=\"https:\/\/treebuilders.eu\/wp-content\/uploads\/2025\/11\/Kabels-en-leidingen-openbare-ruimte-scaled.jpg\" class=\"bg attachment-original size-original\" alt=\"Kabels en leidingen openbare ruimte\" \/>                                    \n                    <\/div>\n\t\t\n        <div class=\"banner-layers container\">\n            <div class=\"fill banner-link\"><\/div>            \n\n\n        <\/div>\n      <\/div>\n\n            \n<style>\n#banner-995821186 {\n  padding-top: 300px;\n  background-color: rgba(255, 255, 255, 0);\n}\n#banner-995821186 .banner-bg img {\n  object-position: 56% 40%;\n}\n@media (min-width:550px) {\n  #banner-995821186 {\n    padding-top: 400px;\n  }\n}\n@media (min-width:850px) {\n  #banner-995821186 {\n    padding-top: 550px;\n  }\n}\n<\/style>\n  <\/div>\n\n\n\n\t\t<\/div>\n\t\t\t\t\t<\/div>\n\n\t\n\n\t<div id=\"col-867476953\" class=\"col index-up medium-12 small-11 large-6\"  >\n\t\t\t\t<div class=\"col-inner\"  >\n\t\t\t\n\t\t\t\n\n\t<div id=\"gap-553565920\" class=\"gap-element clearfix\" style=\"display:block; height:auto;\">\n\t\t\n<style>\n#gap-553565920 {\n  padding-top: 30px;\n}\n<\/style>\n\t<\/div>\n\t\n\n<div class=\"row align-center\"  id=\"row-1699269375\">\n\n\n\t<div id=\"col-101922774\" class=\"col index-up medium-11 small-12 large-12\"  data-animate=\"flipInY\">\n\t\t\t\t<div class=\"col-inner text-center\" style=\"background-color:rgb(255, 255, 255);\" >\n\t\t\t\n\t\t\t\n\n\t<div id=\"text-3325374507\" class=\"text\">\n\t\t\n\n<h1>Kabeln &amp; Leitungen<\/h1>\n\t\t\n<style>\n#text-3325374507 {\n  font-size: 1.5rem;\n  text-align: left;\n}\n<\/style>\n\t<\/div>\n\t\n\t<div id=\"text-4163311226\" class=\"text\">\n\t\t\n\n<p>Baumwurzeln und unterirdische Kabel sowie Leitungen: Im \u00f6ffentlichen Raum stehen sie h\u00e4ufig in Konflikt zueinander. In vielen Gemeinden f\u00fchrt dies zu Sch\u00e4den, Reparaturkosten und Frustration. Was w\u00e4re, wenn Gr\u00fcn und Infrastruktur sich nicht gegenseitig im Weg stehen m\u00fcssten?  <\/p>\n\t\t\n<style>\n#text-4163311226 {\n  text-align: left;\n}\n<\/style>\n\t<\/div>\n\t\n\n\t\t<\/div>\n\t\t\t\t\n<style>\n#col-101922774 > .col-inner {\n  padding: 15% 10% 15% 10%;\n  margin: -100px 0px 0px 0px;\n  border-radius: 5px;\n}\n@media (min-width:550px) {\n  #col-101922774 > .col-inner {\n    padding: 6% 6% 6% 6%;\n    margin: -150px 0px 0px 0px;\n  }\n}\n@media (min-width:850px) {\n  #col-101922774 > .col-inner {\n    padding: 7% 10% 7% 10%;\n    margin: 0px 0px 0px -100px;\n  }\n}\n<\/style>\n\t<\/div>\n\n\t\n\n<\/div>\n\n\t\t<\/div>\n\t\t\t\t\n<style>\n#col-867476953 > .col-inner {\n  padding: 10px 0px 20px 0px;\n}\n@media (min-width:550px) {\n  #col-867476953 > .col-inner {\n    padding: 35px 0px 30px 0px;\n  }\n}\n@media (min-width:850px) {\n  #col-867476953 > .col-inner {\n    padding: 0 0px 0px 0px;\n  }\n}\n<\/style>\n\t<\/div>\n\n\t\n\n<\/div>\n\n\t\t<\/div>\n\n\t\t\n<style>\n#section_2087761553 {\n  padding-top: 0px;\n  padding-bottom: 0px;\n  margin-bottom: 0px;\n  background-color: rgb(116, 151, 167);\n}\n@media (min-width:550px) {\n  #section_2087761553 {\n    padding-top: 0px;\n    padding-bottom: 0px;\n  }\n}\n<\/style>\n\t<\/section>\n\t\n<div class=\"is-divider divider clearfix\" style=\"height:40px;background-color:rgba(255, 255, 255, 0);\"><\/div>\n\n<div class=\"row align-center\"  id=\"row-1671525303\">\n\n\n\t<div id=\"col-682224989\" class=\"col medium-5 small-10 large-6\"  >\n\t\t\t\t<div class=\"col-inner text-left\"  >\n\t\t\t\n\t\t\t\n\n<p><strong>Ein Wurzelraumsystem ist eine unterirdische Konstruktion, die B\u00e4umen in gepflasterten Fl\u00e4chen eine optimale Baumgrube bietet \u2014 ausgestattet mit Wachstumsraum, Bel\u00fcftung, Bew\u00e4sserung, Stabilit\u00e4t, N\u00e4hrstoffen und Wurzelf\u00fchrung. Das System tr\u00e4gt die st\u00e4rksten Verkehrs\u00adlasten und verhindert dadurch Bodenverdichtung, wodurch sich die Wurzeln innerhalb des Systems frei entwickeln k\u00f6nnen.  <\/strong><\/p>\n\t<div id=\"text-2664735865\" class=\"text\">\n\t\t\n\n<h2><strong>Wurzelraumsystem als Kabel-\/Leitungskanal<\/strong><\/h2>\n\t\t\n<style>\n#text-2664735865 {\n  font-size: 1.4rem;\n  color: rgb(180, 180, 180);\n}\n#text-2664735865 > * {\n  color: rgb(180, 180, 180);\n}\n<\/style>\n\t<\/div>\n\t\n<p>Das Wurzelraumsystem kann geschickt mit unterirdischen Versorgungs\u00adleitungen kombiniert werden. In einer \u201eGasse\u201c des Systems wird Platz geschaffen f\u00fcr die Nutzung als Kabel- und Leitungskanal. In diesem Gang werden die Kabel und Leitungen \u00fcbersichtlich und zug\u00e4nglich verlegt.   <br \/>Der Raum wird anschlie\u00dfend mit einer Sandwich\u00adkonstruktion verschlossen, deren Au\u00dfenseite mit Combigrid verst\u00e4rkt ist. Dies sorgt f\u00fcr zus\u00e4tzliche Stabilit\u00e4t und Schutz gegen Erd\u00addruck.  <\/p>\n\n\t\t<\/div>\n\t\t\t\t\t<\/div>\n\n\t\n\n\t<div id=\"col-1859243485\" class=\"col medium-5 small-10 large-6\"  >\n\t\t\t\t<div class=\"col-inner text-left\"  >\n\t\t\t\n\t\t\t\n\n\t<div id=\"text-4080762279\" class=\"text\">\n\t\t\n\n<h2>Effizienter, modularer Aufbau<\/h2>\n\t\t\n<style>\n#text-4080762279 {\n  font-size: 1.4rem;\n  color: rgb(180, 180, 180);\n}\n#text-4080762279 > * {\n  color: rgb(180, 180, 180);\n}\n<\/style>\n\t<\/div>\n\t\n<p>Der modulare Aufbau des Wurzelraumsystems erm\u00f6glicht es, die Konstruktion nachtr\u00e4glich relativ einfach zu \u00f6ffnen, etwa f\u00fcr Inspektion oder Wartung. Das macht die Arbeiten effizienter, sicherer und besser f\u00fcr den Baum, weil nicht durch das vorhandene Wurzel\u00adpaket gegraben werden muss. Zus\u00e4tzlich muss der Kabelkanal nicht mit Erde aufgef\u00fcllt werden, wodurch weniger Aushub n\u00f6tig ist und die Arbeiten schneller und mit weniger St\u00f6rung durchgef\u00fchrt werden k\u00f6nnen.  <\/p>\n<p>So dient das Wurzelraumsystem nicht nur als Baumgrube f\u00fcr B\u00e4ume, sondern auch als integrierte L\u00f6sung f\u00fcr unterirdische Infrastruktur. Eine M\u00f6glichkeit, Platz zu sparen und Wurzelkonflikte mit Kabeln und Leitungen strukturell zu vermeiden. <\/p>\n\n\t\t<\/div>\n\t\t\t\t\t<\/div>\n\n\t\n\n<\/div>\n<div class=\"row\"  id=\"row-135223007\">\n\n\n\t<div id=\"col-1874145189\" class=\"col small-12 large-12\"  >\n\t\t\t\t<div class=\"col-inner\"  >\n\t\t\t\n\t\t\t\n\n\t<div class=\"img has-hover x md-x lg-x y md-y lg-y\" id=\"image_880311640\">\n\t\t\t\t\t\t\t\t<div class=\"img-inner dark\" >\n\t\t\t<img loading=\"lazy\" decoding=\"async\" width=\"1462\" height=\"585\" src=\"https:\/\/treebuilders.eu\/wp-content\/uploads\/2025\/11\/TreeParker-soil-cell-system-cables-and-pipelines.png\" class=\"attachment-original size-original\" alt=\"TreeParker soil cell system cables and pipelines\" srcset=\"https:\/\/treebuilders.eu\/wp-content\/uploads\/2025\/11\/TreeParker-soil-cell-system-cables-and-pipelines.png 1462w, https:\/\/treebuilders.eu\/wp-content\/uploads\/2025\/11\/TreeParker-soil-cell-system-cables-and-pipelines-800x320.png 800w, https:\/\/treebuilders.eu\/wp-content\/uploads\/2025\/11\/TreeParker-soil-cell-system-cables-and-pipelines-1400x560.png 1400w, https:\/\/treebuilders.eu\/wp-content\/uploads\/2025\/11\/TreeParker-soil-cell-system-cables-and-pipelines-768x307.png 768w\" sizes=\"auto, (max-width: 1462px) 100vw, 1462px\" \/>\t\t\t\t\t\t\n\t\t\t\t\t<\/div>\n\t\t\t\t\t\t\t\t\n<style>\n#image_880311640 {\n  width: 100%;\n}\n<\/style>\n\t<\/div>\n\t\n\n\n\t\t<\/div>\n\t\t\t\t\t<\/div>\n\n\t\n\n<\/div>\n\n\t<section class=\"section info-card-1\" id=\"section_1485820028\">\n\t\t<div class=\"section-bg fill\" >\n\t\t\t\t\t\t\t\t\t\n\t\t\t\n\n\t\t<\/div>\n\n\t\t\n\n\t\t<div class=\"section-content relative\">\n\t\t\t\n\n<div class=\"row\"  id=\"row-1954661910\">\n\n\n\t<div id=\"col-2126301099\" class=\"col small-12 large-12\"  >\n\t\t\t\t<div class=\"col-inner text-center\"  >\n\t\t\t\n\t\t\t\n\n<h1>Verwandte L\u00f6sungen<\/h1>\n\n\t\t<\/div>\n\t\t\t\t\n<style>\n#col-2126301099 > .col-inner {\n  padding: 20px 0px 0px 0px;\n}\n<\/style>\n\t<\/div>\n\n\t\n\n<\/div>\n<div class=\"row row-small align-equal\"  id=\"row-1560031387\">\n\n\n\t<div id=\"col-845979475\" class=\"col medium-6 small-12 large-6\"  data-animate=\"flipInX\">\n\t\t\t\t<div class=\"col-inner\"  >\n\t\t\t\n\t\t\t\n\n\t<div class=\"box has-hover   has-hover box-push box-text-bottom\" >\n\n\t\t<div class=\"box-image\" >\n\t\t\t<a href=\"https:\/\/treebuilders.eu\/de\/produkte\/treeparker-system\/\" >\t\t\t<div class=\"image-zoom image-cover\" style=\"padding-top:70%;\">\n\t\t\t\t<img loading=\"lazy\" decoding=\"async\" width=\"900\" height=\"600\" src=\"https:\/\/treebuilders.eu\/wp-content\/uploads\/2023\/02\/20180321koekelbergbomen157klein.jpg\" class=\"attachment- size-\" alt=\"\" srcset=\"https:\/\/treebuilders.eu\/wp-content\/uploads\/2023\/02\/20180321koekelbergbomen157klein.jpg 900w, https:\/\/treebuilders.eu\/wp-content\/uploads\/2023\/02\/20180321koekelbergbomen157klein-600x400.jpg 600w, https:\/\/treebuilders.eu\/wp-content\/uploads\/2023\/02\/20180321koekelbergbomen157klein-768x512.jpg 768w\" sizes=\"auto, (max-width: 900px) 100vw, 900px\" \/>\t\t\t\t\t\t\t\t\t\t\t<\/div>\n\t\t\t<\/a>\t\t<\/div>\n\n\t\t<div class=\"box-text text-center\" style=\"background-color:rgb(255, 255, 255);padding:20px 5% 20px 5%;\">\n\t\t\t<div class=\"box-text-inner\">\n\t\t\t\t\n\n<h1>TreeParker<b>\u00ae<\/b><\/h1>\n<p>Modulares Wurzelraumsystem inklusive Regen\u00adwasser\u00admanagement. Das TreeParker\u00ae-System erm\u00f6glicht B\u00e4umen in Pflasterfl\u00e4chen ein gesundes Altwerden.  <\/p>\n<a href=\"https:\/\/treebuilders.eu\/de\/produkte\/treeparker-system\/\" class=\"button alert\" style=\"border-radius:10px;\">\n\t\t<span>Weitere Infos<\/span>\n\t<\/a>\n\n\n\n\t\t\t<\/div>\n\t\t<\/div>\n\t<\/div>\n\t\n\n\t\t<\/div>\n\t\t\t\t\t<\/div>\n\n\t\n\n\t<div id=\"col-1288798922\" class=\"col medium-6 small-12 large-6\"  data-animate=\"flipInX\">\n\t\t\t\t<div class=\"col-inner\"  >\n\t\t\t\n\t\t\t\n\n\t<div class=\"box has-hover   has-hover box-push box-text-bottom\" >\n\n\t\t<div class=\"box-image\" >\n\t\t\t<a href=\"https:\/\/treebuilders.eu\/de\/produkte\/sandwich-konstruktion\/\" >\t\t\t<div class=\"image-zoom image-cover\" style=\"padding-top:70%;\">\n\t\t\t\t<img loading=\"lazy\" decoding=\"async\" width=\"2560\" height=\"1439\" src=\"https:\/\/treebuilders.eu\/wp-content\/uploads\/2023\/02\/SandwichPanel-2.png\" class=\"attachment- size-\" alt=\"\" srcset=\"https:\/\/treebuilders.eu\/wp-content\/uploads\/2023\/02\/SandwichPanel-2.png 2560w, https:\/\/treebuilders.eu\/wp-content\/uploads\/2023\/02\/SandwichPanel-2-712x400.png 712w, https:\/\/treebuilders.eu\/wp-content\/uploads\/2023\/02\/SandwichPanel-2-1400x787.png 1400w, https:\/\/treebuilders.eu\/wp-content\/uploads\/2023\/02\/SandwichPanel-2-768x432.png 768w, https:\/\/treebuilders.eu\/wp-content\/uploads\/2023\/02\/SandwichPanel-2-1536x863.png 1536w, https:\/\/treebuilders.eu\/wp-content\/uploads\/2023\/02\/SandwichPanel-2-2048x1151.png 2048w, https:\/\/treebuilders.eu\/wp-content\/uploads\/2023\/02\/SandwichPanel-2-600x337.png 600w\" sizes=\"auto, (max-width: 2560px) 100vw, 2560px\" \/>\t\t\t\t\t\t\t\t\t\t\t<\/div>\n\t\t\t<\/a>\t\t<\/div>\n\n\t\t<div class=\"box-text text-center\" style=\"background-color:rgb(255, 255, 255);padding:20px 5% 20px 5%;\">\n\t\t\t<div class=\"box-text-inner\">\n\t\t\t\t\n\n<h1>Sandwichconstructie<\/h1>\n<p>Tragf\u00e4hig und druckverteilend, das System tr\u00e4gt die st\u00e4rksten Verkehrs\u00adlasten.<\/p>\n<a href=\"https:\/\/treebuilders.eu\/de\/produkte\/sandwich-konstruktion\/\" class=\"button alert\" style=\"border-radius:10px;\">\n\t\t<span>Weitere Infos<\/span>\n\t<\/a>\n\n\n\n\t\t\t<\/div>\n\t\t<\/div>\n\t<\/div>\n\t\n\n\t\t<\/div>\n\t\t\t\t\t<\/div>\n\n\t\n\n\n<style>\n#row-1560031387 > .col > .col-inner {\n  background-color: rgb(255,255,255);\n}\n<\/style>\n<\/div>\n\n\t\t<\/div>\n\n\t\t\n<style>\n#section_1485820028 {\n  padding-top: 50px;\n  padding-bottom: 50px;\n  background-color: rgb(244, 244, 244);\n}\n<\/style>\n\t<\/section>\n\t\n\n\t<section class=\"section dark\" id=\"section_1868050307\">\n\t\t<div class=\"section-bg fill\" >\n\t\t\t\t\t\t\t\t\t\n\t\t\t\n\n\t\t<\/div>\n\n\t\t\n\n\t\t<div class=\"section-content relative\">\n\t\t\t\n\n<div class=\"row row-small align-equal align-center\"  id=\"row-1622244207\">\n\n\n\t<div id=\"col-736518927\" class=\"col medium-10 small-9 large-5\"  >\n\t\t\t\t<div class=\"col-inner\"  >\n\t\t\t\n\t\t\t\n\n\t<div id=\"text-1475969351\" class=\"text\">\n\t\t\n\n<h3>Weitere Informationen \u00fcber unsere L\u00f6sungen f\u00fcr Kabel &amp; Leitungen?<\/h3>\n\t\t\n<style>\n#text-1475969351 {\n  font-size: 1.55rem;\n  line-height: 1.15;\n  text-align: left;\n}\n<\/style>\n\t<\/div>\n\t\n\n\t\t<\/div>\n\t\t\t\t\t<\/div>\n\n\t\n\n\t<div id=\"col-316330797\" class=\"col medium-10 small-9 large-3\"  >\n\t\t\t\t<div class=\"col-inner text-left\"  >\n\t\t\t\n\t\t\t\n\n\t<div id=\"text-3666538246\" class=\"text\">\n\t\t\n\n<p>Sehen Sie sich unsere Brosch\u00fcren, technischen Datenbl\u00e4tter und Installations\u00adanleitungen an:<\/p>\n\t\t\n<style>\n#text-3666538246 {\n  text-align: left;\n}\n<\/style>\n\t<\/div>\n\t\n<a href=\"https:\/\/treebuilders.eu\/de\/downloads\/\" class=\"button alert\" style=\"border-radius:10px;\">\n\t\t<span>DOWNLOADS ANSEHEN<\/span>\n\t<\/a>\n\n\n\n\t\t<\/div>\n\t\t\t\t\t<\/div>\n\n\t\n\n\t<div id=\"col-613122307\" class=\"col medium-10 small-9 large-4\"  >\n\t\t\t\t<div class=\"col-inner text-left\"  >\n\t\t\t\n\t\t\t\n\n\t<div id=\"text-477501921\" class=\"text\">\n\t\t\n\n<p>Oder kontaktieren Sie uns direkt:<\/p>\n<ul>\n<li class=\"bullet-checkmark\"><strong><a href=\"tel:+31413530266\" data-line-height=\"l\">+31 (0) 413 530 266<\/a><\/strong><\/li>\n<li class=\"bullet-checkmark\"><strong><a href=\"mailto:info@treebuilders.eu\" data-line-height=\"l\">info@treebuilders.eu<\/a><\/strong><\/li>\n<\/ul>\n\t\t\n<style>\n#text-477501921 {\n  text-align: left;\n}\n<\/style>\n\t<\/div>\n\t\n\n\t\t<\/div>\n\t\t\t\t\t<\/div>\n\n\t\n\n<\/div>\n\n\t\t<\/div>\n\n\t\t\n<style>\n#section_1868050307 {\n  padding-top: 45px;\n  padding-bottom: 45px;\n  background-color: rgb(116, 151, 167);\n}\n<\/style>\n\t<\/section>\n\t\n\n","protected":false},"excerpt":{"rendered":"","protected":false},"author":1,"featured_media":4389,"parent":2220,"menu_order":0,"comment_status":"closed","ping_status":"closed","template":"page-blank.php","meta":{"footnotes":""},"class_list":["post-4401","page","type-page","status-publish","has-post-thumbnail","hentry"],"yoast_head":"<!-- This site is optimized with the Yoast SEO plugin v27.3 - https:\/\/yoast.com\/product\/yoast-seo-wordpress\/ -->\n<title>Kabeln &amp; Leitungen - TreeBuilders<\/title>\n<meta name=\"description\" content=\"Baum\u00adwurzeln und unter\u00adirdische Kabel &amp; Leitungen: im \u00f6ffentlichen Raum geraten sie oft in Konflikt. Entdecken Sie das Wurzelraumsystem als Kabel- und Leitungskanal.\" \/>\n<meta name=\"robots\" content=\"index, follow, max-snippet:-1, max-image-preview:large, max-video-preview:-1\" \/>\n<link rel=\"canonical\" href=\"https:\/\/treebuilders.eu\/de\/loesungen\/kabeln-leitungen\/\" \/>\n<meta property=\"og:locale\" content=\"de_DE\" \/>\n<meta property=\"og:type\" content=\"article\" \/>\n<meta property=\"og:title\" content=\"Kabeln &amp; Leitungen - TreeBuilders\" \/>\n<meta property=\"og:description\" content=\"Baum\u00adwurzeln und unter\u00adirdische Kabel &amp; Leitungen: im \u00f6ffentlichen Raum geraten sie oft in Konflikt. Entdecken Sie das Wurzelraumsystem als Kabel- und Leitungskanal.\" \/>\n<meta property=\"og:url\" content=\"https:\/\/treebuilders.eu\/de\/loesungen\/kabeln-leitungen\/\" \/>\n<meta property=\"og:site_name\" content=\"TreeBuilders\" \/>\n<meta property=\"article:publisher\" content=\"https:\/\/www.facebook.com\/profile.php?id=100089805041700\" \/>\n<meta property=\"article:modified_time\" content=\"2025-11-03T12:59:48+00:00\" \/>\n<meta property=\"og:image\" content=\"https:\/\/treebuilders.eu\/wp-content\/uploads\/2025\/11\/Kabels-en-leidingen-openbare-ruimte-scaled.jpg\" \/>\n\t<meta property=\"og:image:width\" content=\"2560\" \/>\n\t<meta property=\"og:image:height\" content=\"1920\" \/>\n\t<meta property=\"og:image:type\" content=\"image\/jpeg\" \/>\n<meta name=\"twitter:card\" content=\"summary_large_image\" \/>\n<meta name=\"twitter:label1\" content=\"Gesch\u00e4tzte Lesezeit\" \/>\n\t<meta name=\"twitter:data1\" content=\"4\u00a0Minuten\" \/>\n<script type=\"application\/ld+json\" class=\"yoast-schema-graph\">{\"@context\":\"https:\\\/\\\/schema.org\",\"@graph\":[{\"@type\":\"WebPage\",\"@id\":\"https:\\\/\\\/treebuilders.eu\\\/de\\\/loesungen\\\/kabeln-leitungen\\\/\",\"url\":\"https:\\\/\\\/treebuilders.eu\\\/de\\\/loesungen\\\/kabeln-leitungen\\\/\",\"name\":\"Kabeln &amp; Leitungen - TreeBuilders\",\"isPartOf\":{\"@id\":\"https:\\\/\\\/treebuilders.eu\\\/de\\\/#website\"},\"primaryImageOfPage\":{\"@id\":\"https:\\\/\\\/treebuilders.eu\\\/de\\\/loesungen\\\/kabeln-leitungen\\\/#primaryimage\"},\"image\":{\"@id\":\"https:\\\/\\\/treebuilders.eu\\\/de\\\/loesungen\\\/kabeln-leitungen\\\/#primaryimage\"},\"thumbnailUrl\":\"https:\\\/\\\/treebuilders.eu\\\/wp-content\\\/uploads\\\/2025\\\/11\\\/Kabels-en-leidingen-openbare-ruimte-scaled.jpg\",\"datePublished\":\"2025-11-03T12:22:39+00:00\",\"dateModified\":\"2025-11-03T12:59:48+00:00\",\"description\":\"Baum\u00adwurzeln und unter\u00adirdische Kabel & Leitungen: im \u00f6ffentlichen Raum geraten sie oft in Konflikt. Entdecken Sie das Wurzelraumsystem als Kabel- und Leitungskanal.\",\"breadcrumb\":{\"@id\":\"https:\\\/\\\/treebuilders.eu\\\/de\\\/loesungen\\\/kabeln-leitungen\\\/#breadcrumb\"},\"inLanguage\":\"de\",\"potentialAction\":[{\"@type\":\"ReadAction\",\"target\":[\"https:\\\/\\\/treebuilders.eu\\\/de\\\/loesungen\\\/kabeln-leitungen\\\/\"]}]},{\"@type\":\"ImageObject\",\"inLanguage\":\"de\",\"@id\":\"https:\\\/\\\/treebuilders.eu\\\/de\\\/loesungen\\\/kabeln-leitungen\\\/#primaryimage\",\"url\":\"https:\\\/\\\/treebuilders.eu\\\/wp-content\\\/uploads\\\/2025\\\/11\\\/Kabels-en-leidingen-openbare-ruimte-scaled.jpg\",\"contentUrl\":\"https:\\\/\\\/treebuilders.eu\\\/wp-content\\\/uploads\\\/2025\\\/11\\\/Kabels-en-leidingen-openbare-ruimte-scaled.jpg\",\"width\":2560,\"height\":1920,\"caption\":\"Kabels en leidingen openbare ruimte\"},{\"@type\":\"BreadcrumbList\",\"@id\":\"https:\\\/\\\/treebuilders.eu\\\/de\\\/loesungen\\\/kabeln-leitungen\\\/#breadcrumb\",\"itemListElement\":[{\"@type\":\"ListItem\",\"position\":1,\"name\":\"Home\",\"item\":\"https:\\\/\\\/treebuilders.eu\\\/de\\\/\"},{\"@type\":\"ListItem\",\"position\":2,\"name\":\"L\u00f6sungen\",\"item\":\"https:\\\/\\\/treebuilders.eu\\\/de\\\/solutions\\\/\"},{\"@type\":\"ListItem\",\"position\":3,\"name\":\"Kabeln &amp; Leitungen\"}]},{\"@type\":\"WebSite\",\"@id\":\"https:\\\/\\\/treebuilders.eu\\\/de\\\/#website\",\"url\":\"https:\\\/\\\/treebuilders.eu\\\/de\\\/\",\"name\":\"TreeBuilders\",\"description\":\"Creating cities to live in.\",\"publisher\":{\"@id\":\"https:\\\/\\\/treebuilders.eu\\\/de\\\/#organization\"},\"potentialAction\":[{\"@type\":\"SearchAction\",\"target\":{\"@type\":\"EntryPoint\",\"urlTemplate\":\"https:\\\/\\\/treebuilders.eu\\\/de\\\/?s={search_term_string}\"},\"query-input\":{\"@type\":\"PropertyValueSpecification\",\"valueRequired\":true,\"valueName\":\"search_term_string\"}}],\"inLanguage\":\"de\"},{\"@type\":\"Organization\",\"@id\":\"https:\\\/\\\/treebuilders.eu\\\/de\\\/#organization\",\"name\":\"TreeBuilders\",\"url\":\"https:\\\/\\\/treebuilders.eu\\\/de\\\/\",\"logo\":{\"@type\":\"ImageObject\",\"inLanguage\":\"de\",\"@id\":\"https:\\\/\\\/treebuilders.eu\\\/de\\\/#\\\/schema\\\/logo\\\/image\\\/\",\"url\":\"https:\\\/\\\/treebuilders.eu\\\/wp-content\\\/uploads\\\/2023\\\/07\\\/TreeBuilders-logo.png\",\"contentUrl\":\"https:\\\/\\\/treebuilders.eu\\\/wp-content\\\/uploads\\\/2023\\\/07\\\/TreeBuilders-logo.png\",\"width\":984,\"height\":1075,\"caption\":\"TreeBuilders\"},\"image\":{\"@id\":\"https:\\\/\\\/treebuilders.eu\\\/de\\\/#\\\/schema\\\/logo\\\/image\\\/\"},\"sameAs\":[\"https:\\\/\\\/www.facebook.com\\\/profile.php?id=100089805041700\",\"https:\\\/\\\/www.linkedin.com\\\/company\\\/treebuilders\\\/\",\"https:\\\/\\\/www.instagram.com\\\/treebuilders.eu\\\/\",\"https:\\\/\\\/www.youtube.com\\\/channel\\\/UCklfVVzLZ53h-J5yrofPQ2g?app=desktop\"]}]}<\/script>\n<!-- \/ Yoast SEO plugin. -->","yoast_head_json":{"title":"Kabeln &amp; Leitungen - TreeBuilders","description":"Baum\u00adwurzeln und unter\u00adirdische Kabel & Leitungen: im \u00f6ffentlichen Raum geraten sie oft in Konflikt. Entdecken Sie das Wurzelraumsystem als Kabel- und Leitungskanal.","robots":{"index":"index","follow":"follow","max-snippet":"max-snippet:-1","max-image-preview":"max-image-preview:large","max-video-preview":"max-video-preview:-1"},"canonical":"https:\/\/treebuilders.eu\/de\/loesungen\/kabeln-leitungen\/","og_locale":"de_DE","og_type":"article","og_title":"Kabeln &amp; Leitungen - TreeBuilders","og_description":"Baum\u00adwurzeln und unter\u00adirdische Kabel & Leitungen: im \u00f6ffentlichen Raum geraten sie oft in Konflikt. Entdecken Sie das Wurzelraumsystem als Kabel- und Leitungskanal.","og_url":"https:\/\/treebuilders.eu\/de\/loesungen\/kabeln-leitungen\/","og_site_name":"TreeBuilders","article_publisher":"https:\/\/www.facebook.com\/profile.php?id=100089805041700","article_modified_time":"2025-11-03T12:59:48+00:00","og_image":[{"width":2560,"height":1920,"url":"https:\/\/treebuilders.eu\/wp-content\/uploads\/2025\/11\/Kabels-en-leidingen-openbare-ruimte-scaled.jpg","type":"image\/jpeg"}],"twitter_card":"summary_large_image","twitter_misc":{"Gesch\u00e4tzte Lesezeit":"4\u00a0Minuten"},"schema":{"@context":"https:\/\/schema.org","@graph":[{"@type":"WebPage","@id":"https:\/\/treebuilders.eu\/de\/loesungen\/kabeln-leitungen\/","url":"https:\/\/treebuilders.eu\/de\/loesungen\/kabeln-leitungen\/","name":"Kabeln &amp; Leitungen - TreeBuilders","isPartOf":{"@id":"https:\/\/treebuilders.eu\/de\/#website"},"primaryImageOfPage":{"@id":"https:\/\/treebuilders.eu\/de\/loesungen\/kabeln-leitungen\/#primaryimage"},"image":{"@id":"https:\/\/treebuilders.eu\/de\/loesungen\/kabeln-leitungen\/#primaryimage"},"thumbnailUrl":"https:\/\/treebuilders.eu\/wp-content\/uploads\/2025\/11\/Kabels-en-leidingen-openbare-ruimte-scaled.jpg","datePublished":"2025-11-03T12:22:39+00:00","dateModified":"2025-11-03T12:59:48+00:00","description":"Baum\u00adwurzeln und unter\u00adirdische Kabel & Leitungen: im \u00f6ffentlichen Raum geraten sie oft in Konflikt. Entdecken Sie das Wurzelraumsystem als Kabel- und Leitungskanal.","breadcrumb":{"@id":"https:\/\/treebuilders.eu\/de\/loesungen\/kabeln-leitungen\/#breadcrumb"},"inLanguage":"de","potentialAction":[{"@type":"ReadAction","target":["https:\/\/treebuilders.eu\/de\/loesungen\/kabeln-leitungen\/"]}]},{"@type":"ImageObject","inLanguage":"de","@id":"https:\/\/treebuilders.eu\/de\/loesungen\/kabeln-leitungen\/#primaryimage","url":"https:\/\/treebuilders.eu\/wp-content\/uploads\/2025\/11\/Kabels-en-leidingen-openbare-ruimte-scaled.jpg","contentUrl":"https:\/\/treebuilders.eu\/wp-content\/uploads\/2025\/11\/Kabels-en-leidingen-openbare-ruimte-scaled.jpg","width":2560,"height":1920,"caption":"Kabels en leidingen openbare ruimte"},{"@type":"BreadcrumbList","@id":"https:\/\/treebuilders.eu\/de\/loesungen\/kabeln-leitungen\/#breadcrumb","itemListElement":[{"@type":"ListItem","position":1,"name":"Home","item":"https:\/\/treebuilders.eu\/de\/"},{"@type":"ListItem","position":2,"name":"L\u00f6sungen","item":"https:\/\/treebuilders.eu\/de\/solutions\/"},{"@type":"ListItem","position":3,"name":"Kabeln &amp; Leitungen"}]},{"@type":"WebSite","@id":"https:\/\/treebuilders.eu\/de\/#website","url":"https:\/\/treebuilders.eu\/de\/","name":"TreeBuilders","description":"Creating cities to live in.","publisher":{"@id":"https:\/\/treebuilders.eu\/de\/#organization"},"potentialAction":[{"@type":"SearchAction","target":{"@type":"EntryPoint","urlTemplate":"https:\/\/treebuilders.eu\/de\/?s={search_term_string}"},"query-input":{"@type":"PropertyValueSpecification","valueRequired":true,"valueName":"search_term_string"}}],"inLanguage":"de"},{"@type":"Organization","@id":"https:\/\/treebuilders.eu\/de\/#organization","name":"TreeBuilders","url":"https:\/\/treebuilders.eu\/de\/","logo":{"@type":"ImageObject","inLanguage":"de","@id":"https:\/\/treebuilders.eu\/de\/#\/schema\/logo\/image\/","url":"https:\/\/treebuilders.eu\/wp-content\/uploads\/2023\/07\/TreeBuilders-logo.png","contentUrl":"https:\/\/treebuilders.eu\/wp-content\/uploads\/2023\/07\/TreeBuilders-logo.png","width":984,"height":1075,"caption":"TreeBuilders"},"image":{"@id":"https:\/\/treebuilders.eu\/de\/#\/schema\/logo\/image\/"},"sameAs":["https:\/\/www.facebook.com\/profile.php?id=100089805041700","https:\/\/www.linkedin.com\/company\/treebuilders\/","https:\/\/www.instagram.com\/treebuilders.eu\/","https:\/\/www.youtube.com\/channel\/UCklfVVzLZ53h-J5yrofPQ2g?app=desktop"]}]}},"_links":{"self":[{"href":"https:\/\/treebuilders.eu\/de\/wp-json\/wp\/v2\/pages\/4401","targetHints":{"allow":["GET"]}}],"collection":[{"href":"https:\/\/treebuilders.eu\/de\/wp-json\/wp\/v2\/pages"}],"about":[{"href":"https:\/\/treebuilders.eu\/de\/wp-json\/wp\/v2\/types\/page"}],"author":[{"embeddable":true,"href":"https:\/\/treebuilders.eu\/de\/wp-json\/wp\/v2\/users\/1"}],"replies":[{"embeddable":true,"href":"https:\/\/treebuilders.eu\/de\/wp-json\/wp\/v2\/comments?post=4401"}],"version-history":[{"count":3,"href":"https:\/\/treebuilders.eu\/de\/wp-json\/wp\/v2\/pages\/4401\/revisions"}],"predecessor-version":[{"id":4414,"href":"https:\/\/treebuilders.eu\/de\/wp-json\/wp\/v2\/pages\/4401\/revisions\/4414"}],"up":[{"embeddable":true,"href":"https:\/\/treebuilders.eu\/de\/wp-json\/wp\/v2\/pages\/2220"}],"wp:featuredmedia":[{"embeddable":true,"href":"https:\/\/treebuilders.eu\/de\/wp-json\/wp\/v2\/media\/4389"}],"wp:attachment":[{"href":"https:\/\/treebuilders.eu\/de\/wp-json\/wp\/v2\/media?parent=4401"}],"curies":[{"name":"wp","href":"https:\/\/api.w.org\/{rel}","templated":true}]}}