{"id":2427,"date":"2023-02-16T09:32:00","date_gmt":"2023-02-16T09:32:00","guid":{"rendered":"https:\/\/treebuilders.eu\/solutions\/"},"modified":"2023-07-11T14:23:45","modified_gmt":"2023-07-11T14:23:45","slug":"solutions","status":"publish","type":"page","link":"https:\/\/treebuilders.eu\/fr\/solutions\/","title":{"rendered":"Solutions"},"content":{"rendered":"\n\n  <div class=\"banner has-hover\" id=\"banner-1515006758\">\n          <div class=\"banner-inner fill\">\n        <div class=\"banner-bg fill\" >\n            <img loading=\"lazy\" decoding=\"async\" width=\"2560\" height=\"1703\" src=\"https:\/\/treebuilders.eu\/wp-content\/uploads\/2023\/02\/Binnerotte-Rotterdam-26-06-2022-27-scaled.jpg\" class=\"bg attachment-original size-original\" alt=\"\" \/>                                    \n                    <\/div>\n\t\t\n        <div class=\"banner-layers container\">\n            <div class=\"fill banner-link\"><\/div>            \n\n\n        <\/div>\n      <\/div>\n\n            \n<style>\n#banner-1515006758 {\n  padding-top: 320px;\n}\n#banner-1515006758 .banner-bg img {\n  object-position: 49% 50%;\n}\n<\/style>\n  <\/div>\n\n\n<div class=\"row align-center\"  id=\"row-78167745\">\n\n\n\t<div id=\"col-700987184\" class=\"col medium-11 small-11 large-12\"  >\n\t\t\t\t<div class=\"col-inner\"  >\n\t\t\t\n\t\t\t\n\n<div class=\"is-divider divider clearfix\" style=\"background-color:rgba(255, 255, 255, 0);\"><\/div>\n\n\t<div id=\"text-2524093324\" class=\"text\">\n\t\t\n\n<h1>Nos solutions pour les d\u00e9fis du climat urbain d&rsquo;aujourd&rsquo;hui<\/h1>\n\t\t\n<style>\n#text-2524093324 {\n  font-size: 1.5rem;\n}\n<\/style>\n\t<\/div>\n\t\n<p>Un des d\u00e9fis pour les villes consiste \u00e0 cr\u00e9er des solutions qui respectent la nature. Les solutions respectant la nature ont le potentiel de limiter les impacts du changement climatique. Ainsi, les objectifs \u00e9cologiques seront atteints et contribuerons \u00e0 cr\u00e9er un avenir plus durable avec un impact positif sur la sant\u00e9 des citoyens.<\/p>\n\n\t\t<\/div>\n\t\t\t\t\t<\/div>\n\n\t\n\n<\/div>\n<div class=\"is-divider divider clearfix\" style=\"background-color:rgba(255, 255, 255, 0);\"><\/div>\n\n\n\t<section class=\"section info-card-1\" id=\"section_439128755\">\n\t\t<div class=\"section-bg fill\" >\n\t\t\t\t\t\t\t\t\t\n\t\t\t\n\n\t\t<\/div>\n\n\t\t\n\n\t\t<div class=\"section-content relative\">\n\t\t\t\n\n<div class=\"row\"  id=\"row-1437633512\">\n\n\n\t<div id=\"col-373558505\" class=\"col small-12 large-12\"  >\n\t\t\t\t<div class=\"col-inner text-center\"  >\n\t\t\t\n\t\t\t\n\n<h1>Combiner vert, bleu et gris<\/h1>\n\n\t\t<\/div>\n\t\t\t\t\n<style>\n#col-373558505 > .col-inner {\n  padding: 20px 0px 0px 0px;\n}\n<\/style>\n\t<\/div>\n\n\t\n\n<\/div>\n<div class=\"row row-small align-equal\"  id=\"row-1220934466\">\n\n\n\t<div id=\"col-1090866984\" class=\"col medium-6 small-12 large-6\"  data-animate=\"flipInX\">\n\t\t\t\t<div class=\"col-inner\"  >\n\t\t\t\n\t\t\t\n\n\t<div class=\"box has-hover   has-hover box-push box-text-bottom\" >\n\n\t\t<div class=\"box-image\" >\n\t\t\t<a href=\"https:\/\/treebuilders.eu\/solutions\/urban-tree-planting-solutions\/\" >\t\t\t<div class=\"image-zoom image-cover\" style=\"padding-top:70%;\">\n\t\t\t\t<img loading=\"lazy\" decoding=\"async\" width=\"2560\" height=\"1597\" src=\"https:\/\/treebuilders.eu\/wp-content\/uploads\/2023\/02\/Coolsingel-Rotterdam-26-06-2022-102-scaled.jpg\" class=\"attachment- size-\" alt=\"\" srcset=\"https:\/\/treebuilders.eu\/wp-content\/uploads\/2023\/02\/Coolsingel-Rotterdam-26-06-2022-102-scaled.jpg 2560w, https:\/\/treebuilders.eu\/wp-content\/uploads\/2023\/02\/Coolsingel-Rotterdam-26-06-2022-102-641x400.jpg 641w, https:\/\/treebuilders.eu\/wp-content\/uploads\/2023\/02\/Coolsingel-Rotterdam-26-06-2022-102-1282x800.jpg 1282w, https:\/\/treebuilders.eu\/wp-content\/uploads\/2023\/02\/Coolsingel-Rotterdam-26-06-2022-102-768x479.jpg 768w, https:\/\/treebuilders.eu\/wp-content\/uploads\/2023\/02\/Coolsingel-Rotterdam-26-06-2022-102-1536x958.jpg 1536w, https:\/\/treebuilders.eu\/wp-content\/uploads\/2023\/02\/Coolsingel-Rotterdam-26-06-2022-102-2048x1278.jpg 2048w, https:\/\/treebuilders.eu\/wp-content\/uploads\/2023\/02\/Coolsingel-Rotterdam-26-06-2022-102-600x374.jpg 600w\" sizes=\"auto, (max-width: 2560px) 100vw, 2560px\" \/>\t\t\t\t\t\t\t\t\t\t\t<\/div>\n\t\t\t<\/a>\t\t<\/div>\n\n\t\t<div class=\"box-text text-center\" style=\"background-color:rgb(255, 255, 255);padding:20px 5% 20px 5%;\">\n\t\t\t<div class=\"box-text-inner\">\n\t\t\t\t\n\n<h1>Plantation d&rsquo;arbres en milieu urbain<\/h1>\n<p>Les syst\u00e8mes de plantation d&rsquo;arbres urbains sont efficaces et traitent de toutes les questions relatives \u00e0 l\u2019implantation des arbres dans l&rsquo;environnement. Il est question de la bonne croissance des racines, de la gestion des eaux pluviales et de la gestion des charges de trafic lourde tout en int\u00e9grant les services publics existants et nouveaux.<\/p>\n<a href=\"https:\/\/treebuilders.eu\/solutions\/urban-tree-planting-solutions\/\" class=\"button alert\" style=\"border-radius:10px;\">\n\t\t<span>PLUS D'INFORMATIONS<\/span>\n\t<\/a>\n\n\n\n\t\t\t<\/div>\n\t\t<\/div>\n\t<\/div>\n\t\n\n\t\t<\/div>\n\t\t\t\t\t<\/div>\n\n\t\n\n\t<div id=\"col-498501043\" class=\"col medium-6 small-12 large-6\"  data-animate=\"flipInX\">\n\t\t\t\t<div class=\"col-inner\"  >\n\t\t\t\n\t\t\t\n\n\t<div class=\"box has-hover   has-hover box-push box-text-bottom\" >\n\n\t\t<div class=\"box-image\" >\n\t\t\t<a href=\"https:\/\/treebuilders.eu\/solutions\/water-management\/\" >\t\t\t<div class=\"image-zoom image-cover\" style=\"padding-top:70%;\">\n\t\t\t\t<img loading=\"lazy\" decoding=\"async\" width=\"2560\" height=\"1702\" src=\"https:\/\/treebuilders.eu\/wp-content\/uploads\/2023\/02\/Water-management-cities-TreeBuilders-scaled.jpg\" class=\"attachment- size-\" alt=\"Water management cities - TreeBuilders\" srcset=\"https:\/\/treebuilders.eu\/wp-content\/uploads\/2023\/02\/Water-management-cities-TreeBuilders-scaled.jpg 2560w, https:\/\/treebuilders.eu\/wp-content\/uploads\/2023\/02\/Water-management-cities-TreeBuilders-602x400.jpg 602w, https:\/\/treebuilders.eu\/wp-content\/uploads\/2023\/02\/Water-management-cities-TreeBuilders-1203x800.jpg 1203w, https:\/\/treebuilders.eu\/wp-content\/uploads\/2023\/02\/Water-management-cities-TreeBuilders-768x511.jpg 768w, https:\/\/treebuilders.eu\/wp-content\/uploads\/2023\/02\/Water-management-cities-TreeBuilders-1536x1021.jpg 1536w, https:\/\/treebuilders.eu\/wp-content\/uploads\/2023\/02\/Water-management-cities-TreeBuilders-2048x1362.jpg 2048w, https:\/\/treebuilders.eu\/wp-content\/uploads\/2023\/02\/Water-management-cities-TreeBuilders-600x399.jpg 600w\" sizes=\"auto, (max-width: 2560px) 100vw, 2560px\" \/>\t\t\t\t\t\t\t\t\t\t\t<\/div>\n\t\t\t<\/a>\t\t<\/div>\n\n\t\t<div class=\"box-text text-center\" style=\"background-color:rgb(255, 255, 255);padding:20px 5% 20px 5%;\">\n\t\t\t<div class=\"box-text-inner\">\n\t\t\t\t\n\n<h1>Gestion de l&rsquo;eau<\/h1>\n<p>L&rsquo;eau est notre ressource la plus pr\u00e9cieuse et doit \u00eatre trait\u00e9e comme telle. Le manque d&rsquo;eau (douce) est l&rsquo;un de nos plus grands d\u00e9fis urbains. Nous permettons de cr\u00e9er des solutions sur site v\u00e9ritablement circulaires, bas\u00e9es sur la nature, pour une gestion durable de l\u2019eau dans les villes.<\/p>\n<a href=\"https:\/\/treebuilders.eu\/solutions\/water-management\/\" class=\"button alert\" style=\"border-radius:10px;\">\n\t\t<span>PLUS D'INFORMATIONS<\/span>\n\t<\/a>\n\n\n\n\t\t\t<\/div>\n\t\t<\/div>\n\t<\/div>\n\t\n\n\t\t<\/div>\n\t\t\t\t\t<\/div>\n\n\t\n\n\n<style>\n#row-1220934466 > .col > .col-inner {\n  background-color: rgb(255,255,255);\n}\n<\/style>\n<\/div>\n\n\t\t<\/div>\n\n\t\t\n<style>\n#section_439128755 {\n  padding-top: 50px;\n  padding-bottom: 50px;\n  background-color: rgb(244, 244, 244);\n}\n<\/style>\n\t<\/section>\n\t\n\n","protected":false},"excerpt":{"rendered":"","protected":false},"author":1,"featured_media":0,"parent":0,"menu_order":0,"comment_status":"closed","ping_status":"closed","template":"page-blank.php","meta":{"footnotes":""},"class_list":["post-2427","page","type-page","status-publish","hentry"],"yoast_head":"<!-- This site is optimized with the Yoast SEO plugin v27.3 - https:\/\/yoast.com\/product\/yoast-seo-wordpress\/ -->\n<title>Solutions - TreeBuilders<\/title>\n<meta name=\"robots\" content=\"index, follow, max-snippet:-1, max-image-preview:large, max-video-preview:-1\" \/>\n<link rel=\"canonical\" href=\"https:\/\/treebuilders.eu\/fr\/solutions\/\" \/>\n<meta property=\"og:locale\" content=\"fr_FR\" \/>\n<meta property=\"og:type\" content=\"article\" \/>\n<meta property=\"og:title\" content=\"Solutions - TreeBuilders\" \/>\n<meta property=\"og:url\" content=\"https:\/\/treebuilders.eu\/fr\/solutions\/\" \/>\n<meta property=\"og:site_name\" content=\"TreeBuilders\" \/>\n<meta property=\"article:publisher\" content=\"https:\/\/www.facebook.com\/profile.php?id=100089805041700\" \/>\n<meta property=\"article:modified_time\" content=\"2023-07-11T14:23:45+00:00\" \/>\n<meta name=\"twitter:card\" content=\"summary_large_image\" \/>\n<meta name=\"twitter:label1\" content=\"Dur\u00e9e de lecture estim\u00e9e\" \/>\n\t<meta name=\"twitter:data1\" content=\"2 minutes\" \/>\n<script type=\"application\/ld+json\" class=\"yoast-schema-graph\">{\"@context\":\"https:\\\/\\\/schema.org\",\"@graph\":[{\"@type\":\"WebPage\",\"@id\":\"https:\\\/\\\/treebuilders.eu\\\/fr\\\/solutions\\\/\",\"url\":\"https:\\\/\\\/treebuilders.eu\\\/fr\\\/solutions\\\/\",\"name\":\"Solutions - TreeBuilders\",\"isPartOf\":{\"@id\":\"https:\\\/\\\/treebuilders.eu\\\/fr\\\/#website\"},\"datePublished\":\"2023-02-16T09:32:00+00:00\",\"dateModified\":\"2023-07-11T14:23:45+00:00\",\"breadcrumb\":{\"@id\":\"https:\\\/\\\/treebuilders.eu\\\/fr\\\/solutions\\\/#breadcrumb\"},\"inLanguage\":\"fr-FR\",\"potentialAction\":[{\"@type\":\"ReadAction\",\"target\":[\"https:\\\/\\\/treebuilders.eu\\\/fr\\\/solutions\\\/\"]}]},{\"@type\":\"BreadcrumbList\",\"@id\":\"https:\\\/\\\/treebuilders.eu\\\/fr\\\/solutions\\\/#breadcrumb\",\"itemListElement\":[{\"@type\":\"ListItem\",\"position\":1,\"name\":\"Home\",\"item\":\"https:\\\/\\\/treebuilders.eu\\\/fr\\\/\"},{\"@type\":\"ListItem\",\"position\":2,\"name\":\"Solutions\"}]},{\"@type\":\"WebSite\",\"@id\":\"https:\\\/\\\/treebuilders.eu\\\/fr\\\/#website\",\"url\":\"https:\\\/\\\/treebuilders.eu\\\/fr\\\/\",\"name\":\"TreeBuilders\",\"description\":\"Creating cities to live in.\",\"publisher\":{\"@id\":\"https:\\\/\\\/treebuilders.eu\\\/fr\\\/#organization\"},\"potentialAction\":[{\"@type\":\"SearchAction\",\"target\":{\"@type\":\"EntryPoint\",\"urlTemplate\":\"https:\\\/\\\/treebuilders.eu\\\/fr\\\/?s={search_term_string}\"},\"query-input\":{\"@type\":\"PropertyValueSpecification\",\"valueRequired\":true,\"valueName\":\"search_term_string\"}}],\"inLanguage\":\"fr-FR\"},{\"@type\":\"Organization\",\"@id\":\"https:\\\/\\\/treebuilders.eu\\\/fr\\\/#organization\",\"name\":\"TreeBuilders\",\"url\":\"https:\\\/\\\/treebuilders.eu\\\/fr\\\/\",\"logo\":{\"@type\":\"ImageObject\",\"inLanguage\":\"fr-FR\",\"@id\":\"https:\\\/\\\/treebuilders.eu\\\/fr\\\/#\\\/schema\\\/logo\\\/image\\\/\",\"url\":\"https:\\\/\\\/treebuilders.eu\\\/wp-content\\\/uploads\\\/2023\\\/07\\\/TreeBuilders-logo.png\",\"contentUrl\":\"https:\\\/\\\/treebuilders.eu\\\/wp-content\\\/uploads\\\/2023\\\/07\\\/TreeBuilders-logo.png\",\"width\":984,\"height\":1075,\"caption\":\"TreeBuilders\"},\"image\":{\"@id\":\"https:\\\/\\\/treebuilders.eu\\\/fr\\\/#\\\/schema\\\/logo\\\/image\\\/\"},\"sameAs\":[\"https:\\\/\\\/www.facebook.com\\\/profile.php?id=100089805041700\",\"https:\\\/\\\/www.linkedin.com\\\/company\\\/treebuilders\\\/\",\"https:\\\/\\\/www.instagram.com\\\/treebuilders.eu\\\/\",\"https:\\\/\\\/www.youtube.com\\\/channel\\\/UCklfVVzLZ53h-J5yrofPQ2g?app=desktop\"]}]}<\/script>\n<!-- \/ Yoast SEO plugin. -->","yoast_head_json":{"title":"Solutions - TreeBuilders","robots":{"index":"index","follow":"follow","max-snippet":"max-snippet:-1","max-image-preview":"max-image-preview:large","max-video-preview":"max-video-preview:-1"},"canonical":"https:\/\/treebuilders.eu\/fr\/solutions\/","og_locale":"fr_FR","og_type":"article","og_title":"Solutions - TreeBuilders","og_url":"https:\/\/treebuilders.eu\/fr\/solutions\/","og_site_name":"TreeBuilders","article_publisher":"https:\/\/www.facebook.com\/profile.php?id=100089805041700","article_modified_time":"2023-07-11T14:23:45+00:00","twitter_card":"summary_large_image","twitter_misc":{"Dur\u00e9e de lecture estim\u00e9e":"2 minutes"},"schema":{"@context":"https:\/\/schema.org","@graph":[{"@type":"WebPage","@id":"https:\/\/treebuilders.eu\/fr\/solutions\/","url":"https:\/\/treebuilders.eu\/fr\/solutions\/","name":"Solutions - TreeBuilders","isPartOf":{"@id":"https:\/\/treebuilders.eu\/fr\/#website"},"datePublished":"2023-02-16T09:32:00+00:00","dateModified":"2023-07-11T14:23:45+00:00","breadcrumb":{"@id":"https:\/\/treebuilders.eu\/fr\/solutions\/#breadcrumb"},"inLanguage":"fr-FR","potentialAction":[{"@type":"ReadAction","target":["https:\/\/treebuilders.eu\/fr\/solutions\/"]}]},{"@type":"BreadcrumbList","@id":"https:\/\/treebuilders.eu\/fr\/solutions\/#breadcrumb","itemListElement":[{"@type":"ListItem","position":1,"name":"Home","item":"https:\/\/treebuilders.eu\/fr\/"},{"@type":"ListItem","position":2,"name":"Solutions"}]},{"@type":"WebSite","@id":"https:\/\/treebuilders.eu\/fr\/#website","url":"https:\/\/treebuilders.eu\/fr\/","name":"TreeBuilders","description":"Creating cities to live in.","publisher":{"@id":"https:\/\/treebuilders.eu\/fr\/#organization"},"potentialAction":[{"@type":"SearchAction","target":{"@type":"EntryPoint","urlTemplate":"https:\/\/treebuilders.eu\/fr\/?s={search_term_string}"},"query-input":{"@type":"PropertyValueSpecification","valueRequired":true,"valueName":"search_term_string"}}],"inLanguage":"fr-FR"},{"@type":"Organization","@id":"https:\/\/treebuilders.eu\/fr\/#organization","name":"TreeBuilders","url":"https:\/\/treebuilders.eu\/fr\/","logo":{"@type":"ImageObject","inLanguage":"fr-FR","@id":"https:\/\/treebuilders.eu\/fr\/#\/schema\/logo\/image\/","url":"https:\/\/treebuilders.eu\/wp-content\/uploads\/2023\/07\/TreeBuilders-logo.png","contentUrl":"https:\/\/treebuilders.eu\/wp-content\/uploads\/2023\/07\/TreeBuilders-logo.png","width":984,"height":1075,"caption":"TreeBuilders"},"image":{"@id":"https:\/\/treebuilders.eu\/fr\/#\/schema\/logo\/image\/"},"sameAs":["https:\/\/www.facebook.com\/profile.php?id=100089805041700","https:\/\/www.linkedin.com\/company\/treebuilders\/","https:\/\/www.instagram.com\/treebuilders.eu\/","https:\/\/www.youtube.com\/channel\/UCklfVVzLZ53h-J5yrofPQ2g?app=desktop"]}]}},"_links":{"self":[{"href":"https:\/\/treebuilders.eu\/fr\/wp-json\/wp\/v2\/pages\/2427","targetHints":{"allow":["GET"]}}],"collection":[{"href":"https:\/\/treebuilders.eu\/fr\/wp-json\/wp\/v2\/pages"}],"about":[{"href":"https:\/\/treebuilders.eu\/fr\/wp-json\/wp\/v2\/types\/page"}],"author":[{"embeddable":true,"href":"https:\/\/treebuilders.eu\/fr\/wp-json\/wp\/v2\/users\/1"}],"replies":[{"embeddable":true,"href":"https:\/\/treebuilders.eu\/fr\/wp-json\/wp\/v2\/comments?post=2427"}],"version-history":[{"count":1,"href":"https:\/\/treebuilders.eu\/fr\/wp-json\/wp\/v2\/pages\/2427\/revisions"}],"predecessor-version":[{"id":2428,"href":"https:\/\/treebuilders.eu\/fr\/wp-json\/wp\/v2\/pages\/2427\/revisions\/2428"}],"wp:attachment":[{"href":"https:\/\/treebuilders.eu\/fr\/wp-json\/wp\/v2\/media?parent=2427"}],"curies":[{"name":"wp","href":"https:\/\/api.w.org\/{rel}","templated":true}]}}