{"id":2429,"date":"2023-02-24T14:57:54","date_gmt":"2023-02-24T14:57:54","guid":{"rendered":"https:\/\/treebuilders.eu\/solutions\/solutions-de-plantation-darbres-en-milieu-urbain\/"},"modified":"2023-07-11T14:31:27","modified_gmt":"2023-07-11T14:31:27","slug":"solutions-de-plantation-darbres-en-milieu-urbain","status":"publish","type":"page","link":"https:\/\/treebuilders.eu\/fr\/solutions\/solutions-de-plantation-darbres-en-milieu-urbain\/","title":{"rendered":"Solutions de plantation d&rsquo;arbres en milieu urbain"},"content":{"rendered":"\n\n\t<section class=\"section\" id=\"section_619391254\">\n\t\t<div class=\"section-bg fill\" >\n\t\t\t\t\t\t\t\t\t\n\t\t\t\n\n\t\t<\/div>\n\n\t\t\n\n\t\t<div class=\"section-content relative\">\n\t\t\t\n\n<div class=\"row row-collapse row-full-width align-middle align-center\"  id=\"row-1910774931\">\n\n\n\t<div id=\"col-1575474583\" class=\"col medium-12 small-12 large-6 medium-col-first\"  >\n\t\t\t\t<div class=\"col-inner\"  >\n\t\t\t\n\t\t\t\n\n\n  <div class=\"banner has-hover\" id=\"banner-764037643\">\n          <div class=\"banner-inner fill\">\n        <div class=\"banner-bg fill\" >\n            <img loading=\"lazy\" decoding=\"async\" width=\"1020\" height=\"679\" src=\"https:\/\/treebuilders.eu\/wp-content\/uploads\/2023\/07\/Cam_001_uitsnede_aanpasing_LR-1202x800.jpg\" class=\"bg attachment-large size-large\" alt=\"TreeParker system TreeBuilders\" \/>                                    \n                    <\/div>\n\t\t\n        <div class=\"banner-layers container\">\n            <div class=\"fill banner-link\"><\/div>            \n\n\n        <\/div>\n      <\/div>\n\n            \n<style>\n#banner-764037643 {\n  padding-top: 300px;\n  background-color: rgba(255, 255, 255, 0);\n}\n#banner-764037643 .banner-bg img {\n  object-position: 70% 78%;\n}\n@media (min-width:550px) {\n  #banner-764037643 {\n    padding-top: 400px;\n  }\n}\n@media (min-width:850px) {\n  #banner-764037643 {\n    padding-top: 550px;\n  }\n}\n<\/style>\n  <\/div>\n\n\n\n\t\t<\/div>\n\t\t\t\t\t<\/div>\n\n\t\n\n\t<div id=\"col-1326509560\" class=\"col index-up medium-12 small-11 large-6\"  >\n\t\t\t\t<div class=\"col-inner\"  >\n\t\t\t\n\t\t\t\n\n\t<div id=\"gap-2095947496\" class=\"gap-element clearfix\" style=\"display:block; height:auto;\">\n\t\t\n<style>\n#gap-2095947496 {\n  padding-top: 30px;\n}\n<\/style>\n\t<\/div>\n\t\n\n<div class=\"row align-center\"  id=\"row-1038964687\">\n\n\n\t<div id=\"col-997015285\" class=\"col index-up medium-11 small-12 large-12\"  data-animate=\"flipInY\">\n\t\t\t\t<div class=\"col-inner text-center\" style=\"background-color:rgb(255, 255, 255);\" >\n\t\t\t\n\t\t\t\n\n\t<div id=\"text-921243661\" class=\"text\">\n\t\t\n\n<h1>Solutions de plantation d&rsquo;arbres en milieu urbain<\/h1>\n\t\t\n<style>\n#text-921243661 {\n  font-size: 1.5rem;\n  text-align: left;\n}\n<\/style>\n\t<\/div>\n\t\n\t<div id=\"text-576512172\" class=\"text\">\n\t\t\n\n<p>Les syst\u00e8mes de plantation d&rsquo;arbres urbains sont efficaces et traitent de toutes les questions relatives \u00e0 l\u2019implantation des arbres dans l&rsquo;environnement. Il est question de la bonne croissance des racines, de la gestion des eaux pluviales et de la gestion des charges de trafic lourde tout en int\u00e9grant les services publics existants et nouveaux.<\/p>\n\t\t\n<style>\n#text-576512172 {\n  text-align: left;\n}\n<\/style>\n\t<\/div>\n\t\n\n\t\t<\/div>\n\t\t\t\t\n<style>\n#col-997015285 > .col-inner {\n  padding: 15% 10% 15% 10%;\n  margin: -100px 0px 0px 0px;\n  border-radius: 5px;\n}\n@media (min-width:550px) {\n  #col-997015285 > .col-inner {\n    padding: 6% 6% 6% 6%;\n    margin: -150px 0px 0px 0px;\n  }\n}\n@media (min-width:850px) {\n  #col-997015285 > .col-inner {\n    padding: 7% 10% 7% 10%;\n    margin: 0px 0px 0px -100px;\n  }\n}\n<\/style>\n\t<\/div>\n\n\t\n\n<\/div>\n\n\t\t<\/div>\n\t\t\t\t\n<style>\n#col-1326509560 > .col-inner {\n  padding: 10px 0px 20px 0px;\n}\n@media (min-width:550px) {\n  #col-1326509560 > .col-inner {\n    padding: 35px 0px 30px 0px;\n  }\n}\n@media (min-width:850px) {\n  #col-1326509560 > .col-inner {\n    padding: 0 0px 0px 0px;\n  }\n}\n<\/style>\n\t<\/div>\n\n\t\n\n<\/div>\n\n\t\t<\/div>\n\n\t\t\n<style>\n#section_619391254 {\n  padding-top: 0px;\n  padding-bottom: 0px;\n  margin-bottom: 0px;\n  background-color: rgb(116, 151, 167);\n}\n@media (min-width:550px) {\n  #section_619391254 {\n    padding-top: 0px;\n    padding-bottom: 0px;\n  }\n}\n<\/style>\n\t<\/section>\n\t\n<div class=\"is-divider divider clearfix\" style=\"height:40px;background-color:rgba(255, 255, 255, 0);\"><\/div>\n\n<div class=\"row align-center\"  id=\"row-1215307053\">\n\n\n\t<div id=\"col-1832816195\" class=\"col medium-5 small-10 large-6\"  >\n\t\t\t\t<div class=\"col-inner text-left\"  >\n\t\t\t\n\t\t\t\n\n<p>Pour que les arbres deviennent grands, sains, matures et fonctionnels en milieu urbain, il faut bien plus que de creuser des trous et les planter. Nous oublions parfois que les arbres poussent et qu\u2019un \u00e9quilibre entre la taille de l&rsquo;arbre et le syst\u00e8me racinaire est n\u00e9cessaire. Les arbres fonctionnels d\u00e9finissent le bon volume de sol selon l\u2019espace de croissance requis pour la taille de la canop\u00e9e du futur arbre.<\/p>\n<p>De toute \u00e9vidence, une ville verte embellit notre environnement urbain. Les arbres urbains sont non seulement magnifiques, mais offrent aussi de nombreux avantages et sont consid\u00e9r\u00e9s comme la base de l\u2019infrastructure verte d\u2019une ville.<br>L&rsquo;avantage le plus important est celui de repr\u00e9senter LA solution pour ralentir le changement climatique. Les grands arbres urbains permettent de refroidir le r\u00e9chauffement de notre plan\u00e8te et aident \u00e0 r\u00e9duire les risques d&rsquo;inondation. Ils constituent un excellent moyen de r\u00e9duire les \u00e9missions de CO2 et de lib\u00e9rer de l&rsquo;oxyg\u00e8ne. Planter des arbres contribue aussi \u00e0 la sant\u00e9 de la plan\u00e8te et am\u00e9liore notre quotidien, par exemple en diminuant l&rsquo;hypertension art\u00e9rielle et le stress. Planter des arbres aujourd&rsquo;hui est essentiel pour les g\u00e9n\u00e9rations futures.<\/p>\n\t<div id=\"text-3476044345\" class=\"text\">\n\t\t\n\n<h2><strong>Les arbres dans le contexte urbain<\/strong><\/h2>\n\t\t\n<style>\n#text-3476044345 {\n  font-size: 1.4rem;\n  color: rgb(180, 180, 180);\n}\n#text-3476044345 > * {\n  color: rgb(180, 180, 180);\n}\n<\/style>\n\t<\/div>\n\t\n<p>Il est reconnu que les arbres matures peuvent contribuer de mani\u00e8re significative \u00e0 la sant\u00e9 du sol, de l\u2019air et de l\u2019eau dans les villes. Malheureusement, les villes ne sont g\u00e9n\u00e9ralement pas propices \u00e0 la croissance des plantes et peu d&rsquo;arbres vivent assez longtemps pour atteindre la maturit\u00e9 et assurer des services \u00e9cologiques utiles.<\/p>\n<p>Nous prenons en compte le fait que le sol urbain est utilis\u00e9 de mani\u00e8re multifonctionnelle ; par les sp\u00e9cialistes des arbres urbains, les ing\u00e9nieurs civils et les gestionnaires de l\u2019eau, tout en faisant face \u00e0 des mod\u00e8les d\u2019attentes diff\u00e9rents des arbres par rapport aux zones rurales. Dans les villes, les arbres ont besoin d\u2019espace pour se d\u00e9velopper sans endommager la chauss\u00e9e et les infrastructures souterraines.<\/p>\n\n\t\t<\/div>\n\t\t\t\t\t<\/div>\n\n\t\n\n\t<div id=\"col-491554622\" class=\"col medium-5 small-10 large-6\"  >\n\t\t\t\t<div class=\"col-inner text-left\"  >\n\t\t\t\n\t\t\t\n\n\t<div id=\"text-2248650397\" class=\"text\">\n\t\t\n\n<h2>D\u00e9fis de la combinaison des infrastructures vertes, bleues et grises :<\/h2>\n\t\t\n<style>\n#text-2248650397 {\n  font-size: 1.4rem;\n  color: rgb(180, 180, 180);\n}\n#text-2248650397 > * {\n  color: rgb(180, 180, 180);\n}\n<\/style>\n\t<\/div>\n\t\n<p><strong>Manque d&rsquo;espace<\/strong><br>Chaque recoin de la ville a d\u00e9j\u00e0 \u00e9t\u00e9 revendiqu\u00e9 par diverses fonctions ; fondations de routes, r\u00e9seaux d&rsquo;\u00e9gouts, parkings, services publics, etc. Comme il ne reste que de petits espaces disponibles, un volume de sol extr\u00eamement efficace est n\u00e9cessaire pour garantir que les arbres deviennent de grands arbres.<\/p>\n<p><strong>Services publics en tous lieux<\/strong><br>Lorsque vous souhaitez planter un arbre dans la ville, il peut y avoir des services publics situ\u00e9s dans la m\u00eame zone que celle que vous avez pr\u00e9vue de creuser. Et pas toujours l\u00e0 o\u00f9 vous vous y attendez. La relocalisation de ces services publics n\u2019est pas budg\u00e9tis\u00e9e. Il est donc plus rentable que la fosse \u00e0 arbres s&rsquo;int\u00e8gre au mieux avec les services publics. <\/p>\n<p><strong>Sp\u00e9cification construction routi\u00e8re<\/strong><br>Contrairement \u00e0 la construction des routes qui n\u00e9cessite un sol tr\u00e8s compact, les arbres ont besoin d&rsquo;un sol en libert\u00e9 et bien a\u00e9r\u00e9. Les arbres qui tentent de pousser dans un sol compact atteignent rarement leur plein potentiel de croissance et risquent de mourir pr\u00e9matur\u00e9ment ou d&rsquo;endommager la chauss\u00e9e en tentant de survivre. <\/p>\n<p><strong>Cycle de l&rsquo;eau perturb\u00e9e<\/strong><br>Lorsque nous canalisons l\u2019eau par les \u00e9gouts, le sol urbain et les arbres se dess\u00e8chent. Il s&rsquo;agit d\u2019un principe souvent appliqu\u00e9. Il est plus logique de laisser d&rsquo;abord l&rsquo;arbre tirer parti de la pluie avant qu&rsquo;il ne s&rsquo;\u00e9goutte. Des solutions fond\u00e9es sur des processus circulaires plut\u00f4t que lin\u00e9aires sont donc n\u00e9cessaires. <\/p>\n<p>Malgr\u00e9 des conditions difficiles dans la ville, nous devons essayer de cr\u00e9er la situation la plus id\u00e9ale pour l\u2019arbre. L&rsquo;utilisation monofonctionnelle de l&rsquo;espace est p\u00e9rim\u00e9e.<\/p>\n\n\t\t<\/div>\n\t\t\t\t\t<\/div>\n\n\t\n\n<\/div>\n\n\t<section class=\"section info-card-1\" id=\"section_1280923748\">\n\t\t<div class=\"section-bg fill\" >\n\t\t\t\t\t\t\t\t\t\n\t\t\t\n\n\t\t<\/div>\n\n\t\t\n\n\t\t<div class=\"section-content relative\">\n\t\t\t\n\n<div class=\"row\"  id=\"row-1983294037\">\n\n\n\t<div id=\"col-1340626165\" class=\"col small-12 large-12\"  >\n\t\t\t\t<div class=\"col-inner text-center\"  >\n\t\t\t\n\t\t\t\n\n<h1>Produits apparent\u00e9s<\/h1>\n\n\t\t<\/div>\n\t\t\t\t\n<style>\n#col-1340626165 > .col-inner {\n  padding: 20px 0px 0px 0px;\n}\n<\/style>\n\t<\/div>\n\n\t\n\n<\/div>\n<div class=\"row row-small align-equal\"  id=\"row-1045953358\">\n\n\n\t<div id=\"col-30727586\" class=\"col medium-6 small-12 large-6\"  data-animate=\"flipInX\">\n\t\t\t\t<div class=\"col-inner\"  >\n\t\t\t\n\t\t\t\n\n\t<div class=\"box has-hover   has-hover box-push box-text-bottom\" >\n\n\t\t<div class=\"box-image\" >\n\t\t\t<a href=\"https:\/\/treebuilders.eu\/products\/treeparker-system\/\" >\t\t\t<div class=\"image-zoom image-cover\" style=\"padding-top:70%;\">\n\t\t\t\t<img loading=\"lazy\" decoding=\"async\" width=\"900\" height=\"600\" src=\"https:\/\/treebuilders.eu\/wp-content\/uploads\/2023\/02\/20180321koekelbergbomen157klein.jpg\" class=\"attachment- size-\" alt=\"\" srcset=\"https:\/\/treebuilders.eu\/wp-content\/uploads\/2023\/02\/20180321koekelbergbomen157klein.jpg 900w, https:\/\/treebuilders.eu\/wp-content\/uploads\/2023\/02\/20180321koekelbergbomen157klein-600x400.jpg 600w, https:\/\/treebuilders.eu\/wp-content\/uploads\/2023\/02\/20180321koekelbergbomen157klein-768x512.jpg 768w\" sizes=\"auto, (max-width: 900px) 100vw, 900px\" \/>\t\t\t\t\t\t\t\t\t\t\t<\/div>\n\t\t\t<\/a>\t\t<\/div>\n\n\t\t<div class=\"box-text text-center\" style=\"background-color:rgb(255, 255, 255);padding:20px 5% 20px 5%;\">\n\t\t\t<div class=\"box-text-inner\">\n\t\t\t\t\n\n<h1>Le syst\u00e8me TreeParker<b>\u00ae<\/b><\/h1>\n<p>Le syst\u00e8me de structuration racinaire modulaire inclue la gestion des eaux pluviales. Notre syst\u00e8me TreeParker offre les conditions les plus id\u00e9ales pour que les arbres prosp\u00e8rent sous le pav\u00e9. <\/p>\n<a href=\"https:\/\/treebuilders.eu\/products\/treeparker-system\/\" class=\"button alert\" style=\"border-radius:10px;\">\n\t\t<span>PLUS D'INFORMATIONS<\/span>\n\t<\/a>\n\n\n\n\t\t\t<\/div>\n\t\t<\/div>\n\t<\/div>\n\t\n\n\t\t<\/div>\n\t\t\t\t\t<\/div>\n\n\t\n\n\t<div id=\"col-946343187\" class=\"col medium-6 small-12 large-6\"  data-animate=\"flipInX\">\n\t\t\t\t<div class=\"col-inner\"  >\n\t\t\t\n\t\t\t\n\n\t<div class=\"box has-hover   has-hover box-push box-text-bottom\" >\n\n\t\t<div class=\"box-image\" >\n\t\t\t<a href=\"https:\/\/treebuilders.eu\/products\/sandwich-construction\/\" >\t\t\t<div class=\"image-zoom image-cover\" style=\"padding-top:70%;\">\n\t\t\t\t<img loading=\"lazy\" decoding=\"async\" width=\"4000\" height=\"2248\" src=\"https:\/\/treebuilders.eu\/wp-content\/uploads\/2023\/02\/SandwichPanel-2.png\" class=\"attachment- size-\" alt=\"\" srcset=\"https:\/\/treebuilders.eu\/wp-content\/uploads\/2023\/02\/SandwichPanel-2.png 4000w, https:\/\/treebuilders.eu\/wp-content\/uploads\/2023\/02\/SandwichPanel-2-712x400.png 712w, https:\/\/treebuilders.eu\/wp-content\/uploads\/2023\/02\/SandwichPanel-2-1400x787.png 1400w, https:\/\/treebuilders.eu\/wp-content\/uploads\/2023\/02\/SandwichPanel-2-768x432.png 768w, https:\/\/treebuilders.eu\/wp-content\/uploads\/2023\/02\/SandwichPanel-2-1536x863.png 1536w, https:\/\/treebuilders.eu\/wp-content\/uploads\/2023\/02\/SandwichPanel-2-2048x1151.png 2048w, https:\/\/treebuilders.eu\/wp-content\/uploads\/2023\/02\/SandwichPanel-2-600x337.png 600w\" sizes=\"auto, (max-width: 4000px) 100vw, 4000px\" \/>\t\t\t\t\t\t\t\t\t\t\t<\/div>\n\t\t\t<\/a>\t\t<\/div>\n\n\t\t<div class=\"box-text text-center\" style=\"background-color:rgb(255, 255, 255);padding:20px 5% 20px 5%;\">\n\t\t\t<div class=\"box-text-inner\">\n\t\t\t\t\n\n<h1>Construction en sandwich<\/h1>\n<p>Syst\u00e8me porteur et diffusion de pression. Les syst\u00e8mes de diffusion de pression r\u00e9partissent la charge des mouvements de v\u00e9hicules autour de la zone d&rsquo;enracinement de l&rsquo;arbre et \u00e9liminent\/r\u00e9duisent le compactage du sol dans la fosse. <\/p>\n<a href=\"https:\/\/treebuilders.eu\/products\/sandwich-construction\/\" class=\"button alert\" style=\"border-radius:10px;\">\n\t\t<span>PLUS D'INFORMATIONS<\/span>\n\t<\/a>\n\n\n\n\t\t\t<\/div>\n\t\t<\/div>\n\t<\/div>\n\t\n\n\t\t<\/div>\n\t\t\t\t\t<\/div>\n\n\t\n\n\n<style>\n#row-1045953358 > .col > .col-inner {\n  background-color: rgb(255,255,255);\n}\n<\/style>\n<\/div>\n\n\t\t<\/div>\n\n\t\t\n<style>\n#section_1280923748 {\n  padding-top: 50px;\n  padding-bottom: 50px;\n  background-color: rgb(244, 244, 244);\n}\n<\/style>\n\t<\/section>\n\t\n\n\t<section class=\"section dark\" id=\"section_1538390854\">\n\t\t<div class=\"section-bg fill\" >\n\t\t\t\t\t\t\t\t\t\n\t\t\t\n\n\t\t<\/div>\n\n\t\t\n\n\t\t<div class=\"section-content relative\">\n\t\t\t\n\n<div class=\"row row-small align-equal align-center\"  id=\"row-1811826020\">\n\n\n\t<div id=\"col-1140208620\" class=\"col medium-10 small-9 large-4\"  >\n\t\t\t\t<div class=\"col-inner\"  >\n\t\t\t\n\t\t\t\n\n\t<div id=\"text-2568300985\" class=\"text\">\n\t\t\n\n<h3>Plus d&rsquo;informations sur nos solutions de plantation d&rsquo;arbres urbains ?<\/h3>\n\t\t\n<style>\n#text-2568300985 {\n  font-size: 1.55rem;\n  line-height: 1.15;\n  text-align: left;\n}\n<\/style>\n\t<\/div>\n\t\n\n\t\t<\/div>\n\t\t\t\t\t<\/div>\n\n\t\n\n\t<div id=\"col-1425992554\" class=\"col medium-10 small-9 large-4\"  >\n\t\t\t\t<div class=\"col-inner text-left\"  >\n\t\t\t\n\t\t\t\n\n\t<div id=\"text-2834305058\" class=\"text\">\n\t\t\n\n<p>Consultez nos catalogues, fiches techniques et instructions de poses :<\/p>\n\t\t\n<style>\n#text-2834305058 {\n  text-align: left;\n}\n<\/style>\n\t<\/div>\n\t\n<a href=\"https:\/\/treebuilders.eu\/nl\/downloads\/\" class=\"button alert\" style=\"border-radius:10px;\">\n\t\t<span>VOIR LES T\u00c9L\u00c9CHARGEMENTS<\/span>\n\t<\/a>\n\n\n\n\t\t<\/div>\n\t\t\t\t\t<\/div>\n\n\t\n\n\t<div id=\"col-270103423\" class=\"col medium-10 small-9 large-4\"  >\n\t\t\t\t<div class=\"col-inner text-left\"  >\n\t\t\t\n\t\t\t\n\n\t<div id=\"text-2075220151\" class=\"text\">\n\t\t\n\n<p>Ou contactez-nous directement :<\/p>\n<ul>\n<li><a href=\"tel:+31413530266\" data-line-height=\"l\">+31(0) 413 530 266<\/a><\/li>\n<li><a href=\"mailto:info@treebuilders.eu\" data-line-height=\"l\">info@treebuilders.eu<\/a><\/li>\n<\/ul>\n\t\t\n<style>\n#text-2075220151 {\n  text-align: left;\n}\n<\/style>\n\t<\/div>\n\t\n\n\t\t<\/div>\n\t\t\t\t\t<\/div>\n\n\t\n\n<\/div>\n\n\t\t<\/div>\n\n\t\t\n<style>\n#section_1538390854 {\n  padding-top: 45px;\n  padding-bottom: 45px;\n  background-color: rgb(116, 151, 167);\n}\n<\/style>\n\t<\/section>\n\t\n\n","protected":false},"excerpt":{"rendered":"","protected":false},"author":1,"featured_media":0,"parent":2427,"menu_order":0,"comment_status":"closed","ping_status":"closed","template":"page-blank.php","meta":{"footnotes":""},"class_list":["post-2429","page","type-page","status-publish","hentry"],"yoast_head":"<!-- This site is optimized with the Yoast SEO plugin v27.2 - https:\/\/yoast.com\/product\/yoast-seo-wordpress\/ -->\n<title>Solutions de plantation d&#039;arbres en milieu urbain - TreeBuilders<\/title>\n<meta name=\"robots\" content=\"index, follow, max-snippet:-1, max-image-preview:large, max-video-preview:-1\" \/>\n<link rel=\"canonical\" href=\"https:\/\/treebuilders.eu\/fr\/solutions\/solutions-de-plantation-darbres-en-milieu-urbain\/\" \/>\n<meta property=\"og:locale\" content=\"fr_FR\" \/>\n<meta property=\"og:type\" content=\"article\" \/>\n<meta property=\"og:title\" content=\"Solutions de plantation d&#039;arbres en milieu urbain - TreeBuilders\" \/>\n<meta property=\"og:url\" content=\"https:\/\/treebuilders.eu\/fr\/solutions\/solutions-de-plantation-darbres-en-milieu-urbain\/\" \/>\n<meta property=\"og:site_name\" content=\"TreeBuilders\" \/>\n<meta property=\"article:publisher\" content=\"https:\/\/www.facebook.com\/profile.php?id=100089805041700\" \/>\n<meta property=\"article:modified_time\" content=\"2023-07-11T14:31:27+00:00\" \/>\n<meta name=\"twitter:card\" content=\"summary_large_image\" \/>\n<meta name=\"twitter:label1\" content=\"Dur\u00e9e de lecture estim\u00e9e\" \/>\n\t<meta name=\"twitter:data1\" content=\"6 minutes\" \/>\n<script type=\"application\/ld+json\" class=\"yoast-schema-graph\">{\"@context\":\"https:\/\/schema.org\",\"@graph\":[{\"@type\":\"WebPage\",\"@id\":\"https:\/\/treebuilders.eu\/fr\/solutions\/solutions-de-plantation-darbres-en-milieu-urbain\/\",\"url\":\"https:\/\/treebuilders.eu\/fr\/solutions\/solutions-de-plantation-darbres-en-milieu-urbain\/\",\"name\":\"Solutions de plantation d'arbres en milieu urbain - TreeBuilders\",\"isPartOf\":{\"@id\":\"https:\/\/treebuilders.eu\/fr\/#website\"},\"datePublished\":\"2023-02-24T14:57:54+00:00\",\"dateModified\":\"2023-07-11T14:31:27+00:00\",\"breadcrumb\":{\"@id\":\"https:\/\/treebuilders.eu\/fr\/solutions\/solutions-de-plantation-darbres-en-milieu-urbain\/#breadcrumb\"},\"inLanguage\":\"fr-FR\",\"potentialAction\":[{\"@type\":\"ReadAction\",\"target\":[\"https:\/\/treebuilders.eu\/fr\/solutions\/solutions-de-plantation-darbres-en-milieu-urbain\/\"]}]},{\"@type\":\"BreadcrumbList\",\"@id\":\"https:\/\/treebuilders.eu\/fr\/solutions\/solutions-de-plantation-darbres-en-milieu-urbain\/#breadcrumb\",\"itemListElement\":[{\"@type\":\"ListItem\",\"position\":1,\"name\":\"Home\",\"item\":\"https:\/\/treebuilders.eu\/fr\/\"},{\"@type\":\"ListItem\",\"position\":2,\"name\":\"Solutions\",\"item\":\"https:\/\/treebuilders.eu\/fr\/solutions\/\"},{\"@type\":\"ListItem\",\"position\":3,\"name\":\"Solutions de plantation d&#8217;arbres en milieu urbain\"}]},{\"@type\":\"WebSite\",\"@id\":\"https:\/\/treebuilders.eu\/fr\/#website\",\"url\":\"https:\/\/treebuilders.eu\/fr\/\",\"name\":\"TreeBuilders\",\"description\":\"Creating cities to live in.\",\"publisher\":{\"@id\":\"https:\/\/treebuilders.eu\/fr\/#organization\"},\"potentialAction\":[{\"@type\":\"SearchAction\",\"target\":{\"@type\":\"EntryPoint\",\"urlTemplate\":\"https:\/\/treebuilders.eu\/fr\/?s={search_term_string}\"},\"query-input\":{\"@type\":\"PropertyValueSpecification\",\"valueRequired\":true,\"valueName\":\"search_term_string\"}}],\"inLanguage\":\"fr-FR\"},{\"@type\":\"Organization\",\"@id\":\"https:\/\/treebuilders.eu\/fr\/#organization\",\"name\":\"TreeBuilders\",\"url\":\"https:\/\/treebuilders.eu\/fr\/\",\"logo\":{\"@type\":\"ImageObject\",\"inLanguage\":\"fr-FR\",\"@id\":\"https:\/\/treebuilders.eu\/fr\/#\/schema\/logo\/image\/\",\"url\":\"https:\/\/treebuilders.eu\/wp-content\/uploads\/2023\/07\/TreeBuilders-logo.png\",\"contentUrl\":\"https:\/\/treebuilders.eu\/wp-content\/uploads\/2023\/07\/TreeBuilders-logo.png\",\"width\":984,\"height\":1075,\"caption\":\"TreeBuilders\"},\"image\":{\"@id\":\"https:\/\/treebuilders.eu\/fr\/#\/schema\/logo\/image\/\"},\"sameAs\":[\"https:\/\/www.facebook.com\/profile.php?id=100089805041700\",\"https:\/\/www.linkedin.com\/company\/treebuilders\/\",\"https:\/\/www.instagram.com\/treebuilders.eu\/\",\"https:\/\/www.youtube.com\/channel\/UCklfVVzLZ53h-J5yrofPQ2g?app=desktop\"]}]}<\/script>\n<!-- \/ Yoast SEO plugin. -->","yoast_head_json":{"title":"Solutions de plantation d'arbres en milieu urbain - TreeBuilders","robots":{"index":"index","follow":"follow","max-snippet":"max-snippet:-1","max-image-preview":"max-image-preview:large","max-video-preview":"max-video-preview:-1"},"canonical":"https:\/\/treebuilders.eu\/fr\/solutions\/solutions-de-plantation-darbres-en-milieu-urbain\/","og_locale":"fr_FR","og_type":"article","og_title":"Solutions de plantation d'arbres en milieu urbain - TreeBuilders","og_url":"https:\/\/treebuilders.eu\/fr\/solutions\/solutions-de-plantation-darbres-en-milieu-urbain\/","og_site_name":"TreeBuilders","article_publisher":"https:\/\/www.facebook.com\/profile.php?id=100089805041700","article_modified_time":"2023-07-11T14:31:27+00:00","twitter_card":"summary_large_image","twitter_misc":{"Dur\u00e9e de lecture estim\u00e9e":"6 minutes"},"schema":{"@context":"https:\/\/schema.org","@graph":[{"@type":"WebPage","@id":"https:\/\/treebuilders.eu\/fr\/solutions\/solutions-de-plantation-darbres-en-milieu-urbain\/","url":"https:\/\/treebuilders.eu\/fr\/solutions\/solutions-de-plantation-darbres-en-milieu-urbain\/","name":"Solutions de plantation d'arbres en milieu urbain - TreeBuilders","isPartOf":{"@id":"https:\/\/treebuilders.eu\/fr\/#website"},"datePublished":"2023-02-24T14:57:54+00:00","dateModified":"2023-07-11T14:31:27+00:00","breadcrumb":{"@id":"https:\/\/treebuilders.eu\/fr\/solutions\/solutions-de-plantation-darbres-en-milieu-urbain\/#breadcrumb"},"inLanguage":"fr-FR","potentialAction":[{"@type":"ReadAction","target":["https:\/\/treebuilders.eu\/fr\/solutions\/solutions-de-plantation-darbres-en-milieu-urbain\/"]}]},{"@type":"BreadcrumbList","@id":"https:\/\/treebuilders.eu\/fr\/solutions\/solutions-de-plantation-darbres-en-milieu-urbain\/#breadcrumb","itemListElement":[{"@type":"ListItem","position":1,"name":"Home","item":"https:\/\/treebuilders.eu\/fr\/"},{"@type":"ListItem","position":2,"name":"Solutions","item":"https:\/\/treebuilders.eu\/fr\/solutions\/"},{"@type":"ListItem","position":3,"name":"Solutions de plantation d&#8217;arbres en milieu urbain"}]},{"@type":"WebSite","@id":"https:\/\/treebuilders.eu\/fr\/#website","url":"https:\/\/treebuilders.eu\/fr\/","name":"TreeBuilders","description":"Creating cities to live in.","publisher":{"@id":"https:\/\/treebuilders.eu\/fr\/#organization"},"potentialAction":[{"@type":"SearchAction","target":{"@type":"EntryPoint","urlTemplate":"https:\/\/treebuilders.eu\/fr\/?s={search_term_string}"},"query-input":{"@type":"PropertyValueSpecification","valueRequired":true,"valueName":"search_term_string"}}],"inLanguage":"fr-FR"},{"@type":"Organization","@id":"https:\/\/treebuilders.eu\/fr\/#organization","name":"TreeBuilders","url":"https:\/\/treebuilders.eu\/fr\/","logo":{"@type":"ImageObject","inLanguage":"fr-FR","@id":"https:\/\/treebuilders.eu\/fr\/#\/schema\/logo\/image\/","url":"https:\/\/treebuilders.eu\/wp-content\/uploads\/2023\/07\/TreeBuilders-logo.png","contentUrl":"https:\/\/treebuilders.eu\/wp-content\/uploads\/2023\/07\/TreeBuilders-logo.png","width":984,"height":1075,"caption":"TreeBuilders"},"image":{"@id":"https:\/\/treebuilders.eu\/fr\/#\/schema\/logo\/image\/"},"sameAs":["https:\/\/www.facebook.com\/profile.php?id=100089805041700","https:\/\/www.linkedin.com\/company\/treebuilders\/","https:\/\/www.instagram.com\/treebuilders.eu\/","https:\/\/www.youtube.com\/channel\/UCklfVVzLZ53h-J5yrofPQ2g?app=desktop"]}]}},"_links":{"self":[{"href":"https:\/\/treebuilders.eu\/fr\/wp-json\/wp\/v2\/pages\/2429","targetHints":{"allow":["GET"]}}],"collection":[{"href":"https:\/\/treebuilders.eu\/fr\/wp-json\/wp\/v2\/pages"}],"about":[{"href":"https:\/\/treebuilders.eu\/fr\/wp-json\/wp\/v2\/types\/page"}],"author":[{"embeddable":true,"href":"https:\/\/treebuilders.eu\/fr\/wp-json\/wp\/v2\/users\/1"}],"replies":[{"embeddable":true,"href":"https:\/\/treebuilders.eu\/fr\/wp-json\/wp\/v2\/comments?post=2429"}],"version-history":[{"count":1,"href":"https:\/\/treebuilders.eu\/fr\/wp-json\/wp\/v2\/pages\/2429\/revisions"}],"predecessor-version":[{"id":2430,"href":"https:\/\/treebuilders.eu\/fr\/wp-json\/wp\/v2\/pages\/2429\/revisions\/2430"}],"up":[{"embeddable":true,"href":"https:\/\/treebuilders.eu\/fr\/wp-json\/wp\/v2\/pages\/2427"}],"wp:attachment":[{"href":"https:\/\/treebuilders.eu\/fr\/wp-json\/wp\/v2\/media?parent=2429"}],"curies":[{"name":"wp","href":"https:\/\/api.w.org\/{rel}","templated":true}]}}