{"id":2433,"date":"2023-02-16T10:23:43","date_gmt":"2023-02-16T10:23:43","guid":{"rendered":"https:\/\/treebuilders.eu\/produits\/"},"modified":"2023-07-11T14:42:32","modified_gmt":"2023-07-11T14:42:32","slug":"produits","status":"publish","type":"page","link":"https:\/\/treebuilders.eu\/fr\/produits\/","title":{"rendered":"Produits"},"content":{"rendered":"\n\n  <div class=\"banner has-hover\" id=\"banner-780717255\">\n          <div class=\"banner-inner fill\">\n        <div class=\"banner-bg fill\" >\n            <img loading=\"lazy\" decoding=\"async\" width=\"2560\" height=\"1682\" src=\"https:\/\/treebuilders.eu\/wp-content\/uploads\/2023\/02\/mai-2020-1-scaled.jpg\" class=\"bg attachment-original size-original\" alt=\"\" \/>                                    \n                    <\/div>\n\t\t\n        <div class=\"banner-layers container\">\n            <div class=\"fill banner-link\"><\/div>            \n\n\n        <\/div>\n      <\/div>\n\n            \n<style>\n#banner-780717255 {\n  padding-top: 320px;\n}\n#banner-780717255 .banner-bg img {\n  object-position: 49% 42%;\n}\n<\/style>\n  <\/div>\n\n\n<div class=\"row align-center\"  id=\"row-850535470\">\n\n\n\t<div id=\"col-1612932991\" class=\"col medium-11 small-11 large-12\"  >\n\t\t\t\t<div class=\"col-inner\"  >\n\t\t\t\n\t\t\t\n\n<div class=\"is-divider divider clearfix\" style=\"background-color:rgba(255, 255, 255, 0);\"><\/div>\n\n\t<div id=\"text-2638806602\" class=\"text\">\n\t\t\n\n<h1>Nos produits innovants et circulaires<\/h1>\n\t\t\n<style>\n#text-2638806602 {\n  font-size: 1.5rem;\n}\n<\/style>\n\t<\/div>\n\t\n<p>D\u00e9couvrez nos produits qui aident les arbres \u00e0 prosp\u00e9rer en milieu urbain. Gr\u00e2ce \u00e0 notre connaissance approfondie de divers syst\u00e8mes \u00e9prouv\u00e9s, nos experts peuvent vous fournir les conseils les plus complets concernant les syst\u00e8mes de structure racinaire dans le paysage urbain. Nous pouvons conseiller et guider les exigences de votre projet, du d\u00e9but jusqu&rsquo;\u00e0 la fin, et vous offrir des solutions personnalis\u00e9es dans diff\u00e9rentes gammes de prix.<\/p>\n\n\t\t<\/div>\n\t\t\t\t\t<\/div>\n\n\t\n\n<\/div>\n<div class=\"is-divider divider clearfix\" style=\"background-color:rgba(255, 255, 255, 0);\"><\/div>\n\n\n\t<section class=\"section info-card-1\" id=\"section_370285107\">\n\t\t<div class=\"section-bg fill\" >\n\t\t\t\t\t\t\t\t\t\n\t\t\t\n\n\t\t<\/div>\n\n\t\t\n\n\t\t<div class=\"section-content relative\">\n\t\t\t\n\n<div class=\"row\"  id=\"row-783840092\">\n\n\n\t<div id=\"col-1687224198\" class=\"col small-12 large-12\"  >\n\t\t\t\t<div class=\"col-inner text-center\"  >\n\t\t\t\n\t\t\t\n\n<h1>D\u00e9velopp\u00e9 et produit par TreeBuilders<\/h1>\n\n\t\t<\/div>\n\t\t\t\t\n<style>\n#col-1687224198 > .col-inner {\n  padding: 20px 0px 0px 0px;\n}\n<\/style>\n\t<\/div>\n\n\t\n\n<\/div>\n<div class=\"row row-small align-equal\"  id=\"row-481114209\">\n\n\n\t<div id=\"col-1977458967\" class=\"col medium-6 small-12 large-6\"  data-animate=\"flipInX\">\n\t\t\t\t<div class=\"col-inner\"  >\n\t\t\t\n\t\t\t\n\n\t<div class=\"box has-hover   has-hover box-push box-text-bottom\" >\n\n\t\t<div class=\"box-image\" >\n\t\t\t<a href=\"https:\/\/treebuilders.eu\/fr\/treeparker-system-4\/\" >\t\t\t<div class=\"image-zoom image-cover\" style=\"padding-top:70%;\">\n\t\t\t\t<img loading=\"lazy\" decoding=\"async\" width=\"2560\" height=\"1714\" src=\"https:\/\/treebuilders.eu\/wp-content\/uploads\/2023\/07\/mai-2020-2-scaled.jpg\" class=\"attachment- size-\" alt=\"TreeParker system\" srcset=\"https:\/\/treebuilders.eu\/wp-content\/uploads\/2023\/07\/mai-2020-2-scaled.jpg 2560w, https:\/\/treebuilders.eu\/wp-content\/uploads\/2023\/07\/mai-2020-2-598x400.jpg 598w, https:\/\/treebuilders.eu\/wp-content\/uploads\/2023\/07\/mai-2020-2-1195x800.jpg 1195w, https:\/\/treebuilders.eu\/wp-content\/uploads\/2023\/07\/mai-2020-2-768x514.jpg 768w, https:\/\/treebuilders.eu\/wp-content\/uploads\/2023\/07\/mai-2020-2-1536x1028.jpg 1536w, https:\/\/treebuilders.eu\/wp-content\/uploads\/2023\/07\/mai-2020-2-2048x1371.jpg 2048w\" sizes=\"auto, (max-width: 2560px) 100vw, 2560px\" \/>\t\t\t\t\t\t\t\t\t\t\t<\/div>\n\t\t\t<\/a>\t\t<\/div>\n\n\t\t<div class=\"box-text text-center\" style=\"background-color:rgb(255, 255, 255);padding:20px 5% 20px 5%;\">\n\t\t\t<div class=\"box-text-inner\">\n\t\t\t\t\n\n<h1>Le syst\u00e8me TreeParker<b>\u00ae<\/b><\/h1>\n<p>Le syst\u00e8me de structuration racinaire modulaire inclue la gestion des eaux pluviales. Notre syst\u00e8me TreeParker offre les conditions les plus id\u00e9ales pour que les arbres prosp\u00e8rent sous le pav\u00e9. <\/p>\n<a href=\"https:\/\/treebuilders.eu\/products\/treeparker-system\/\" class=\"button alert\" style=\"border-radius:10px;\">\n\t\t<span>PLUS D'INFORMATIONS<\/span>\n\t<\/a>\n\n\n\n\t\t\t<\/div>\n\t\t<\/div>\n\t<\/div>\n\t\n\n\t\t<\/div>\n\t\t\t\t\t<\/div>\n\n\t\n\n\t<div id=\"col-935186899\" class=\"col medium-6 small-12 large-6\"  data-animate=\"flipInX\">\n\t\t\t\t<div class=\"col-inner\"  >\n\t\t\t\n\t\t\t\n\n\t<div class=\"box has-hover   has-hover box-push box-text-bottom\" >\n\n\t\t<div class=\"box-image\" >\n\t\t\t<a href=\"https:\/\/treebuilders.eu\/products\/sandwich-construction\/\" >\t\t\t<div class=\"image-zoom image-cover\" style=\"padding-top:70%;\">\n\t\t\t\t<img loading=\"lazy\" decoding=\"async\" width=\"4000\" height=\"2248\" src=\"https:\/\/treebuilders.eu\/wp-content\/uploads\/2023\/02\/SandwichPanel-2.png\" class=\"attachment- size-\" alt=\"\" srcset=\"https:\/\/treebuilders.eu\/wp-content\/uploads\/2023\/02\/SandwichPanel-2.png 4000w, https:\/\/treebuilders.eu\/wp-content\/uploads\/2023\/02\/SandwichPanel-2-712x400.png 712w, https:\/\/treebuilders.eu\/wp-content\/uploads\/2023\/02\/SandwichPanel-2-1400x787.png 1400w, https:\/\/treebuilders.eu\/wp-content\/uploads\/2023\/02\/SandwichPanel-2-768x432.png 768w, https:\/\/treebuilders.eu\/wp-content\/uploads\/2023\/02\/SandwichPanel-2-1536x863.png 1536w, https:\/\/treebuilders.eu\/wp-content\/uploads\/2023\/02\/SandwichPanel-2-2048x1151.png 2048w, https:\/\/treebuilders.eu\/wp-content\/uploads\/2023\/02\/SandwichPanel-2-600x337.png 600w\" sizes=\"auto, (max-width: 4000px) 100vw, 4000px\" \/>\t\t\t\t\t\t\t\t\t\t\t<\/div>\n\t\t\t<\/a>\t\t<\/div>\n\n\t\t<div class=\"box-text text-center\" style=\"background-color:rgb(255, 255, 255);padding:20px 5% 20px 5%;\">\n\t\t\t<div class=\"box-text-inner\">\n\t\t\t\t\n\n<h1>Construction en sandwich<\/h1>\n<p>Syst\u00e8me porteur et diffusion de pression. Les syst\u00e8mes de diffusion de pression r\u00e9partissent la charge des mouvements de v\u00e9hicules autour de la zone d&rsquo;enracinement de l&rsquo;arbre et \u00e9liminent\/r\u00e9duisent le compactage du sol dans la fosse. <\/p>\n<a href=\"https:\/\/treebuilders.eu\/products\/sandwich-construction\/\" class=\"button alert\" style=\"border-radius:10px;\">\n\t\t<span>PLUS D'INFORMATIONS<\/span>\n\t<\/a>\n\n\n\n\t\t\t<\/div>\n\t\t<\/div>\n\t<\/div>\n\t\n\n\t\t<\/div>\n\t\t\t\t\t<\/div>\n\n\t\n\n\n<style>\n#row-481114209 > .col > .col-inner {\n  background-color: rgb(255,255,255);\n}\n<\/style>\n<\/div>\n\n\t\t<\/div>\n\n\t\t\n<style>\n#section_370285107 {\n  padding-top: 50px;\n  padding-bottom: 50px;\n  background-color: rgb(244, 244, 244);\n}\n<\/style>\n\t<\/section>\n\t\n\n","protected":false},"excerpt":{"rendered":"","protected":false},"author":1,"featured_media":0,"parent":0,"menu_order":0,"comment_status":"closed","ping_status":"closed","template":"page-blank.php","meta":{"footnotes":""},"class_list":["post-2433","page","type-page","status-publish","hentry"],"yoast_head":"<!-- This site is optimized with the Yoast SEO plugin v27.3 - https:\/\/yoast.com\/product\/yoast-seo-wordpress\/ -->\n<title>Produits - TreeBuilders<\/title>\n<meta name=\"robots\" content=\"index, follow, max-snippet:-1, max-image-preview:large, max-video-preview:-1\" \/>\n<link rel=\"canonical\" href=\"https:\/\/treebuilders.eu\/fr\/produits\/\" \/>\n<meta property=\"og:locale\" content=\"fr_FR\" \/>\n<meta property=\"og:type\" content=\"article\" \/>\n<meta property=\"og:title\" content=\"Produits - TreeBuilders\" \/>\n<meta property=\"og:url\" content=\"https:\/\/treebuilders.eu\/fr\/produits\/\" \/>\n<meta property=\"og:site_name\" content=\"TreeBuilders\" \/>\n<meta property=\"article:publisher\" content=\"https:\/\/www.facebook.com\/profile.php?id=100089805041700\" \/>\n<meta property=\"article:modified_time\" content=\"2023-07-11T14:42:32+00:00\" \/>\n<meta name=\"twitter:card\" content=\"summary_large_image\" \/>\n<meta name=\"twitter:label1\" content=\"Dur\u00e9e de lecture estim\u00e9e\" \/>\n\t<meta name=\"twitter:data1\" content=\"2 minutes\" \/>\n<script type=\"application\/ld+json\" class=\"yoast-schema-graph\">{\"@context\":\"https:\\\/\\\/schema.org\",\"@graph\":[{\"@type\":\"WebPage\",\"@id\":\"https:\\\/\\\/treebuilders.eu\\\/fr\\\/produits\\\/\",\"url\":\"https:\\\/\\\/treebuilders.eu\\\/fr\\\/produits\\\/\",\"name\":\"Produits - TreeBuilders\",\"isPartOf\":{\"@id\":\"https:\\\/\\\/treebuilders.eu\\\/fr\\\/#website\"},\"datePublished\":\"2023-02-16T10:23:43+00:00\",\"dateModified\":\"2023-07-11T14:42:32+00:00\",\"breadcrumb\":{\"@id\":\"https:\\\/\\\/treebuilders.eu\\\/fr\\\/produits\\\/#breadcrumb\"},\"inLanguage\":\"fr-FR\",\"potentialAction\":[{\"@type\":\"ReadAction\",\"target\":[\"https:\\\/\\\/treebuilders.eu\\\/fr\\\/produits\\\/\"]}]},{\"@type\":\"BreadcrumbList\",\"@id\":\"https:\\\/\\\/treebuilders.eu\\\/fr\\\/produits\\\/#breadcrumb\",\"itemListElement\":[{\"@type\":\"ListItem\",\"position\":1,\"name\":\"Home\",\"item\":\"https:\\\/\\\/treebuilders.eu\\\/fr\\\/\"},{\"@type\":\"ListItem\",\"position\":2,\"name\":\"Produits\"}]},{\"@type\":\"WebSite\",\"@id\":\"https:\\\/\\\/treebuilders.eu\\\/fr\\\/#website\",\"url\":\"https:\\\/\\\/treebuilders.eu\\\/fr\\\/\",\"name\":\"TreeBuilders\",\"description\":\"Creating cities to live in.\",\"publisher\":{\"@id\":\"https:\\\/\\\/treebuilders.eu\\\/fr\\\/#organization\"},\"potentialAction\":[{\"@type\":\"SearchAction\",\"target\":{\"@type\":\"EntryPoint\",\"urlTemplate\":\"https:\\\/\\\/treebuilders.eu\\\/fr\\\/?s={search_term_string}\"},\"query-input\":{\"@type\":\"PropertyValueSpecification\",\"valueRequired\":true,\"valueName\":\"search_term_string\"}}],\"inLanguage\":\"fr-FR\"},{\"@type\":\"Organization\",\"@id\":\"https:\\\/\\\/treebuilders.eu\\\/fr\\\/#organization\",\"name\":\"TreeBuilders\",\"url\":\"https:\\\/\\\/treebuilders.eu\\\/fr\\\/\",\"logo\":{\"@type\":\"ImageObject\",\"inLanguage\":\"fr-FR\",\"@id\":\"https:\\\/\\\/treebuilders.eu\\\/fr\\\/#\\\/schema\\\/logo\\\/image\\\/\",\"url\":\"https:\\\/\\\/treebuilders.eu\\\/wp-content\\\/uploads\\\/2023\\\/07\\\/TreeBuilders-logo.png\",\"contentUrl\":\"https:\\\/\\\/treebuilders.eu\\\/wp-content\\\/uploads\\\/2023\\\/07\\\/TreeBuilders-logo.png\",\"width\":984,\"height\":1075,\"caption\":\"TreeBuilders\"},\"image\":{\"@id\":\"https:\\\/\\\/treebuilders.eu\\\/fr\\\/#\\\/schema\\\/logo\\\/image\\\/\"},\"sameAs\":[\"https:\\\/\\\/www.facebook.com\\\/profile.php?id=100089805041700\",\"https:\\\/\\\/www.linkedin.com\\\/company\\\/treebuilders\\\/\",\"https:\\\/\\\/www.instagram.com\\\/treebuilders.eu\\\/\",\"https:\\\/\\\/www.youtube.com\\\/channel\\\/UCklfVVzLZ53h-J5yrofPQ2g?app=desktop\"]}]}<\/script>\n<!-- \/ Yoast SEO plugin. -->","yoast_head_json":{"title":"Produits - TreeBuilders","robots":{"index":"index","follow":"follow","max-snippet":"max-snippet:-1","max-image-preview":"max-image-preview:large","max-video-preview":"max-video-preview:-1"},"canonical":"https:\/\/treebuilders.eu\/fr\/produits\/","og_locale":"fr_FR","og_type":"article","og_title":"Produits - TreeBuilders","og_url":"https:\/\/treebuilders.eu\/fr\/produits\/","og_site_name":"TreeBuilders","article_publisher":"https:\/\/www.facebook.com\/profile.php?id=100089805041700","article_modified_time":"2023-07-11T14:42:32+00:00","twitter_card":"summary_large_image","twitter_misc":{"Dur\u00e9e de lecture estim\u00e9e":"2 minutes"},"schema":{"@context":"https:\/\/schema.org","@graph":[{"@type":"WebPage","@id":"https:\/\/treebuilders.eu\/fr\/produits\/","url":"https:\/\/treebuilders.eu\/fr\/produits\/","name":"Produits - TreeBuilders","isPartOf":{"@id":"https:\/\/treebuilders.eu\/fr\/#website"},"datePublished":"2023-02-16T10:23:43+00:00","dateModified":"2023-07-11T14:42:32+00:00","breadcrumb":{"@id":"https:\/\/treebuilders.eu\/fr\/produits\/#breadcrumb"},"inLanguage":"fr-FR","potentialAction":[{"@type":"ReadAction","target":["https:\/\/treebuilders.eu\/fr\/produits\/"]}]},{"@type":"BreadcrumbList","@id":"https:\/\/treebuilders.eu\/fr\/produits\/#breadcrumb","itemListElement":[{"@type":"ListItem","position":1,"name":"Home","item":"https:\/\/treebuilders.eu\/fr\/"},{"@type":"ListItem","position":2,"name":"Produits"}]},{"@type":"WebSite","@id":"https:\/\/treebuilders.eu\/fr\/#website","url":"https:\/\/treebuilders.eu\/fr\/","name":"TreeBuilders","description":"Creating cities to live in.","publisher":{"@id":"https:\/\/treebuilders.eu\/fr\/#organization"},"potentialAction":[{"@type":"SearchAction","target":{"@type":"EntryPoint","urlTemplate":"https:\/\/treebuilders.eu\/fr\/?s={search_term_string}"},"query-input":{"@type":"PropertyValueSpecification","valueRequired":true,"valueName":"search_term_string"}}],"inLanguage":"fr-FR"},{"@type":"Organization","@id":"https:\/\/treebuilders.eu\/fr\/#organization","name":"TreeBuilders","url":"https:\/\/treebuilders.eu\/fr\/","logo":{"@type":"ImageObject","inLanguage":"fr-FR","@id":"https:\/\/treebuilders.eu\/fr\/#\/schema\/logo\/image\/","url":"https:\/\/treebuilders.eu\/wp-content\/uploads\/2023\/07\/TreeBuilders-logo.png","contentUrl":"https:\/\/treebuilders.eu\/wp-content\/uploads\/2023\/07\/TreeBuilders-logo.png","width":984,"height":1075,"caption":"TreeBuilders"},"image":{"@id":"https:\/\/treebuilders.eu\/fr\/#\/schema\/logo\/image\/"},"sameAs":["https:\/\/www.facebook.com\/profile.php?id=100089805041700","https:\/\/www.linkedin.com\/company\/treebuilders\/","https:\/\/www.instagram.com\/treebuilders.eu\/","https:\/\/www.youtube.com\/channel\/UCklfVVzLZ53h-J5yrofPQ2g?app=desktop"]}]}},"_links":{"self":[{"href":"https:\/\/treebuilders.eu\/fr\/wp-json\/wp\/v2\/pages\/2433","targetHints":{"allow":["GET"]}}],"collection":[{"href":"https:\/\/treebuilders.eu\/fr\/wp-json\/wp\/v2\/pages"}],"about":[{"href":"https:\/\/treebuilders.eu\/fr\/wp-json\/wp\/v2\/types\/page"}],"author":[{"embeddable":true,"href":"https:\/\/treebuilders.eu\/fr\/wp-json\/wp\/v2\/users\/1"}],"replies":[{"embeddable":true,"href":"https:\/\/treebuilders.eu\/fr\/wp-json\/wp\/v2\/comments?post=2433"}],"version-history":[{"count":1,"href":"https:\/\/treebuilders.eu\/fr\/wp-json\/wp\/v2\/pages\/2433\/revisions"}],"predecessor-version":[{"id":2434,"href":"https:\/\/treebuilders.eu\/fr\/wp-json\/wp\/v2\/pages\/2433\/revisions\/2434"}],"wp:attachment":[{"href":"https:\/\/treebuilders.eu\/fr\/wp-json\/wp\/v2\/media?parent=2433"}],"curies":[{"name":"wp","href":"https:\/\/api.w.org\/{rel}","templated":true}]}}