{"id":2437,"date":"2023-02-27T11:21:30","date_gmt":"2023-02-27T11:21:30","guid":{"rendered":"https:\/\/treebuilders.eu\/produits\/construction-en-sandwich\/"},"modified":"2023-07-11T14:50:48","modified_gmt":"2023-07-11T14:50:48","slug":"construction-en-sandwich","status":"publish","type":"page","link":"https:\/\/treebuilders.eu\/fr\/produits\/construction-en-sandwich\/","title":{"rendered":"Construction en sandwich"},"content":{"rendered":"\n\n\t<section class=\"section\" id=\"section_1086343900\">\n\t\t<div class=\"section-bg fill\" >\n\t\t\t\t\t\t\t\t\t\n\t\t\t\n\n\t\t<\/div>\n\n\t\t\n\n\t\t<div class=\"section-content relative\">\n\t\t\t\n\n<div class=\"row row-collapse row-full-width align-middle align-center\"  id=\"row-503515592\">\n\n\n\t<div id=\"col-291540687\" class=\"col medium-12 small-12 large-6 medium-col-first\"  >\n\t\t\t\t<div class=\"col-inner\"  >\n\t\t\t\n\t\t\t\n\n<div class=\"slider-wrapper relative\" id=\"slider-763886046\" >\n    <div class=\"slider slider-nav-circle slider-nav-large slider-nav-light slider-style-normal\"\n        data-flickity-options='{\n            \"cellAlign\": \"center\",\n            \"imagesLoaded\": true,\n            \"lazyLoad\": 1,\n            \"freeScroll\": false,\n            \"wrapAround\": true,\n            \"autoPlay\": 5000,\n            \"pauseAutoPlayOnHover\" : true,\n            \"prevNextButtons\": false,\n            \"contain\" : true,\n            \"adaptiveHeight\" : true,\n            \"dragThreshold\" : 10,\n            \"percentPosition\": true,\n            \"pageDots\": true,\n            \"rightToLeft\": false,\n            \"draggable\": true,\n            \"selectedAttraction\": 0.1,\n            \"parallax\" : 0,\n            \"friction\": 0.6        }'\n        >\n        \n\n\t<div class=\"img has-hover x md-x lg-x y md-y lg-y\" id=\"image_92858362\">\n\t\t\t\t\t\t\t\t<div class=\"img-inner image-cover dark\" style=\"padding-top:550px;\">\n\t\t\t<img loading=\"lazy\" decoding=\"async\" width=\"1020\" height=\"573\" src=\"https:\/\/treebuilders.eu\/wp-content\/uploads\/2023\/02\/Sandwichpanel-1-1400x787.jpg\" class=\"attachment-large size-large\" alt=\"Sandwich construction TreeBuilders\" srcset=\"https:\/\/treebuilders.eu\/wp-content\/uploads\/2023\/02\/Sandwichpanel-1-1400x787.jpg 1400w, https:\/\/treebuilders.eu\/wp-content\/uploads\/2023\/02\/Sandwichpanel-1-712x400.jpg 712w, https:\/\/treebuilders.eu\/wp-content\/uploads\/2023\/02\/Sandwichpanel-1-768x432.jpg 768w, https:\/\/treebuilders.eu\/wp-content\/uploads\/2023\/02\/Sandwichpanel-1-1536x863.jpg 1536w, https:\/\/treebuilders.eu\/wp-content\/uploads\/2023\/02\/Sandwichpanel-1-2048x1151.jpg 2048w, https:\/\/treebuilders.eu\/wp-content\/uploads\/2023\/02\/Sandwichpanel-1-600x337.jpg 600w\" sizes=\"auto, (max-width: 1020px) 100vw, 1020px\" \/>\t\t\t\t\t\t\n\t\t\t\t\t<\/div>\n\t\t\t\t\t\t\t\t\n<style>\n#image_92858362 {\n  width: 100%;\n}\n<\/style>\n\t<\/div>\n\t\n\n\t<div class=\"img has-hover x md-x lg-x y md-y lg-y\" id=\"image_983780677\">\n\t\t\t\t\t\t\t\t<div class=\"img-inner image-cover dark\" style=\"padding-top:550px;\">\n\t\t\t<img loading=\"lazy\" decoding=\"async\" width=\"1020\" height=\"573\" src=\"https:\/\/treebuilders.eu\/wp-content\/uploads\/2023\/02\/SandwichPanel-2-1400x787.jpg\" class=\"attachment-large size-large\" alt=\"Sandwich construction TreeBuilders\" srcset=\"https:\/\/treebuilders.eu\/wp-content\/uploads\/2023\/02\/SandwichPanel-2-1400x787.jpg 1400w, https:\/\/treebuilders.eu\/wp-content\/uploads\/2023\/02\/SandwichPanel-2-712x400.jpg 712w, https:\/\/treebuilders.eu\/wp-content\/uploads\/2023\/02\/SandwichPanel-2-768x432.jpg 768w, https:\/\/treebuilders.eu\/wp-content\/uploads\/2023\/02\/SandwichPanel-2-1536x863.jpg 1536w, https:\/\/treebuilders.eu\/wp-content\/uploads\/2023\/02\/SandwichPanel-2-2048x1151.jpg 2048w, https:\/\/treebuilders.eu\/wp-content\/uploads\/2023\/02\/SandwichPanel-2-600x337.jpg 600w\" sizes=\"auto, (max-width: 1020px) 100vw, 1020px\" \/>\t\t\t\t\t\t\n\t\t\t\t\t<\/div>\n\t\t\t\t\t\t\t\t\n<style>\n#image_983780677 {\n  width: 100%;\n}\n<\/style>\n\t<\/div>\n\t\n\n\n     <\/div>\n\n     <div class=\"loading-spin dark large centered\"><\/div>\n\n\t<\/div>\n\n\n\n\t\t<\/div>\n\t\t\t\t\t<\/div>\n\n\t\n\n\t<div id=\"col-177585560\" class=\"col index-up medium-12 small-11 large-6\"  >\n\t\t\t\t<div class=\"col-inner\"  >\n\t\t\t\n\t\t\t\n\n\t<div id=\"gap-698167097\" class=\"gap-element clearfix\" style=\"display:block; height:auto;\">\n\t\t\n<style>\n#gap-698167097 {\n  padding-top: 30px;\n}\n<\/style>\n\t<\/div>\n\t\n\n<div class=\"row align-center\"  id=\"row-101261217\">\n\n\n\t<div id=\"col-1989274636\" class=\"col index-up medium-11 small-12 large-12\"  data-animate=\"flipInY\">\n\t\t\t\t<div class=\"col-inner text-center\" style=\"background-color:rgb(255, 255, 255);\" >\n\t\t\t\n\t\t\t\n\n\t<div id=\"text-2037445226\" class=\"text\">\n\t\t\n\n<h1>Construction en sandwich<\/h1>\n\t\t\n<style>\n#text-2037445226 {\n  font-size: 1.5rem;\n  text-align: left;\n}\n<\/style>\n\t<\/div>\n\t\n\t<div id=\"text-2908124853\" class=\"text\">\n\t\t\n\n<p>Syst\u00e8me porteur et diffusion de pression. Notre construction en sandwich remplace la couche de base, cr\u00e9e une couche de base plus fine et augmente le volume de croissance des racines disponible. Les constructions en sandwich sont sp\u00e9cialement d\u00e9velopp\u00e9es pour les situations dans lesquelles il faut s&rsquo;attendre \u00e0 un compactage de la racine en raison des trafics lourd. <\/p>\n\t\t\n<style>\n#text-2908124853 {\n  text-align: left;\n}\n<\/style>\n\t<\/div>\n\t\n\n\t\t<\/div>\n\t\t\t\t\n<style>\n#col-1989274636 > .col-inner {\n  padding: 15% 10% 15% 10%;\n  margin: -100px 0px 0px 0px;\n  border-radius: 5px;\n}\n@media (min-width:550px) {\n  #col-1989274636 > .col-inner {\n    padding: 6% 6% 6% 6%;\n    margin: -150px 0px 0px 0px;\n  }\n}\n@media (min-width:850px) {\n  #col-1989274636 > .col-inner {\n    padding: 7% 10% 7% 10%;\n    margin: 0px 0px 0px -100px;\n  }\n}\n<\/style>\n\t<\/div>\n\n\t\n\n<\/div>\n\n\t\t<\/div>\n\t\t\t\t\n<style>\n#col-177585560 > .col-inner {\n  padding: 10px 0px 20px 0px;\n}\n@media (min-width:550px) {\n  #col-177585560 > .col-inner {\n    padding: 35px 0px 30px 0px;\n  }\n}\n@media (min-width:850px) {\n  #col-177585560 > .col-inner {\n    padding: 0 0px 0px 0px;\n  }\n}\n<\/style>\n\t<\/div>\n\n\t\n\n<\/div>\n\n\t\t<\/div>\n\n\t\t\n<style>\n#section_1086343900 {\n  padding-top: 0px;\n  padding-bottom: 0px;\n  margin-bottom: 0px;\n  background-color: rgb(116, 151, 167);\n}\n@media (min-width:550px) {\n  #section_1086343900 {\n    padding-top: 0px;\n    padding-bottom: 0px;\n  }\n}\n<\/style>\n\t<\/section>\n\t\n<div class=\"is-divider divider clearfix\" style=\"height:40px;background-color:rgba(255, 255, 255, 0);\"><\/div>\n\n<div class=\"row align-center\"  id=\"row-1353607241\">\n\n\n\t<div id=\"col-719709810\" class=\"col medium-5 small-10 large-6\"  >\n\t\t\t\t<div class=\"col-inner\"  >\n\t\t\t\n\t\t\t\n\n\t<div id=\"text-3106965031\" class=\"text\">\n\t\t\n\n<p>Les syst\u00e8mes de diffusion de pression r\u00e9partissent la charge des mouvements de v\u00e9hicules autour de la zone d&rsquo;enracinement de l&rsquo;arbre et \u00e9liminent\/r\u00e9duisent le compactage du sol dans la fosse. Notre construction en sandwich remplace la couche de base, cr\u00e9e une couche de base plus fine et augmente le volume de croissance des racines disponible. La structure ouverte produit une couche d&rsquo;air libre sous la chauss\u00e9e et emp\u00eache aux racines d\u2019endommager la chauss\u00e9e. Les constructions en sandwich sont sp\u00e9cialement d\u00e9velopp\u00e9es pour les situations dans lesquelles il faut s&rsquo;attendre \u00e0 un compactage de la racine en raison des trafics lourd. <\/p>\n\t\t\n<style>\n#text-3106965031 {\n  text-align: left;\n}\n<\/style>\n\t<\/div>\n\t\n\t<div id=\"text-1244495375\" class=\"text\">\n\t\t\n\n<h2><strong>Minimiser le soulevement de la chauss\u00e9e<\/strong><\/h2>\n\t\t\n<style>\n#text-1244495375 {\n  font-size: 1.4rem;\n  text-align: left;\n  color: rgb(180, 180, 180);\n}\n#text-1244495375 > * {\n  color: rgb(180, 180, 180);\n}\n<\/style>\n\t<\/div>\n\t\n\t<div id=\"text-2079775312\" class=\"text\">\n\t\t\n\n<p>La circulation automobile sur les zones non prot\u00e9g\u00e9es \u00e0 l&rsquo;int\u00e9rieur des zones de protection des racines des arbres existants provoque le compactage des sous-sols, ce qui entra\u00eene une r\u00e9duction des vides dans la structure du sol. Cela r\u00e9duit le transfert d&rsquo;air et d&rsquo;eau aux racines elles-m\u00eames, ce qui peut finalement conduire \u00e0 un d\u00e9clin de la structure racinaire et \u00e0 la perte \u00e9ventuelle de l\u2019arbre. En raison du compactage, les racines vont chercher de l&rsquo;air et de l&rsquo;eau juste en dessous ou entre la chauss\u00e9e ou l&rsquo;asphalte. <\/p>\n<p>Une construction en sandwich est plac\u00e9e sur une couche de sol d&rsquo;arbre, ou de sol structurel, sous la surface de la chauss\u00e9e. Le syst\u00e8me peut \u00eatre utilis\u00e9 dans les zones comportant des arbres existants ou nouvellement plant\u00e9s. Notre syst\u00e8me de diffusion de pression repr\u00e9sente \u00e9galement une bonne alternative dans les zones o\u00f9 il n\u2019est pas possible d\u2019utiliser d\u2019autres structures souterraines ou dans les zones o\u00f9 le niveau des eaux souterraines est \u00e9lev\u00e9.<\/p>\n\t\t\n<style>\n#text-2079775312 {\n  text-align: left;\n}\n<\/style>\n\t<\/div>\n\t\n\n\t\t<\/div>\n\t\t\t\t\t<\/div>\n\n\t\n\n\t<div id=\"col-633816962\" class=\"col medium-5 small-10 large-6\"  >\n\t\t\t\t<div class=\"col-inner\"  >\n\t\t\t\n\t\t\t\n\n\t<div id=\"text-1278147418\" class=\"text\">\n\t\t\n\n<p>Nous vous conseillons de ne pas utiliser le syst\u00e8me dans la zone de diminution rapide (la distance d\u00e9pend de l&rsquo;esp\u00e8ce de l\u2019arbre. Faites tout de m\u00eame appel \u00e0 un sp\u00e9cialiste des arbres lorsque vous travaillez dans un rayon de 2 m\u00e8tres autour de l\u2019arbre). Pour \u00e9viter que la construction en sandwich ne se soul\u00e8ve, nous vous recommandons d\u2019utiliser nos panneaux de direction pour la racine des arbres. Rappelez-vous que la situation peut diff\u00e9rer et d\u00e9pend de vos attentes et de vos objectifs. Nos experts se feront un plaisir de vous aider \u00e0 trouver la meilleure solution.<\/p>\n\t\t\n<style>\n#text-1278147418 {\n  text-align: left;\n}\n<\/style>\n\t<\/div>\n\t\n\t<div id=\"text-57616785\" class=\"text\">\n\t\t\n\n<h2>Avantages de la construction<\/h2>\n\t\t\n<style>\n#text-57616785 {\n  font-size: 1.4rem;\n  text-align: left;\n  color: rgb(180, 180, 180);\n}\n#text-57616785 > * {\n  color: rgb(180, 180, 180);\n}\n<\/style>\n\t<\/div>\n\t\n\t<div id=\"text-4236599271\" class=\"text\">\n\t\t\n\n<ul>\n<li>Installation facile.<\/li>\n<li>Capacit\u00e9 de charge \u00e9lev\u00e9e.<\/li>\n<li>Emp\u00eache les orni\u00e8res dans la route.<\/li>\n<li>Excellente r\u00e9sistance \u00e0 la torsion des pneus.<\/li>\n<li>Reconstitue l&rsquo;approvisionnement en eau des zones am\u00e9nag\u00e9es.<\/li>\n<li>Syst\u00e8me de verrouillage unique et facile \u00e0 utiliser.<\/li>\n<li>Aucun drain de surface requis.<\/li>\n<li>R\u00e9duit la temp\u00e9rature ambiante autour des b\u00e2timents (par rapport \u00e0 l&rsquo;utilisation des surfaces dures).<\/li>\n<\/ul>\n\t\t\n<style>\n#text-4236599271 {\n  line-height: 1.5;\n  text-align: left;\n}\n<\/style>\n\t<\/div>\n\t\n\n\t\t<\/div>\n\t\t\t\t\t<\/div>\n\n\t\n\n<\/div>\n<div class=\"is-divider divider clearfix\" style=\"height:20px;background-color:rgba(255, 255, 255, 0);\"><\/div>\n\n\n\t<section class=\"section dark\" id=\"section_1262754260\">\n\t\t<div class=\"section-bg fill\" >\n\t\t\t\t\t\t\t\t\t\n\t\t\t\n\n\t\t<\/div>\n\n\t\t\n\n\t\t<div class=\"section-content relative\">\n\t\t\t\n\n<div class=\"row row-small align-equal align-center\"  id=\"row-642132130\">\n\n\n\t<div id=\"col-802298239\" class=\"col medium-10 small-9 large-4\"  >\n\t\t\t\t<div class=\"col-inner\"  >\n\t\t\t\n\t\t\t\n\n\t<div id=\"text-4071244281\" class=\"text\">\n\t\t\n\n<h3>Plus d&rsquo;informations sur notre construction en sandwich ?<\/h3>\n\t\t\n<style>\n#text-4071244281 {\n  font-size: 1.55rem;\n  line-height: 1.15;\n  text-align: left;\n}\n<\/style>\n\t<\/div>\n\t\n\n\t\t<\/div>\n\t\t\t\t\t<\/div>\n\n\t\n\n\t<div id=\"col-1553844693\" class=\"col medium-10 small-9 large-4\"  >\n\t\t\t\t<div class=\"col-inner text-left\"  >\n\t\t\t\n\t\t\t\n\n\t<div id=\"text-1068656705\" class=\"text\">\n\t\t\n\n<p>Consultez nos catalogues, fiches techniques et instructions de poses :<\/p>\n\t\t\n<style>\n#text-1068656705 {\n  text-align: left;\n}\n<\/style>\n\t<\/div>\n\t\n<a href=\"https:\/\/treebuilders.eu\/nl\/downloads\/\" class=\"button alert\" style=\"border-radius:10px;\">\n\t\t<span>VOIR LES T\u00c9L\u00c9CHARGEMENTS<\/span>\n\t<\/a>\n\n\n\n\t\t<\/div>\n\t\t\t\t\t<\/div>\n\n\t\n\n\t<div id=\"col-1971793270\" class=\"col medium-10 small-9 large-4\"  >\n\t\t\t\t<div class=\"col-inner text-left\"  >\n\t\t\t\n\t\t\t\n\n\t<div id=\"text-3011380976\" class=\"text\">\n\t\t\n\n<p>Ou contactez-nous directement :<\/p>\n<ul>\n<li><a href=\"tel:+31413530266\" data-line-height=\"l\">+31(0) 413 530 266<\/a><\/li>\n<li><a href=\"mailto:info@treebuilders.eu\" data-line-height=\"l\">info@treebuilders.eu<\/a><\/li>\n<\/ul>\n\t\t\n<style>\n#text-3011380976 {\n  text-align: left;\n}\n<\/style>\n\t<\/div>\n\t\n\n\t\t<\/div>\n\t\t\t\t\t<\/div>\n\n\t\n\n<\/div>\n\n\t\t<\/div>\n\n\t\t\n<style>\n#section_1262754260 {\n  padding-top: 45px;\n  padding-bottom: 45px;\n  background-color: rgb(116, 151, 167);\n}\n<\/style>\n\t<\/section>\n\t\n\n","protected":false},"excerpt":{"rendered":"","protected":false},"author":1,"featured_media":0,"parent":2433,"menu_order":0,"comment_status":"closed","ping_status":"closed","template":"page-blank.php","meta":{"footnotes":""},"class_list":["post-2437","page","type-page","status-publish","hentry"],"yoast_head":"<!-- This site is optimized with the Yoast SEO plugin v27.3 - https:\/\/yoast.com\/product\/yoast-seo-wordpress\/ -->\n<title>Construction en sandwich - TreeBuilders<\/title>\n<meta name=\"robots\" content=\"index, follow, max-snippet:-1, max-image-preview:large, max-video-preview:-1\" \/>\n<link rel=\"canonical\" href=\"https:\/\/treebuilders.eu\/fr\/produits\/construction-en-sandwich\/\" \/>\n<meta property=\"og:locale\" content=\"fr_FR\" \/>\n<meta property=\"og:type\" content=\"article\" \/>\n<meta property=\"og:title\" content=\"Construction en sandwich - TreeBuilders\" \/>\n<meta property=\"og:url\" content=\"https:\/\/treebuilders.eu\/fr\/produits\/construction-en-sandwich\/\" \/>\n<meta property=\"og:site_name\" content=\"TreeBuilders\" \/>\n<meta property=\"article:publisher\" content=\"https:\/\/www.facebook.com\/profile.php?id=100089805041700\" \/>\n<meta property=\"article:modified_time\" content=\"2023-07-11T14:50:48+00:00\" \/>\n<meta name=\"twitter:card\" content=\"summary_large_image\" \/>\n<meta name=\"twitter:label1\" content=\"Dur\u00e9e de lecture estim\u00e9e\" \/>\n\t<meta name=\"twitter:data1\" content=\"4 minutes\" \/>\n<script type=\"application\/ld+json\" class=\"yoast-schema-graph\">{\"@context\":\"https:\\\/\\\/schema.org\",\"@graph\":[{\"@type\":\"WebPage\",\"@id\":\"https:\\\/\\\/treebuilders.eu\\\/fr\\\/produits\\\/construction-en-sandwich\\\/\",\"url\":\"https:\\\/\\\/treebuilders.eu\\\/fr\\\/produits\\\/construction-en-sandwich\\\/\",\"name\":\"Construction en sandwich - TreeBuilders\",\"isPartOf\":{\"@id\":\"https:\\\/\\\/treebuilders.eu\\\/fr\\\/#website\"},\"datePublished\":\"2023-02-27T11:21:30+00:00\",\"dateModified\":\"2023-07-11T14:50:48+00:00\",\"breadcrumb\":{\"@id\":\"https:\\\/\\\/treebuilders.eu\\\/fr\\\/produits\\\/construction-en-sandwich\\\/#breadcrumb\"},\"inLanguage\":\"fr-FR\",\"potentialAction\":[{\"@type\":\"ReadAction\",\"target\":[\"https:\\\/\\\/treebuilders.eu\\\/fr\\\/produits\\\/construction-en-sandwich\\\/\"]}]},{\"@type\":\"BreadcrumbList\",\"@id\":\"https:\\\/\\\/treebuilders.eu\\\/fr\\\/produits\\\/construction-en-sandwich\\\/#breadcrumb\",\"itemListElement\":[{\"@type\":\"ListItem\",\"position\":1,\"name\":\"Home\",\"item\":\"https:\\\/\\\/treebuilders.eu\\\/fr\\\/\"},{\"@type\":\"ListItem\",\"position\":2,\"name\":\"Produits\",\"item\":\"https:\\\/\\\/treebuilders.eu\\\/fr\\\/products\\\/\"},{\"@type\":\"ListItem\",\"position\":3,\"name\":\"Construction en sandwich\"}]},{\"@type\":\"WebSite\",\"@id\":\"https:\\\/\\\/treebuilders.eu\\\/fr\\\/#website\",\"url\":\"https:\\\/\\\/treebuilders.eu\\\/fr\\\/\",\"name\":\"TreeBuilders\",\"description\":\"Creating cities to live in.\",\"publisher\":{\"@id\":\"https:\\\/\\\/treebuilders.eu\\\/fr\\\/#organization\"},\"potentialAction\":[{\"@type\":\"SearchAction\",\"target\":{\"@type\":\"EntryPoint\",\"urlTemplate\":\"https:\\\/\\\/treebuilders.eu\\\/fr\\\/?s={search_term_string}\"},\"query-input\":{\"@type\":\"PropertyValueSpecification\",\"valueRequired\":true,\"valueName\":\"search_term_string\"}}],\"inLanguage\":\"fr-FR\"},{\"@type\":\"Organization\",\"@id\":\"https:\\\/\\\/treebuilders.eu\\\/fr\\\/#organization\",\"name\":\"TreeBuilders\",\"url\":\"https:\\\/\\\/treebuilders.eu\\\/fr\\\/\",\"logo\":{\"@type\":\"ImageObject\",\"inLanguage\":\"fr-FR\",\"@id\":\"https:\\\/\\\/treebuilders.eu\\\/fr\\\/#\\\/schema\\\/logo\\\/image\\\/\",\"url\":\"https:\\\/\\\/treebuilders.eu\\\/wp-content\\\/uploads\\\/2023\\\/07\\\/TreeBuilders-logo.png\",\"contentUrl\":\"https:\\\/\\\/treebuilders.eu\\\/wp-content\\\/uploads\\\/2023\\\/07\\\/TreeBuilders-logo.png\",\"width\":984,\"height\":1075,\"caption\":\"TreeBuilders\"},\"image\":{\"@id\":\"https:\\\/\\\/treebuilders.eu\\\/fr\\\/#\\\/schema\\\/logo\\\/image\\\/\"},\"sameAs\":[\"https:\\\/\\\/www.facebook.com\\\/profile.php?id=100089805041700\",\"https:\\\/\\\/www.linkedin.com\\\/company\\\/treebuilders\\\/\",\"https:\\\/\\\/www.instagram.com\\\/treebuilders.eu\\\/\",\"https:\\\/\\\/www.youtube.com\\\/channel\\\/UCklfVVzLZ53h-J5yrofPQ2g?app=desktop\"]}]}<\/script>\n<!-- \/ Yoast SEO plugin. -->","yoast_head_json":{"title":"Construction en sandwich - TreeBuilders","robots":{"index":"index","follow":"follow","max-snippet":"max-snippet:-1","max-image-preview":"max-image-preview:large","max-video-preview":"max-video-preview:-1"},"canonical":"https:\/\/treebuilders.eu\/fr\/produits\/construction-en-sandwich\/","og_locale":"fr_FR","og_type":"article","og_title":"Construction en sandwich - TreeBuilders","og_url":"https:\/\/treebuilders.eu\/fr\/produits\/construction-en-sandwich\/","og_site_name":"TreeBuilders","article_publisher":"https:\/\/www.facebook.com\/profile.php?id=100089805041700","article_modified_time":"2023-07-11T14:50:48+00:00","twitter_card":"summary_large_image","twitter_misc":{"Dur\u00e9e de lecture estim\u00e9e":"4 minutes"},"schema":{"@context":"https:\/\/schema.org","@graph":[{"@type":"WebPage","@id":"https:\/\/treebuilders.eu\/fr\/produits\/construction-en-sandwich\/","url":"https:\/\/treebuilders.eu\/fr\/produits\/construction-en-sandwich\/","name":"Construction en sandwich - TreeBuilders","isPartOf":{"@id":"https:\/\/treebuilders.eu\/fr\/#website"},"datePublished":"2023-02-27T11:21:30+00:00","dateModified":"2023-07-11T14:50:48+00:00","breadcrumb":{"@id":"https:\/\/treebuilders.eu\/fr\/produits\/construction-en-sandwich\/#breadcrumb"},"inLanguage":"fr-FR","potentialAction":[{"@type":"ReadAction","target":["https:\/\/treebuilders.eu\/fr\/produits\/construction-en-sandwich\/"]}]},{"@type":"BreadcrumbList","@id":"https:\/\/treebuilders.eu\/fr\/produits\/construction-en-sandwich\/#breadcrumb","itemListElement":[{"@type":"ListItem","position":1,"name":"Home","item":"https:\/\/treebuilders.eu\/fr\/"},{"@type":"ListItem","position":2,"name":"Produits","item":"https:\/\/treebuilders.eu\/fr\/products\/"},{"@type":"ListItem","position":3,"name":"Construction en sandwich"}]},{"@type":"WebSite","@id":"https:\/\/treebuilders.eu\/fr\/#website","url":"https:\/\/treebuilders.eu\/fr\/","name":"TreeBuilders","description":"Creating cities to live in.","publisher":{"@id":"https:\/\/treebuilders.eu\/fr\/#organization"},"potentialAction":[{"@type":"SearchAction","target":{"@type":"EntryPoint","urlTemplate":"https:\/\/treebuilders.eu\/fr\/?s={search_term_string}"},"query-input":{"@type":"PropertyValueSpecification","valueRequired":true,"valueName":"search_term_string"}}],"inLanguage":"fr-FR"},{"@type":"Organization","@id":"https:\/\/treebuilders.eu\/fr\/#organization","name":"TreeBuilders","url":"https:\/\/treebuilders.eu\/fr\/","logo":{"@type":"ImageObject","inLanguage":"fr-FR","@id":"https:\/\/treebuilders.eu\/fr\/#\/schema\/logo\/image\/","url":"https:\/\/treebuilders.eu\/wp-content\/uploads\/2023\/07\/TreeBuilders-logo.png","contentUrl":"https:\/\/treebuilders.eu\/wp-content\/uploads\/2023\/07\/TreeBuilders-logo.png","width":984,"height":1075,"caption":"TreeBuilders"},"image":{"@id":"https:\/\/treebuilders.eu\/fr\/#\/schema\/logo\/image\/"},"sameAs":["https:\/\/www.facebook.com\/profile.php?id=100089805041700","https:\/\/www.linkedin.com\/company\/treebuilders\/","https:\/\/www.instagram.com\/treebuilders.eu\/","https:\/\/www.youtube.com\/channel\/UCklfVVzLZ53h-J5yrofPQ2g?app=desktop"]}]}},"_links":{"self":[{"href":"https:\/\/treebuilders.eu\/fr\/wp-json\/wp\/v2\/pages\/2437","targetHints":{"allow":["GET"]}}],"collection":[{"href":"https:\/\/treebuilders.eu\/fr\/wp-json\/wp\/v2\/pages"}],"about":[{"href":"https:\/\/treebuilders.eu\/fr\/wp-json\/wp\/v2\/types\/page"}],"author":[{"embeddable":true,"href":"https:\/\/treebuilders.eu\/fr\/wp-json\/wp\/v2\/users\/1"}],"replies":[{"embeddable":true,"href":"https:\/\/treebuilders.eu\/fr\/wp-json\/wp\/v2\/comments?post=2437"}],"version-history":[{"count":1,"href":"https:\/\/treebuilders.eu\/fr\/wp-json\/wp\/v2\/pages\/2437\/revisions"}],"predecessor-version":[{"id":2438,"href":"https:\/\/treebuilders.eu\/fr\/wp-json\/wp\/v2\/pages\/2437\/revisions\/2438"}],"up":[{"embeddable":true,"href":"https:\/\/treebuilders.eu\/fr\/wp-json\/wp\/v2\/pages\/2433"}],"wp:attachment":[{"href":"https:\/\/treebuilders.eu\/fr\/wp-json\/wp\/v2\/media?parent=2437"}],"curies":[{"name":"wp","href":"https:\/\/api.w.org\/{rel}","templated":true}]}}