{"id":2439,"date":"2023-02-23T15:13:14","date_gmt":"2023-02-23T15:13:14","guid":{"rendered":"https:\/\/treebuilders.eu\/postes-vacants\/"},"modified":"2024-01-24T09:57:29","modified_gmt":"2024-01-24T09:57:29","slug":"postes-vacants","status":"publish","type":"page","link":"https:\/\/treebuilders.eu\/fr\/postes-vacants\/","title":{"rendered":"Postes vacants"},"content":{"rendered":"\n\n  <div class=\"banner has-hover\" id=\"banner-1249610883\">\n          <div class=\"banner-inner fill\">\n        <div class=\"banner-bg fill\" >\n            <img loading=\"lazy\" decoding=\"async\" width=\"2560\" height=\"1858\" src=\"https:\/\/treebuilders.eu\/wp-content\/uploads\/2023\/02\/Mediaplein-Antwerpen-02-scaled.jpg\" class=\"bg attachment-original size-original\" alt=\"\" \/>                                    \n                    <\/div>\n\t\t\n        <div class=\"banner-layers container\">\n            <div class=\"fill banner-link\"><\/div>            \n\n\n        <\/div>\n      <\/div>\n\n            \n<style>\n#banner-1249610883 {\n  padding-top: 320px;\n}\n#banner-1249610883 .banner-bg img {\n  object-position: 50% 57%;\n}\n<\/style>\n  <\/div>\n\n\n<div class=\"row align-center\"  id=\"row-1139357073\">\n\n\n\t<div id=\"col-977499094\" class=\"col medium-11 small-11 large-12\"  >\n\t\t\t\t<div class=\"col-inner\"  >\n\t\t\t\n\t\t\t\n\n<div class=\"is-divider divider clearfix\" style=\"background-color:rgba(255, 255, 255, 0);\"><\/div>\n\n\t<div id=\"text-355811370\" class=\"text\">\n\t\t\n\n<h1>Postes vacants<\/h1>\n\t\t\n<style>\n#text-355811370 {\n  font-size: 1.5rem;\n}\n<\/style>\n\t<\/div>\n\t\n<p>Vous souhaitez \u00e9galement contribuer \u00e0 un environnement de vie sain et \u00e9cologique ? Dans un environnement de travail dynamique et international ? Alors nous sommes \u00e0 votre recherche ! Consultez nos postes vacants et trouvez l&#8217;emploi de vos r\u00eaves chez TreeBuilders !<\/p>\n\n\t\t<\/div>\n\t\t\t\t\t<\/div>\n\n\t\n\n<\/div>\n<div class=\"is-divider divider clearfix\" style=\"background-color:rgba(255, 255, 255, 0);\"><\/div>\n\n\n\t<section class=\"section info-card-1\" id=\"section_812382273\">\n\t\t<div class=\"section-bg fill\" >\n\t\t\t\t\t\t\t\t\t\n\t\t\t\n\n\t\t<\/div>\n\n\t\t\n\n\t\t<div class=\"section-content relative\">\n\t\t\t\n\n<div class=\"row align-center\"  id=\"row-1244723833\">\n\n\n\t<div id=\"col-520384795\" class=\"col medium-11 small-11 large-12\"  >\n\t\t\t\t<div class=\"col-inner text-center\"  >\n\t\t\t\n\t\t\t\n\n<h1>Postes vacants \u00e0 TreeBuilders<\/h1>\n\t<div id=\"text-3561031971\" class=\"text\">\n\t\t\n\n<p>Nous n&rsquo;avons actuellement aucun poste vacant. Vous pouvez toujours envoyer une demande ouverte \u00e0 <a href=\"mailto:info@treebuilders.eu\">info@treebuilders.eu<\/a>.<\/p>\n\t\t\n<style>\n#text-3561031971 {\n  color: rgb(46, 63, 72);\n}\n#text-3561031971 > * {\n  color: rgb(46, 63, 72);\n}\n<\/style>\n\t<\/div>\n\t\n\n\t\t<\/div>\n\t\t\t\t\n<style>\n#col-520384795 > .col-inner {\n  padding: 20px 0px 0px 0px;\n}\n<\/style>\n\t<\/div>\n\n\t\n\n<\/div>\n\n<div class=\"row align-center\"  id=\"row-2071378034\">\n\n\n\t<div id=\"col-1234095524\" class=\"col medium-11 small-11 large-12\"  >\n\t\t\t\t<div class=\"col-inner text-center\"  >\n\t\t\t\n\t\t\t\n\n<h1>Postes vacants \u00e0 GreenMax Group<\/h1>\n\t<div id=\"text-778494351\" class=\"text\">\n\t\t\n\n<p>TreeBuilders est membre du GreenMax Group. Vous ne trouvez pas de poste vacant chez TreeBuilders ? Alors, jetez un coup d&rsquo;\u0153il \u00e0 tous les postes vacants au sein de notre groupe !<\/p>\n\t\t\n<style>\n#text-778494351 {\n  color: rgb(46, 63, 72);\n}\n#text-778494351 > * {\n  color: rgb(46, 63, 72);\n}\n<\/style>\n\t<\/div>\n\t\n\n\t\t<\/div>\n\t\t\t\t\n<style>\n#col-1234095524 > .col-inner {\n  padding: 20px 0px 0px 0px;\n}\n<\/style>\n\t<\/div>\n\n\t\n\n<\/div>\n<div class=\"row align-center\"  id=\"row-1953299730\">\n\n\n\t<div id=\"col-695254548\" class=\"col medium-4 small-12 large-4\"  data-animate=\"flipInX\">\n\t\t\t\t<div class=\"col-inner text-center\" style=\"background-color:rgb(162, 193, 0);\" >\n\t\t\t\n\t\t\t\n\n\t<div id=\"text-2549827791\" class=\"text\">\n\t\t\n\n<h2>Commercial trainee<\/h2>\n<p>\u00c0 plein temps \u2022 Heeswijk Dinther<\/p>\n\t\t\n<style>\n#text-2549827791 {\n  text-align: center;\n  color: rgb(255, 255, 255);\n}\n#text-2549827791 > * {\n  color: rgb(255, 255, 255);\n}\n<\/style>\n\t<\/div>\n\t\n<a href=\"https:\/\/greenmax.eu\/commercial-trainee\/\" target=\"_blank\" class=\"button white\" rel=\"noopener\" style=\"border-radius:10px;\">\n\t\t<span>PLUS D&apos;INFORMATIONS<\/span>\n\t<\/a>\n\n\n\n\t\t<\/div>\n\t\t\t\t\n<style>\n#col-695254548 > .col-inner {\n  padding: 20px 0px 15px 0px;\n  margin: 0px 0px 0px 0px;\n  border-radius: 10px;\n}\n<\/style>\n\t<\/div>\n\n\t\n\n<\/div>\n\n\t\t<\/div>\n\n\t\t\n<style>\n#section_812382273 {\n  padding-top: 50px;\n  padding-bottom: 50px;\n  background-color: rgb(244, 244, 244);\n}\n<\/style>\n\t<\/section>\n\t\n\n","protected":false},"excerpt":{"rendered":"","protected":false},"author":1,"featured_media":0,"parent":0,"menu_order":0,"comment_status":"closed","ping_status":"closed","template":"page-blank.php","meta":{"footnotes":""},"class_list":["post-2439","page","type-page","status-publish","hentry"],"yoast_head":"<!-- This site is optimized with the Yoast SEO plugin v27.2 - https:\/\/yoast.com\/product\/yoast-seo-wordpress\/ -->\n<title>Postes vacants - TreeBuilders<\/title>\n<meta name=\"robots\" content=\"index, follow, max-snippet:-1, max-image-preview:large, max-video-preview:-1\" \/>\n<link rel=\"canonical\" href=\"https:\/\/treebuilders.eu\/fr\/postes-vacants\/\" \/>\n<meta property=\"og:locale\" content=\"fr_FR\" \/>\n<meta property=\"og:type\" content=\"article\" \/>\n<meta property=\"og:title\" content=\"Postes vacants - TreeBuilders\" \/>\n<meta property=\"og:url\" content=\"https:\/\/treebuilders.eu\/fr\/postes-vacants\/\" \/>\n<meta property=\"og:site_name\" content=\"TreeBuilders\" \/>\n<meta property=\"article:publisher\" content=\"https:\/\/www.facebook.com\/profile.php?id=100089805041700\" \/>\n<meta property=\"article:modified_time\" content=\"2024-01-24T09:57:29+00:00\" \/>\n<meta name=\"twitter:card\" content=\"summary_large_image\" \/>\n<meta name=\"twitter:label1\" content=\"Dur\u00e9e de lecture estim\u00e9e\" \/>\n\t<meta name=\"twitter:data1\" content=\"2 minutes\" \/>\n<script type=\"application\/ld+json\" class=\"yoast-schema-graph\">{\"@context\":\"https:\/\/schema.org\",\"@graph\":[{\"@type\":\"WebPage\",\"@id\":\"https:\/\/treebuilders.eu\/fr\/postes-vacants\/\",\"url\":\"https:\/\/treebuilders.eu\/fr\/postes-vacants\/\",\"name\":\"Postes vacants - TreeBuilders\",\"isPartOf\":{\"@id\":\"https:\/\/treebuilders.eu\/fr\/#website\"},\"datePublished\":\"2023-02-23T15:13:14+00:00\",\"dateModified\":\"2024-01-24T09:57:29+00:00\",\"breadcrumb\":{\"@id\":\"https:\/\/treebuilders.eu\/fr\/postes-vacants\/#breadcrumb\"},\"inLanguage\":\"fr-FR\",\"potentialAction\":[{\"@type\":\"ReadAction\",\"target\":[\"https:\/\/treebuilders.eu\/fr\/postes-vacants\/\"]}]},{\"@type\":\"BreadcrumbList\",\"@id\":\"https:\/\/treebuilders.eu\/fr\/postes-vacants\/#breadcrumb\",\"itemListElement\":[{\"@type\":\"ListItem\",\"position\":1,\"name\":\"Home\",\"item\":\"https:\/\/treebuilders.eu\/fr\/\"},{\"@type\":\"ListItem\",\"position\":2,\"name\":\"Postes vacants\"}]},{\"@type\":\"WebSite\",\"@id\":\"https:\/\/treebuilders.eu\/fr\/#website\",\"url\":\"https:\/\/treebuilders.eu\/fr\/\",\"name\":\"TreeBuilders\",\"description\":\"Creating cities to live in.\",\"publisher\":{\"@id\":\"https:\/\/treebuilders.eu\/fr\/#organization\"},\"potentialAction\":[{\"@type\":\"SearchAction\",\"target\":{\"@type\":\"EntryPoint\",\"urlTemplate\":\"https:\/\/treebuilders.eu\/fr\/?s={search_term_string}\"},\"query-input\":{\"@type\":\"PropertyValueSpecification\",\"valueRequired\":true,\"valueName\":\"search_term_string\"}}],\"inLanguage\":\"fr-FR\"},{\"@type\":\"Organization\",\"@id\":\"https:\/\/treebuilders.eu\/fr\/#organization\",\"name\":\"TreeBuilders\",\"url\":\"https:\/\/treebuilders.eu\/fr\/\",\"logo\":{\"@type\":\"ImageObject\",\"inLanguage\":\"fr-FR\",\"@id\":\"https:\/\/treebuilders.eu\/fr\/#\/schema\/logo\/image\/\",\"url\":\"https:\/\/treebuilders.eu\/wp-content\/uploads\/2023\/07\/TreeBuilders-logo.png\",\"contentUrl\":\"https:\/\/treebuilders.eu\/wp-content\/uploads\/2023\/07\/TreeBuilders-logo.png\",\"width\":984,\"height\":1075,\"caption\":\"TreeBuilders\"},\"image\":{\"@id\":\"https:\/\/treebuilders.eu\/fr\/#\/schema\/logo\/image\/\"},\"sameAs\":[\"https:\/\/www.facebook.com\/profile.php?id=100089805041700\",\"https:\/\/www.linkedin.com\/company\/treebuilders\/\",\"https:\/\/www.instagram.com\/treebuilders.eu\/\",\"https:\/\/www.youtube.com\/channel\/UCklfVVzLZ53h-J5yrofPQ2g?app=desktop\"]}]}<\/script>\n<!-- \/ Yoast SEO plugin. -->","yoast_head_json":{"title":"Postes vacants - TreeBuilders","robots":{"index":"index","follow":"follow","max-snippet":"max-snippet:-1","max-image-preview":"max-image-preview:large","max-video-preview":"max-video-preview:-1"},"canonical":"https:\/\/treebuilders.eu\/fr\/postes-vacants\/","og_locale":"fr_FR","og_type":"article","og_title":"Postes vacants - TreeBuilders","og_url":"https:\/\/treebuilders.eu\/fr\/postes-vacants\/","og_site_name":"TreeBuilders","article_publisher":"https:\/\/www.facebook.com\/profile.php?id=100089805041700","article_modified_time":"2024-01-24T09:57:29+00:00","twitter_card":"summary_large_image","twitter_misc":{"Dur\u00e9e de lecture estim\u00e9e":"2 minutes"},"schema":{"@context":"https:\/\/schema.org","@graph":[{"@type":"WebPage","@id":"https:\/\/treebuilders.eu\/fr\/postes-vacants\/","url":"https:\/\/treebuilders.eu\/fr\/postes-vacants\/","name":"Postes vacants - TreeBuilders","isPartOf":{"@id":"https:\/\/treebuilders.eu\/fr\/#website"},"datePublished":"2023-02-23T15:13:14+00:00","dateModified":"2024-01-24T09:57:29+00:00","breadcrumb":{"@id":"https:\/\/treebuilders.eu\/fr\/postes-vacants\/#breadcrumb"},"inLanguage":"fr-FR","potentialAction":[{"@type":"ReadAction","target":["https:\/\/treebuilders.eu\/fr\/postes-vacants\/"]}]},{"@type":"BreadcrumbList","@id":"https:\/\/treebuilders.eu\/fr\/postes-vacants\/#breadcrumb","itemListElement":[{"@type":"ListItem","position":1,"name":"Home","item":"https:\/\/treebuilders.eu\/fr\/"},{"@type":"ListItem","position":2,"name":"Postes vacants"}]},{"@type":"WebSite","@id":"https:\/\/treebuilders.eu\/fr\/#website","url":"https:\/\/treebuilders.eu\/fr\/","name":"TreeBuilders","description":"Creating cities to live in.","publisher":{"@id":"https:\/\/treebuilders.eu\/fr\/#organization"},"potentialAction":[{"@type":"SearchAction","target":{"@type":"EntryPoint","urlTemplate":"https:\/\/treebuilders.eu\/fr\/?s={search_term_string}"},"query-input":{"@type":"PropertyValueSpecification","valueRequired":true,"valueName":"search_term_string"}}],"inLanguage":"fr-FR"},{"@type":"Organization","@id":"https:\/\/treebuilders.eu\/fr\/#organization","name":"TreeBuilders","url":"https:\/\/treebuilders.eu\/fr\/","logo":{"@type":"ImageObject","inLanguage":"fr-FR","@id":"https:\/\/treebuilders.eu\/fr\/#\/schema\/logo\/image\/","url":"https:\/\/treebuilders.eu\/wp-content\/uploads\/2023\/07\/TreeBuilders-logo.png","contentUrl":"https:\/\/treebuilders.eu\/wp-content\/uploads\/2023\/07\/TreeBuilders-logo.png","width":984,"height":1075,"caption":"TreeBuilders"},"image":{"@id":"https:\/\/treebuilders.eu\/fr\/#\/schema\/logo\/image\/"},"sameAs":["https:\/\/www.facebook.com\/profile.php?id=100089805041700","https:\/\/www.linkedin.com\/company\/treebuilders\/","https:\/\/www.instagram.com\/treebuilders.eu\/","https:\/\/www.youtube.com\/channel\/UCklfVVzLZ53h-J5yrofPQ2g?app=desktop"]}]}},"_links":{"self":[{"href":"https:\/\/treebuilders.eu\/fr\/wp-json\/wp\/v2\/pages\/2439","targetHints":{"allow":["GET"]}}],"collection":[{"href":"https:\/\/treebuilders.eu\/fr\/wp-json\/wp\/v2\/pages"}],"about":[{"href":"https:\/\/treebuilders.eu\/fr\/wp-json\/wp\/v2\/types\/page"}],"author":[{"embeddable":true,"href":"https:\/\/treebuilders.eu\/fr\/wp-json\/wp\/v2\/users\/1"}],"replies":[{"embeddable":true,"href":"https:\/\/treebuilders.eu\/fr\/wp-json\/wp\/v2\/comments?post=2439"}],"version-history":[{"count":4,"href":"https:\/\/treebuilders.eu\/fr\/wp-json\/wp\/v2\/pages\/2439\/revisions"}],"predecessor-version":[{"id":3758,"href":"https:\/\/treebuilders.eu\/fr\/wp-json\/wp\/v2\/pages\/2439\/revisions\/3758"}],"wp:attachment":[{"href":"https:\/\/treebuilders.eu\/fr\/wp-json\/wp\/v2\/media?parent=2439"}],"curies":[{"name":"wp","href":"https:\/\/api.w.org\/{rel}","templated":true}]}}