{"id":2490,"date":"2023-02-23T15:09:23","date_gmt":"2023-02-23T15:09:23","guid":{"rendered":"https:\/\/treebuilders.eu\/services\/"},"modified":"2023-07-27T09:36:16","modified_gmt":"2023-07-27T09:36:16","slug":"services","status":"publish","type":"page","link":"https:\/\/treebuilders.eu\/fr\/services\/","title":{"rendered":"Services"},"content":{"rendered":"\n\n  <div class=\"banner has-hover\" id=\"banner-1141524011\">\n          <div class=\"banner-inner fill\">\n        <div class=\"banner-bg fill\" >\n            <img loading=\"lazy\" decoding=\"async\" width=\"2560\" height=\"2153\" src=\"https:\/\/treebuilders.eu\/wp-content\/uploads\/2023\/02\/Amsterdam-Beursplein-11-09-2022-2-scaled.jpg\" class=\"bg attachment-original size-original\" alt=\"\" \/>                                    \n                    <\/div>\n\t\t\n        <div class=\"banner-layers container\">\n            <div class=\"fill banner-link\"><\/div>            \n\n\n        <\/div>\n      <\/div>\n\n            \n<style>\n#banner-1141524011 {\n  padding-top: 320px;\n}\n#banner-1141524011 .banner-bg img {\n  object-position: 88% 49%;\n}\n<\/style>\n  <\/div>\n\n\n<div class=\"row align-center\"  id=\"row-1283060651\">\n\n\n\t<div id=\"col-513991521\" class=\"col medium-11 small-10 large-12\"  >\n\t\t\t\t<div class=\"col-inner\"  >\n\t\t\t\n\t\t\t\n\n<div class=\"is-divider divider clearfix\" style=\"background-color:rgba(255, 255, 255, 0);\"><\/div>\n\n\t<div id=\"text-165544995\" class=\"text\">\n\t\t\n\n<h1>Services<\/h1>\n\t\t\n<style>\n#text-165544995 {\n  font-size: 1.5rem;\n}\n<\/style>\n\t<\/div>\n\t\n<p>Il n\u2019existe pas de solution unique pour tous les am\u00e9nagements d\u2019espace de plantation d&rsquo;arbres. Chaque projet est diff\u00e9rent : les circonstances, les quantit\u00e9s, l&rsquo;accessibilit\u00e9, la taille des arbres, le budget, etc. Ensemble, nous recherchons la meilleure solution de plantation d&rsquo;arbres urbain.<\/p>\n\n\t\t<\/div>\n\t\t\t\t\t<\/div>\n\n\t\n\n<\/div>\n<div class=\"row align-center\"  id=\"row-650026678\">\n\n\n\t<div id=\"col-1801617342\" class=\"col medium-11 small-10 large-12\"  >\n\t\t\t\t<div class=\"col-inner\"  >\n\t\t\t\n\t\t\t\n\n<p>Notre objectif est de vous fournir des conseils concernant toutes les options disponibles et, le cas \u00e9ch\u00e9ant, l&rsquo;option sp\u00e9cifique qui convient le mieux \u00e0 votre projet. De cette fa\u00e7on, nous pouvons vous aider \u00e0 choisir le bon syst\u00e8me de plantation d&rsquo;arbres urbains qui r\u00e9pond \u00e0 votre objectif de conception sp\u00e9cifi\u00e9. Nous sommes heureux de partager nos connaissances acquises gr\u00e2ce \u00e0 la mise en \u0153uvre de plus de 1400 syst\u00e8mes de cellules de sol structurelles \u00e0 travers le monde.<\/p>\n<p>Il existe de nombreux avantages \u00e9conomiques associ\u00e9s \u00e0 une plus longue esp\u00e9rance de vie des arbres et \u00e0 la cr\u00e9ation d&rsquo;arbres urbains plus grands et en meilleure sant\u00e9. Outre les avantages \u00e9conomiques, l&rsquo;am\u00e9lioration de la qualit\u00e9 de vie g\u00e9n\u00e9r\u00e9e par les arbres et les espaces paysagers de nos villes rev\u00eatent une importance majeure. C\u2019est avec plaisir que nous partagerons avec vous nos connaissances dans ce domaine d&rsquo;expertise, par e-mail ou lors d&rsquo;une visite sur votre site. Vous pouvez parall\u00e8lement visiter notre zone de pr\u00e9sentation \u00e0 Heeswijk Dinther aux Pays-Bas o\u00f9 tous nos produits sont expos\u00e9s.&nbsp;<\/p>\n\n\t\t<\/div>\n\t\t\t\t\t<\/div>\n\n\t\n\n<\/div>\n<div class=\"is-divider divider clearfix\" style=\"background-color:rgba(255, 255, 255, 0);\"><\/div>\n\n\n\t<section class=\"section\" id=\"section_1021023842\">\n\t\t<div class=\"section-bg fill\" >\n\t\t\t<img loading=\"lazy\" decoding=\"async\" width=\"2560\" height=\"1858\" src=\"https:\/\/treebuilders.eu\/wp-content\/uploads\/2023\/02\/Mediaplein-Antwerpen-02-scaled.jpg\" class=\"bg attachment- size-\" alt=\"\" \/>\t\t\t\t\t\t<div class=\"section-bg-overlay absolute fill\"><\/div>\n\t\t\t\n\n\t\t<\/div>\n\n\t\t\n\n\t\t<div class=\"section-content relative\">\n\t\t\t\n\n<div class=\"row align-center\"  id=\"row-2019238315\">\n\n\n\t<div id=\"col-1872202180\" class=\"col medium-6 small-10 large-5\"  >\n\t\t\t\t<div class=\"col-inner text-center dark\"  >\n\t\t\t\n\t\t\t\n\n\t<div id=\"gap-495605126\" class=\"gap-element clearfix\" style=\"display:block; height:auto;\">\n\t\t\n<style>\n#gap-495605126 {\n  padding-top: 30px;\n}\n<\/style>\n\t<\/div>\n\t\n\n\t<div id=\"text-3991971039\" class=\"text\">\n\t\t\n\n<h3>Services sans obligation que nous offrons<\/h3>\n\t\t\n<style>\n#text-3991971039 {\n  font-size: 2rem;\n  line-height: 1;\n}\n@media (min-width:550px) {\n  #text-3991971039 {\n    line-height: 0.75;\n  }\n}\n<\/style>\n\t<\/div>\n\t\n<p>Nos sp\u00e9cialistes se feront un plaisir de vous aider et de vous fournir les services suivants :<\/p>\n\n\t\t<\/div>\n\t\t\t\t\t<\/div>\n\n\t\n\n<\/div>\n<div class=\"row align-center\"  id=\"row-469120987\">\n\n\n\t<div id=\"col-1179387052\" class=\"col medium-4 small-12 large-4\"  data-animate=\"flipInY\">\n\t\t\t\t<div class=\"col-inner\"  >\n\t\t\t\n\t\t\t\n\n\n\t\t<div class=\"icon-box featured-box icon-box-center text-center\"  >\n\t\t\t\t\t<div class=\"icon-box-img\" style=\"width: 50px\">\n\t\t\t\t<div class=\"icon\">\n\t\t\t\t\t<div class=\"icon-inner\" >\n\t\t\t\t\t\t<img loading=\"lazy\" decoding=\"async\" width=\"120\" height=\"120\" src=\"https:\/\/treebuilders.eu\/wp-content\/uploads\/2023\/03\/computer-line.png\" class=\"attachment-medium size-medium\" alt=\"\" srcset=\"https:\/\/treebuilders.eu\/wp-content\/uploads\/2023\/03\/computer-line.png 120w, https:\/\/treebuilders.eu\/wp-content\/uploads\/2023\/03\/computer-line-100x100.png 100w\" sizes=\"auto, (max-width: 120px) 100vw, 120px\" \/>\t\t\t\t\t<\/div>\n\t\t\t\t<\/div>\n\t\t\t<\/div>\n\t\t\t\t<div class=\"icon-box-text last-reset\">\n\t\t\t\t\t\t\t\t\t\n\n<h3>Plan d&rsquo;implantation de la fosse d&rsquo;arbre sur mesure<\/h3>\n<p>Nous \u00e9laborons une conception compl\u00e8te et personnalis\u00e9e de l&rsquo;am\u00e9nagement de la fosse d&rsquo;arbre pour votre projet. <\/p>\n\n\t\t<\/div>\n\t<\/div>\n\t\n\t\n\n\t\t<\/div>\n\t\t\t\t\t<\/div>\n\n\t\n\n\t<div id=\"col-2083123099\" class=\"col medium-4 small-12 large-4\"  data-animate=\"flipInY\">\n\t\t\t\t<div class=\"col-inner\"  >\n\t\t\t\n\t\t\t\n\n\n\t\t<div class=\"icon-box featured-box icon-box-center text-center\"  >\n\t\t\t\t\t<div class=\"icon-box-img\" style=\"width: 50px\">\n\t\t\t\t<div class=\"icon\">\n\t\t\t\t\t<div class=\"icon-inner\" >\n\t\t\t\t\t\t<img loading=\"lazy\" decoding=\"async\" width=\"120\" height=\"120\" src=\"https:\/\/treebuilders.eu\/wp-content\/uploads\/2023\/03\/stack-line-1.png\" class=\"attachment-medium size-medium\" alt=\"\" srcset=\"https:\/\/treebuilders.eu\/wp-content\/uploads\/2023\/03\/stack-line-1.png 120w, https:\/\/treebuilders.eu\/wp-content\/uploads\/2023\/03\/stack-line-1-100x100.png 100w\" sizes=\"auto, (max-width: 120px) 100vw, 120px\" \/>\t\t\t\t\t<\/div>\n\t\t\t\t<\/div>\n\t\t\t<\/div>\n\t\t\t\t<div class=\"icon-box-text last-reset\">\n\t\t\t\t\t\t\t\t\t\n\n<h3>Des calculs de volume de sol<\/h3>\n<p>Nous effectuons des calculs de volume de sol afin que le r\u00e9sultat escompt\u00e9 devienne r\u00e9alit\u00e9.<\/p>\n\n\t\t<\/div>\n\t<\/div>\n\t\n\t\n\n\t\t<\/div>\n\t\t\t\t\t<\/div>\n\n\t\n\n\t<div id=\"col-207092248\" class=\"col medium-4 small-12 large-4\"  data-animate=\"flipInY\">\n\t\t\t\t<div class=\"col-inner\"  >\n\t\t\t\n\t\t\t\n\n\n\t\t<div class=\"icon-box featured-box icon-box-center text-center\"  >\n\t\t\t\t\t<div class=\"icon-box-img\" style=\"width: 50px\">\n\t\t\t\t<div class=\"icon\">\n\t\t\t\t\t<div class=\"icon-inner\" >\n\t\t\t\t\t\t<img loading=\"lazy\" decoding=\"async\" width=\"120\" height=\"120\" src=\"https:\/\/treebuilders.eu\/wp-content\/uploads\/2023\/03\/settings-4-line-1.png\" class=\"attachment-medium size-medium\" alt=\"\" srcset=\"https:\/\/treebuilders.eu\/wp-content\/uploads\/2023\/03\/settings-4-line-1.png 120w, https:\/\/treebuilders.eu\/wp-content\/uploads\/2023\/03\/settings-4-line-1-100x100.png 100w\" sizes=\"auto, (max-width: 120px) 100vw, 120px\" \/>\t\t\t\t\t<\/div>\n\t\t\t\t<\/div>\n\t\t\t<\/div>\n\t\t\t\t<div class=\"icon-box-text last-reset\">\n\t\t\t\t\t\t\t\t\t\n\n<h3>Examiner<\/h3>\n<p>Nous examinons vos dessins et sp\u00e9cifications, optimiser vos documents d\u2019appel d\u2019offres et les transmettre aux entrepreneurs.<\/p>\n\n\t\t<\/div>\n\t<\/div>\n\t\n\t\n\n\t\t<\/div>\n\t\t\t\t\t<\/div>\n\n\t\n\n\t<div id=\"col-2008620487\" class=\"col medium-4 small-12 large-4\"  data-animate=\"flipInY\">\n\t\t\t\t<div class=\"col-inner\"  >\n\t\t\t\n\t\t\t\n\n\n\t\t<div class=\"icon-box featured-box icon-box-center text-center\"  >\n\t\t\t\t\t<div class=\"icon-box-img\" style=\"width: 50px\">\n\t\t\t\t<div class=\"icon\">\n\t\t\t\t\t<div class=\"icon-inner\" >\n\t\t\t\t\t\t<img loading=\"lazy\" decoding=\"async\" width=\"120\" height=\"120\" src=\"https:\/\/treebuilders.eu\/wp-content\/uploads\/2023\/03\/search-line.png\" class=\"attachment-medium size-medium\" alt=\"\" srcset=\"https:\/\/treebuilders.eu\/wp-content\/uploads\/2023\/03\/search-line.png 120w, https:\/\/treebuilders.eu\/wp-content\/uploads\/2023\/03\/search-line-100x100.png 100w\" sizes=\"auto, (max-width: 120px) 100vw, 120px\" \/>\t\t\t\t\t<\/div>\n\t\t\t\t<\/div>\n\t\t\t<\/div>\n\t\t\t\t<div class=\"icon-box-text last-reset\">\n\t\t\t\t\t\t\t\t\t\n\n<h3>Design de la bior\u00e9tention<\/h3>\n<p>Nous concevons l&rsquo;absorption d&rsquo;eau de pluie par les arbres urbains (bior\u00e9tention).<\/p>\n\n\t\t<\/div>\n\t<\/div>\n\t\n\t\n\n\t\t<\/div>\n\t\t\t\t\t<\/div>\n\n\t\n\n\t<div id=\"col-1717742356\" class=\"col medium-4 small-12 large-4\"  data-animate=\"flipInY\">\n\t\t\t\t<div class=\"col-inner\"  >\n\t\t\t\n\t\t\t\n\n\n\t\t<div class=\"icon-box featured-box icon-box-center text-center\"  >\n\t\t\t\t\t<div class=\"icon-box-img\" style=\"width: 50px\">\n\t\t\t\t<div class=\"icon\">\n\t\t\t\t\t<div class=\"icon-inner\" >\n\t\t\t\t\t\t<img loading=\"lazy\" decoding=\"async\" width=\"120\" height=\"120\" src=\"https:\/\/treebuilders.eu\/wp-content\/uploads\/2023\/03\/customer-service-line.png\" class=\"attachment-medium size-medium\" alt=\"\" srcset=\"https:\/\/treebuilders.eu\/wp-content\/uploads\/2023\/03\/customer-service-line.png 120w, https:\/\/treebuilders.eu\/wp-content\/uploads\/2023\/03\/customer-service-line-100x100.png 100w\" sizes=\"auto, (max-width: 120px) 100vw, 120px\" \/>\t\t\t\t\t<\/div>\n\t\t\t\t<\/div>\n\t\t\t<\/div>\n\t\t\t\t<div class=\"icon-box-text last-reset\">\n\t\t\t\t\t\t\t\t\t\n\n<h3>Assistance<\/h3>\n<p>Nous fournissons une assistance pendant la mise en \u0153uvre.<\/p>\n\n\t\t<\/div>\n\t<\/div>\n\t\n\t\n\n\t\t<\/div>\n\t\t\t\t\t<\/div>\n\n\t\n\n\t<div id=\"col-244245513\" class=\"col medium-4 small-12 large-4\"  data-animate=\"flipInY\">\n\t\t\t\t<div class=\"col-inner\"  >\n\t\t\t\n\t\t\t\n\n\n\t\t<div class=\"icon-box featured-box icon-box-center text-center\"  >\n\t\t\t\t\t<div class=\"icon-box-img\" style=\"width: 50px\">\n\t\t\t\t<div class=\"icon\">\n\t\t\t\t\t<div class=\"icon-inner\" >\n\t\t\t\t\t\t<img loading=\"lazy\" decoding=\"async\" width=\"120\" height=\"120\" src=\"https:\/\/treebuilders.eu\/wp-content\/uploads\/2023\/03\/wallet-line.png\" class=\"attachment-medium size-medium\" alt=\"\" srcset=\"https:\/\/treebuilders.eu\/wp-content\/uploads\/2023\/03\/wallet-line.png 120w, https:\/\/treebuilders.eu\/wp-content\/uploads\/2023\/03\/wallet-line-100x100.png 100w\" sizes=\"auto, (max-width: 120px) 100vw, 120px\" \/>\t\t\t\t\t<\/div>\n\t\t\t\t<\/div>\n\t\t\t<\/div>\n\t\t\t\t<div class=\"icon-box-text last-reset\">\n\t\t\t\t\t\t\t\t\t\n\n<h3>Recherche<\/h3>\n<p>Nous \u00e9tudions l&rsquo;utilisation de diverses solutions de plantation d&rsquo;arbres urbains pour votre projet.<\/p>\n\n\t\t<\/div>\n\t<\/div>\n\t\n\t\n\n\t\t<\/div>\n\t\t\t\t\t<\/div>\n\n\t\n\n\t<div id=\"col-515763911\" class=\"col medium-4 small-12 large-4\"  data-animate=\"flipInY\">\n\t\t\t\t<div class=\"col-inner text-left\"  >\n\t\t\t\n\t\t\t\n\n\n\t\t<div class=\"icon-box featured-box icon-box-center text-center\"  >\n\t\t\t\t\t<div class=\"icon-box-img\" style=\"width: 50px\">\n\t\t\t\t<div class=\"icon\">\n\t\t\t\t\t<div class=\"icon-inner\" >\n\t\t\t\t\t\t<img loading=\"lazy\" decoding=\"async\" width=\"120\" height=\"120\" src=\"https:\/\/treebuilders.eu\/wp-content\/uploads\/2023\/03\/wallet-line.png\" class=\"attachment-medium size-medium\" alt=\"\" srcset=\"https:\/\/treebuilders.eu\/wp-content\/uploads\/2023\/03\/wallet-line.png 120w, https:\/\/treebuilders.eu\/wp-content\/uploads\/2023\/03\/wallet-line-100x100.png 100w\" sizes=\"auto, (max-width: 120px) 100vw, 120px\" \/>\t\t\t\t\t<\/div>\n\t\t\t\t<\/div>\n\t\t\t<\/div>\n\t\t\t\t<div class=\"icon-box-text last-reset\">\n\t\t\t\t\t\t\t\t\t\n\n<h3>Formation sur les produits<\/h3>\n<p>Nous proposons des formations sur les produits et\/ou sur l&rsquo;installation d&rsquo;arbres urbains, la gestion de l&rsquo;eau et la bior\u00e9tention.<\/p>\n\n\t\t<\/div>\n\t<\/div>\n\t\n\t\n\n\t\t<\/div>\n\t\t\t\t\t<\/div>\n\n\t\n\n\n<style>\n#row-469120987 > .col > .col-inner {\n  padding: 30px 20px 30px 20px;\n  background-color: rgb(255,255,255);\n  border-radius: 10px;\n}\n@media (min-width:850px) {\n  #row-469120987 > .col > .col-inner {\n    padding: 40px 40px 40px 40px;\n  }\n}\n<\/style>\n<\/div>\n\n\t\t<\/div>\n\n\t\t\n<style>\n#section_1021023842 {\n  padding-top: 40px;\n  padding-bottom: 40px;\n}\n#section_1021023842 .section-bg-overlay {\n  background-color: rgba(46, 63, 72, 0.593);\n}\n#section_1021023842 .section-bg img {\n  object-position: 43% 77%;\n}\n@media (min-width:550px) {\n  #section_1021023842 {\n    padding-top: 70px;\n    padding-bottom: 70px;\n  }\n}\n<\/style>\n\t<\/section>\n\t\n\n\t<section class=\"section dark\" id=\"section_1940465521\">\n\t\t<div class=\"section-bg fill\" >\n\t\t\t\t\t\t\t\t\t\n\t\t\t\n\n\t\t<\/div>\n\n\t\t\n\n\t\t<div class=\"section-content relative\">\n\t\t\t\n\n\t<div id=\"gap-1995750941\" class=\"gap-element clearfix\" style=\"display:block; height:auto;\">\n\t\t\n<style>\n#gap-1995750941 {\n  padding-top: 30px;\n}\n<\/style>\n\t<\/div>\n\t\n\n<div class=\"row align-middle align-center\"  id=\"row-569702329\">\n\n\n\t<div id=\"col-1177405211\" class=\"col medium-4 small-9 large-4\"  data-animate=\"flipInX\">\n\t\t\t\t<div class=\"col-inner text-left\"  >\n\t\t\t\n\t\t\t\n\n\t<div id=\"text-3604163258\" class=\"text\">\n\t\t\n\n<h3>Planifiez un workshop sans obligation avec nos experts et d\u00e9couvrez nos services par vous-m\u00eame<\/h3>\n\t\t\n<style>\n#text-3604163258 {\n  font-size: 1.55rem;\n  line-height: 1.15;\n}\n<\/style>\n\t<\/div>\n\t\n\n\t\t<\/div>\n\t\t\t\t\t<\/div>\n\n\t\n\n\t<div id=\"col-995979995\" class=\"col medium-6 small-9 large-6\"  data-animate=\"flipInX\">\n\t\t\t\t<div class=\"col-inner text-left\"  >\n\t\t\t\n\t\t\t\n\n<p>Vous souhaitez planter des arbres en milieu urbain et vous recherchez des conseils d&rsquo;experts ? Vous pouvez organiser un workshop sans obligation avec nos Consultants Produits pour explorer les possibilit\u00e9s.<\/p>\n<a href=\"https:\/\/treebuilders.eu\/fr\/contact\/\" class=\"button alert\" style=\"border-radius:10px;\">\n\t\t<span>plan workshop<\/span>\n\t<\/a>\n\n\n\n\t\t<\/div>\n\t\t\t\t\t<\/div>\n\n\t\n\n<\/div>\n\n\t\t<\/div>\n\n\t\t\n<style>\n#section_1940465521 {\n  padding-top: 30px;\n  padding-bottom: 30px;\n  background-color: rgb(116, 151, 167);\n}\n<\/style>\n\t<\/section>\n\t\n\n","protected":false},"excerpt":{"rendered":"","protected":false},"author":1,"featured_media":0,"parent":0,"menu_order":30,"comment_status":"closed","ping_status":"closed","template":"page-blank.php","meta":{"footnotes":""},"class_list":["post-2490","page","type-page","status-publish","hentry"],"yoast_head":"<!-- This site is optimized with the Yoast SEO plugin v27.2 - https:\/\/yoast.com\/product\/yoast-seo-wordpress\/ -->\n<title>Services - TreeBuilders<\/title>\n<meta name=\"robots\" content=\"index, follow, max-snippet:-1, max-image-preview:large, max-video-preview:-1\" \/>\n<link rel=\"canonical\" href=\"https:\/\/treebuilders.eu\/fr\/services\/\" \/>\n<meta property=\"og:locale\" content=\"fr_FR\" \/>\n<meta property=\"og:type\" content=\"article\" \/>\n<meta property=\"og:title\" content=\"Services - TreeBuilders\" \/>\n<meta property=\"og:url\" content=\"https:\/\/treebuilders.eu\/fr\/services\/\" \/>\n<meta property=\"og:site_name\" content=\"TreeBuilders\" \/>\n<meta property=\"article:publisher\" content=\"https:\/\/www.facebook.com\/profile.php?id=100089805041700\" \/>\n<meta property=\"article:modified_time\" content=\"2023-07-27T09:36:16+00:00\" \/>\n<meta name=\"twitter:card\" content=\"summary_large_image\" \/>\n<meta name=\"twitter:label1\" content=\"Dur\u00e9e de lecture estim\u00e9e\" \/>\n\t<meta name=\"twitter:data1\" content=\"4 minutes\" \/>\n<script type=\"application\/ld+json\" class=\"yoast-schema-graph\">{\"@context\":\"https:\/\/schema.org\",\"@graph\":[{\"@type\":\"WebPage\",\"@id\":\"https:\/\/treebuilders.eu\/fr\/services\/\",\"url\":\"https:\/\/treebuilders.eu\/fr\/services\/\",\"name\":\"Services - TreeBuilders\",\"isPartOf\":{\"@id\":\"https:\/\/treebuilders.eu\/fr\/#website\"},\"datePublished\":\"2023-02-23T15:09:23+00:00\",\"dateModified\":\"2023-07-27T09:36:16+00:00\",\"breadcrumb\":{\"@id\":\"https:\/\/treebuilders.eu\/fr\/services\/#breadcrumb\"},\"inLanguage\":\"fr-FR\",\"potentialAction\":[{\"@type\":\"ReadAction\",\"target\":[\"https:\/\/treebuilders.eu\/fr\/services\/\"]}]},{\"@type\":\"BreadcrumbList\",\"@id\":\"https:\/\/treebuilders.eu\/fr\/services\/#breadcrumb\",\"itemListElement\":[{\"@type\":\"ListItem\",\"position\":1,\"name\":\"Home\",\"item\":\"https:\/\/treebuilders.eu\/fr\/\"},{\"@type\":\"ListItem\",\"position\":2,\"name\":\"Services\"}]},{\"@type\":\"WebSite\",\"@id\":\"https:\/\/treebuilders.eu\/fr\/#website\",\"url\":\"https:\/\/treebuilders.eu\/fr\/\",\"name\":\"TreeBuilders\",\"description\":\"Creating cities to live in.\",\"publisher\":{\"@id\":\"https:\/\/treebuilders.eu\/fr\/#organization\"},\"potentialAction\":[{\"@type\":\"SearchAction\",\"target\":{\"@type\":\"EntryPoint\",\"urlTemplate\":\"https:\/\/treebuilders.eu\/fr\/?s={search_term_string}\"},\"query-input\":{\"@type\":\"PropertyValueSpecification\",\"valueRequired\":true,\"valueName\":\"search_term_string\"}}],\"inLanguage\":\"fr-FR\"},{\"@type\":\"Organization\",\"@id\":\"https:\/\/treebuilders.eu\/fr\/#organization\",\"name\":\"TreeBuilders\",\"url\":\"https:\/\/treebuilders.eu\/fr\/\",\"logo\":{\"@type\":\"ImageObject\",\"inLanguage\":\"fr-FR\",\"@id\":\"https:\/\/treebuilders.eu\/fr\/#\/schema\/logo\/image\/\",\"url\":\"https:\/\/treebuilders.eu\/wp-content\/uploads\/2023\/07\/TreeBuilders-logo.png\",\"contentUrl\":\"https:\/\/treebuilders.eu\/wp-content\/uploads\/2023\/07\/TreeBuilders-logo.png\",\"width\":984,\"height\":1075,\"caption\":\"TreeBuilders\"},\"image\":{\"@id\":\"https:\/\/treebuilders.eu\/fr\/#\/schema\/logo\/image\/\"},\"sameAs\":[\"https:\/\/www.facebook.com\/profile.php?id=100089805041700\",\"https:\/\/www.linkedin.com\/company\/treebuilders\/\",\"https:\/\/www.instagram.com\/treebuilders.eu\/\",\"https:\/\/www.youtube.com\/channel\/UCklfVVzLZ53h-J5yrofPQ2g?app=desktop\"]}]}<\/script>\n<!-- \/ Yoast SEO plugin. -->","yoast_head_json":{"title":"Services - TreeBuilders","robots":{"index":"index","follow":"follow","max-snippet":"max-snippet:-1","max-image-preview":"max-image-preview:large","max-video-preview":"max-video-preview:-1"},"canonical":"https:\/\/treebuilders.eu\/fr\/services\/","og_locale":"fr_FR","og_type":"article","og_title":"Services - TreeBuilders","og_url":"https:\/\/treebuilders.eu\/fr\/services\/","og_site_name":"TreeBuilders","article_publisher":"https:\/\/www.facebook.com\/profile.php?id=100089805041700","article_modified_time":"2023-07-27T09:36:16+00:00","twitter_card":"summary_large_image","twitter_misc":{"Dur\u00e9e de lecture estim\u00e9e":"4 minutes"},"schema":{"@context":"https:\/\/schema.org","@graph":[{"@type":"WebPage","@id":"https:\/\/treebuilders.eu\/fr\/services\/","url":"https:\/\/treebuilders.eu\/fr\/services\/","name":"Services - TreeBuilders","isPartOf":{"@id":"https:\/\/treebuilders.eu\/fr\/#website"},"datePublished":"2023-02-23T15:09:23+00:00","dateModified":"2023-07-27T09:36:16+00:00","breadcrumb":{"@id":"https:\/\/treebuilders.eu\/fr\/services\/#breadcrumb"},"inLanguage":"fr-FR","potentialAction":[{"@type":"ReadAction","target":["https:\/\/treebuilders.eu\/fr\/services\/"]}]},{"@type":"BreadcrumbList","@id":"https:\/\/treebuilders.eu\/fr\/services\/#breadcrumb","itemListElement":[{"@type":"ListItem","position":1,"name":"Home","item":"https:\/\/treebuilders.eu\/fr\/"},{"@type":"ListItem","position":2,"name":"Services"}]},{"@type":"WebSite","@id":"https:\/\/treebuilders.eu\/fr\/#website","url":"https:\/\/treebuilders.eu\/fr\/","name":"TreeBuilders","description":"Creating cities to live in.","publisher":{"@id":"https:\/\/treebuilders.eu\/fr\/#organization"},"potentialAction":[{"@type":"SearchAction","target":{"@type":"EntryPoint","urlTemplate":"https:\/\/treebuilders.eu\/fr\/?s={search_term_string}"},"query-input":{"@type":"PropertyValueSpecification","valueRequired":true,"valueName":"search_term_string"}}],"inLanguage":"fr-FR"},{"@type":"Organization","@id":"https:\/\/treebuilders.eu\/fr\/#organization","name":"TreeBuilders","url":"https:\/\/treebuilders.eu\/fr\/","logo":{"@type":"ImageObject","inLanguage":"fr-FR","@id":"https:\/\/treebuilders.eu\/fr\/#\/schema\/logo\/image\/","url":"https:\/\/treebuilders.eu\/wp-content\/uploads\/2023\/07\/TreeBuilders-logo.png","contentUrl":"https:\/\/treebuilders.eu\/wp-content\/uploads\/2023\/07\/TreeBuilders-logo.png","width":984,"height":1075,"caption":"TreeBuilders"},"image":{"@id":"https:\/\/treebuilders.eu\/fr\/#\/schema\/logo\/image\/"},"sameAs":["https:\/\/www.facebook.com\/profile.php?id=100089805041700","https:\/\/www.linkedin.com\/company\/treebuilders\/","https:\/\/www.instagram.com\/treebuilders.eu\/","https:\/\/www.youtube.com\/channel\/UCklfVVzLZ53h-J5yrofPQ2g?app=desktop"]}]}},"_links":{"self":[{"href":"https:\/\/treebuilders.eu\/fr\/wp-json\/wp\/v2\/pages\/2490","targetHints":{"allow":["GET"]}}],"collection":[{"href":"https:\/\/treebuilders.eu\/fr\/wp-json\/wp\/v2\/pages"}],"about":[{"href":"https:\/\/treebuilders.eu\/fr\/wp-json\/wp\/v2\/types\/page"}],"author":[{"embeddable":true,"href":"https:\/\/treebuilders.eu\/fr\/wp-json\/wp\/v2\/users\/1"}],"replies":[{"embeddable":true,"href":"https:\/\/treebuilders.eu\/fr\/wp-json\/wp\/v2\/comments?post=2490"}],"version-history":[{"count":7,"href":"https:\/\/treebuilders.eu\/fr\/wp-json\/wp\/v2\/pages\/2490\/revisions"}],"predecessor-version":[{"id":3297,"href":"https:\/\/treebuilders.eu\/fr\/wp-json\/wp\/v2\/pages\/2490\/revisions\/3297"}],"wp:attachment":[{"href":"https:\/\/treebuilders.eu\/fr\/wp-json\/wp\/v2\/media?parent=2490"}],"curies":[{"name":"wp","href":"https:\/\/api.w.org\/{rel}","templated":true}]}}