{"id":4128,"date":"2024-07-30T07:02:38","date_gmt":"2024-07-30T07:02:38","guid":{"rendered":"https:\/\/treebuilders.eu\/animation-treeparker\/"},"modified":"2024-12-20T07:46:53","modified_gmt":"2024-12-20T07:46:53","slug":"animation-treeparker","status":"publish","type":"page","link":"https:\/\/treebuilders.eu\/fr\/animation-treeparker\/","title":{"rendered":"Animation TreeParker"},"content":{"rendered":"\n\n  <div class=\"banner has-hover\" id=\"banner-2138077670\">\n          <div class=\"banner-inner fill\">\n        <div class=\"banner-bg fill\" >\n            <img loading=\"lazy\" decoding=\"async\" width=\"1536\" height=\"863\" src=\"https:\/\/treebuilders.eu\/wp-content\/uploads\/2024\/07\/TreeParker-system-cross-section_LR-1-1536x863.jpg\" class=\"bg attachment-1536x1536 size-1536x1536\" alt=\"TreeParker system cross-section\" \/>                                    \n                    <\/div>\n\t\t\n        <div class=\"banner-layers container\">\n            <div class=\"fill banner-link\"><\/div>            \n\n\n        <\/div>\n      <\/div>\n\n            \n<style>\n#banner-2138077670 {\n  padding-top: 320px;\n}\n#banner-2138077670 .banner-bg img {\n  object-position: 55% 61%;\n}\n<\/style>\n  <\/div>\n\n\n<div class=\"row\"  id=\"row-421434908\">\n\n\n\t<div id=\"col-432468461\" class=\"col small-12 large-12\"  >\n\t\t\t\t<div class=\"col-inner\"  >\n\t\t\t\n\t\t\t\n\n<div class=\"is-divider divider clearfix\" style=\"background-color:rgba(255, 255, 255, 0);\"><\/div>\n\n\t<div id=\"text-2633541247\" class=\"text\">\n\t\t\n\n<h1>Vid\u00e9o d&rsquo;animation TreeParker<\/h1>\n\t\t\n<style>\n#text-2633541247 {\n  font-size: 1.5rem;\n}\n<\/style>\n\t<\/div>\n\t\n<p>Regardez la vid\u00e9o d&rsquo;animation TreeParker\u00ae ici et d\u00e9couvrez comment le syst\u00e8me donne aux arbres urbains la possibilit\u00e9 de vieillir en bonne sant\u00e9.<\/p>\n<div class=\"video video-fit mb\" style=\"padding-top:56.25%;\"><iframe loading=\"lazy\" title=\"TreeParker\u00ae - The Urban Tree Planting System\" width=\"1020\" height=\"574\" src=\"https:\/\/www.youtube.com\/embed\/vpIHN7PjX50?feature=oembed\" frameborder=\"0\" allow=\"accelerometer; autoplay; clipboard-write; encrypted-media; gyroscope; picture-in-picture; web-share\" referrerpolicy=\"strict-origin-when-cross-origin\" allowfullscreen><\/iframe><\/div>\n\n<p>Si la vid\u00e9o ne fonctionne pas, cliquez sur le bouton ci-dessous :<\/p>\n<a href=\"https:\/\/youtu.be\/vpIHN7PjX50\" target=\"_blank\" class=\"button alert\" rel=\"noopener\" style=\"border-radius:99px;\">\n\t\t<span>vid\u00e9o d&#039;animation<\/span>\n\t<\/a>\n\n\n\n\t\t<\/div>\n\t\t\t\t\t<\/div>\n\n\t\n\n<\/div>\n<div class=\"is-divider divider clearfix\" style=\"background-color:rgba(255, 255, 255, 0);\"><\/div>\n\n\n\t<section class=\"section\" id=\"section_1934673701\">\n\t\t<div class=\"section-bg fill\" >\n\t\t\t\t\t\t\t\t\t\n\t\t\t\n\n\t\t<\/div>\n\n\t\t\n\n\t\t<div class=\"section-content relative\">\n\t\t\t\n\n<div class=\"row\"  id=\"row-2140727780\">\n\n\n\t<div id=\"col-545922303\" class=\"col small-12 large-12\"  >\n\t\t\t\t<div class=\"col-inner\"  >\n\t\t\t\n\t\t\t\n\n<div class=\"is-divider divider clearfix\" style=\"background-color:rgba(255, 255, 255, 0);\"><\/div>\n\n\t<div id=\"text-660049355\" class=\"text\">\n\t\t\n\n<h1><span style=\"color: #ffffff;\">Vid\u00e9o de production TreeParker<\/span><\/h1>\n\t\t\n<style>\n#text-660049355 {\n  font-size: 1.5rem;\n}\n<\/style>\n\t<\/div>\n\t\n<p><span style=\"color: #ffffff;\">D\u00e9couvrez \u00e9galement comment les d\u00e9chets r\u00e9siduels issus de la production de couches sont transform\u00e9s en syst\u00e8me TreeParker\u00ae dans le cadre de notre processus de fabrication circulaire :<\/span><\/p>\n<div class=\"video video-fit mb\" style=\"padding-top:56.25%;\"><p><iframe loading=\"lazy\" title=\"TreeParker\u00ae - Made from recycled nappies\" width=\"1020\" height=\"574\" src=\"https:\/\/www.youtube.com\/embed\/ugnLIGic3wE?feature=oembed\" frameborder=\"0\" allow=\"accelerometer; autoplay; clipboard-write; encrypted-media; gyroscope; picture-in-picture; web-share\" referrerpolicy=\"strict-origin-when-cross-origin\" allowfullscreen><\/iframe><\/p>\n<\/div>\n\n<p><span style=\"color: #ffffff;\">Si la vid\u00e9o ne fonctionne pas, cliquez sur le bouton ci-dessous :<\/span><\/p>\n<a href=\"https:\/\/youtu.be\/ugnLIGic3wE\" target=\"_blank\" class=\"button alert\" rel=\"noopener\" style=\"border-radius:99px;\">\n\t\t<span>vid\u00e9o de production<\/span>\n\t<\/a>\n\n\n\n\t\t<\/div>\n\t\t\t\t\t<\/div>\n\n\t\n\n<\/div>\n\n\t\t<\/div>\n\n\t\t\n<style>\n#section_1934673701 {\n  padding-top: 30px;\n  padding-bottom: 30px;\n  background-color: #2e3f48;\n}\n<\/style>\n\t<\/section>\n\t\n\n\t<section class=\"section info-card-1\" id=\"section_1349193363\">\n\t\t<div class=\"section-bg fill\" >\n\t\t\t\t\t\t\t\t\t\n\t\t\t\n\n\t\t<\/div>\n\n\t\t\n\n\t\t<div class=\"section-content relative\">\n\t\t\t\n\n<div class=\"row\"  id=\"row-379907202\">\n\n\n\t<div id=\"col-322548354\" class=\"col small-12 large-12\"  >\n\t\t\t\t<div class=\"col-inner text-center\"  >\n\t\t\t\n\t\t\t\n\n<h1><span style=\"font-size: 160%;\" data-text-color=\"alert\">Constructeurs d&rsquo;arbres<\/span><\/h1>\n<h1>Combiner vert, bleu et gris<\/h1>\n\n\t\t<\/div>\n\t\t\t\t\n<style>\n#col-322548354 > .col-inner {\n  padding: 20px 0px 0px 0px;\n}\n<\/style>\n\t<\/div>\n\n\t\n\n<\/div>\n<div class=\"row row-small align-equal\"  id=\"row-550540248\">\n\n\n\t<div id=\"col-1803410812\" class=\"col medium-6 small-12 large-6\"  >\n\t\t\t\t<div class=\"col-inner\"  >\n\t\t\t\n\t\t\t\n\n\t<div class=\"box has-hover   has-hover box-push box-text-bottom\" >\n\n\t\t<div class=\"box-image\" >\n\t\t\t<a href=\"#\" >\t\t\t<div class=\"image-zoom image-cover\" style=\"padding-top:70%;\">\n\t\t\t\t<img loading=\"lazy\" decoding=\"async\" width=\"2560\" height=\"1597\" src=\"https:\/\/treebuilders.eu\/wp-content\/uploads\/2023\/02\/Coolsingel-Rotterdam-26-06-2022-102-scaled.jpg\" class=\"attachment- size-\" alt=\"\" srcset=\"https:\/\/treebuilders.eu\/wp-content\/uploads\/2023\/02\/Coolsingel-Rotterdam-26-06-2022-102-scaled.jpg 2560w, https:\/\/treebuilders.eu\/wp-content\/uploads\/2023\/02\/Coolsingel-Rotterdam-26-06-2022-102-641x400.jpg 641w, https:\/\/treebuilders.eu\/wp-content\/uploads\/2023\/02\/Coolsingel-Rotterdam-26-06-2022-102-1282x800.jpg 1282w, https:\/\/treebuilders.eu\/wp-content\/uploads\/2023\/02\/Coolsingel-Rotterdam-26-06-2022-102-768x479.jpg 768w, https:\/\/treebuilders.eu\/wp-content\/uploads\/2023\/02\/Coolsingel-Rotterdam-26-06-2022-102-1536x958.jpg 1536w, https:\/\/treebuilders.eu\/wp-content\/uploads\/2023\/02\/Coolsingel-Rotterdam-26-06-2022-102-2048x1278.jpg 2048w, https:\/\/treebuilders.eu\/wp-content\/uploads\/2023\/02\/Coolsingel-Rotterdam-26-06-2022-102-600x374.jpg 600w\" sizes=\"auto, (max-width: 2560px) 100vw, 2560px\" \/>\t\t\t\t\t\t\t\t\t\t\t<\/div>\n\t\t\t<\/a>\t\t<\/div>\n\n\t\t<div class=\"box-text text-center\" style=\"background-color:rgb(255, 255, 255);padding:20px 5% 20px 5%;\">\n\t\t\t<div class=\"box-text-inner\">\n\t\t\t\t\n\n<h1>Plantation d&rsquo;arbres en milieu urbain<\/h1>\n<p>Les syst\u00e8mes de plantation d&rsquo;arbres urbains sont efficaces et traitent de toutes les questions relatives \u00e0 l\u2019implantation des arbres dans l&rsquo;environnement. Il est question de la bonne croissance des racines, de la gestion des eaux pluviales et de la gestion des charges de trafic lourde tout en int\u00e9grant les services publics existants et nouveaux.<\/p>\n<a class=\"button alert\" style=\"border-radius:10px;\">\n\t\t<span>PLUS D&#039;INFORMATIONS<\/span>\n\t<\/a>\n\n\n\n\t\t\t<\/div>\n\t\t<\/div>\n\t<\/div>\n\t\n\n\t\t<\/div>\n\t\t\t\t\t<\/div>\n\n\t\n\n\t<div id=\"col-2093825264\" class=\"col medium-6 small-12 large-6\"  >\n\t\t\t\t<div class=\"col-inner\"  >\n\t\t\t\n\t\t\t\n\n\t<div class=\"box has-hover   has-hover box-push box-text-bottom\" >\n\n\t\t<div class=\"box-image\" >\n\t\t\t<a href=\"#\" >\t\t\t<div class=\"image-zoom image-cover\" style=\"padding-top:70%;\">\n\t\t\t\t<img loading=\"lazy\" decoding=\"async\" width=\"2560\" height=\"1702\" src=\"https:\/\/treebuilders.eu\/wp-content\/uploads\/2023\/02\/Water-management-cities-TreeBuilders-scaled.jpg\" class=\"attachment- size-\" alt=\"Water management cities - TreeBuilders\" srcset=\"https:\/\/treebuilders.eu\/wp-content\/uploads\/2023\/02\/Water-management-cities-TreeBuilders-scaled.jpg 2560w, https:\/\/treebuilders.eu\/wp-content\/uploads\/2023\/02\/Water-management-cities-TreeBuilders-602x400.jpg 602w, https:\/\/treebuilders.eu\/wp-content\/uploads\/2023\/02\/Water-management-cities-TreeBuilders-1203x800.jpg 1203w, https:\/\/treebuilders.eu\/wp-content\/uploads\/2023\/02\/Water-management-cities-TreeBuilders-768x511.jpg 768w, https:\/\/treebuilders.eu\/wp-content\/uploads\/2023\/02\/Water-management-cities-TreeBuilders-1536x1021.jpg 1536w, https:\/\/treebuilders.eu\/wp-content\/uploads\/2023\/02\/Water-management-cities-TreeBuilders-2048x1362.jpg 2048w, https:\/\/treebuilders.eu\/wp-content\/uploads\/2023\/02\/Water-management-cities-TreeBuilders-600x399.jpg 600w\" sizes=\"auto, (max-width: 2560px) 100vw, 2560px\" \/>\t\t\t\t\t\t\t\t\t\t\t<\/div>\n\t\t\t<\/a>\t\t<\/div>\n\n\t\t<div class=\"box-text text-center\" style=\"background-color:rgb(255, 255, 255);padding:20px 5% 20px 5%;\">\n\t\t\t<div class=\"box-text-inner\">\n\t\t\t\t\n\n<h1>Gestion des eaux pluviales<\/h1>\n<p>L&rsquo;eau est notre ressource la plus pr\u00e9cieuse et doit \u00eatre trait\u00e9e comme telle, c&rsquo;est pourquoi la gestion des eaux pluviales est vitale. Le manque d&rsquo;eau (douce) est l&rsquo;un de nos plus grands d\u00e9fis urbains. Nous permettons de cr\u00e9er des solutions sur site v\u00e9ritablement circulaires, bas\u00e9es sur la nature, pour une gestion durable de l\u2019eau dans les villes.<\/p>\n<a class=\"button alert\" style=\"border-radius:10px;\">\n\t\t<span>PLUS D&#039;INFORMATIONS<\/span>\n\t<\/a>\n\n\n\n\t\t\t<\/div>\n\t\t<\/div>\n\t<\/div>\n\t\n\n\t\t<\/div>\n\t\t\t\t\t<\/div>\n\n\t\n\n\n<style>\n#row-550540248 > .col > .col-inner {\n  background-color: rgb(255,255,255);\n}\n<\/style>\n<\/div>\n\n\t\t<\/div>\n\n\t\t\n<style>\n#section_1349193363 {\n  padding-top: 50px;\n  padding-bottom: 50px;\n  background-color: rgb(244, 244, 244);\n}\n<\/style>\n\t<\/section>\n\t\n\n","protected":false},"excerpt":{"rendered":"","protected":false},"author":1,"featured_media":4120,"parent":0,"menu_order":0,"comment_status":"closed","ping_status":"closed","template":"page-blank.php","meta":{"footnotes":""},"class_list":["post-4128","page","type-page","status-publish","has-post-thumbnail","hentry"],"yoast_head":"<!-- This site is optimized with the Yoast SEO plugin v27.3 - https:\/\/yoast.com\/product\/yoast-seo-wordpress\/ -->\n<title>Animation TreeParker - TreeBuilders<\/title>\n<meta name=\"description\" content=\"Le syst\u00e8me TreeParker\u00ae permet aux arbres urbains de vieillir en bonne sant\u00e9. Pour en savoir plus, regardez la vid\u00e9o d&#039;animation de TreeParker\u00ae ici.\" \/>\n<meta name=\"robots\" content=\"index, follow, max-snippet:-1, max-image-preview:large, max-video-preview:-1\" \/>\n<link rel=\"canonical\" href=\"https:\/\/treebuilders.eu\/fr\/animation-treeparker\/\" \/>\n<meta property=\"og:locale\" content=\"fr_FR\" \/>\n<meta property=\"og:type\" content=\"article\" \/>\n<meta property=\"og:title\" content=\"Animation TreeParker - TreeBuilders\" \/>\n<meta property=\"og:description\" content=\"Le syst\u00e8me TreeParker\u00ae permet aux arbres urbains de vieillir en bonne sant\u00e9. Pour en savoir plus, regardez la vid\u00e9o d&#039;animation de TreeParker\u00ae ici.\" \/>\n<meta property=\"og:url\" content=\"https:\/\/treebuilders.eu\/fr\/animation-treeparker\/\" \/>\n<meta property=\"og:site_name\" content=\"TreeBuilders\" \/>\n<meta property=\"article:publisher\" content=\"https:\/\/www.facebook.com\/profile.php?id=100089805041700\" \/>\n<meta property=\"article:modified_time\" content=\"2024-12-20T07:46:53+00:00\" \/>\n<meta property=\"og:image\" content=\"https:\/\/treebuilders.eu\/wp-content\/uploads\/2024\/07\/TreeParker-system-cross-section_LR-1-scaled.jpg\" \/>\n\t<meta property=\"og:image:width\" content=\"2560\" \/>\n\t<meta property=\"og:image:height\" content=\"1438\" \/>\n\t<meta property=\"og:image:type\" content=\"image\/jpeg\" \/>\n<meta name=\"twitter:card\" content=\"summary_large_image\" \/>\n<meta name=\"twitter:label1\" content=\"Dur\u00e9e de lecture estim\u00e9e\" \/>\n\t<meta name=\"twitter:data1\" content=\"2 minutes\" \/>\n<script type=\"application\/ld+json\" class=\"yoast-schema-graph\">{\"@context\":\"https:\\\/\\\/schema.org\",\"@graph\":[{\"@type\":\"WebPage\",\"@id\":\"https:\\\/\\\/treebuilders.eu\\\/fr\\\/animation-treeparker\\\/\",\"url\":\"https:\\\/\\\/treebuilders.eu\\\/fr\\\/animation-treeparker\\\/\",\"name\":\"Animation TreeParker - TreeBuilders\",\"isPartOf\":{\"@id\":\"https:\\\/\\\/treebuilders.eu\\\/fr\\\/#website\"},\"primaryImageOfPage\":{\"@id\":\"https:\\\/\\\/treebuilders.eu\\\/fr\\\/animation-treeparker\\\/#primaryimage\"},\"image\":{\"@id\":\"https:\\\/\\\/treebuilders.eu\\\/fr\\\/animation-treeparker\\\/#primaryimage\"},\"thumbnailUrl\":\"https:\\\/\\\/treebuilders.eu\\\/wp-content\\\/uploads\\\/2024\\\/07\\\/TreeParker-system-cross-section_LR-1-scaled.jpg\",\"datePublished\":\"2024-07-30T07:02:38+00:00\",\"dateModified\":\"2024-12-20T07:46:53+00:00\",\"description\":\"Le syst\u00e8me TreeParker\u00ae permet aux arbres urbains de vieillir en bonne sant\u00e9. Pour en savoir plus, regardez la vid\u00e9o d'animation de TreeParker\u00ae ici.\",\"breadcrumb\":{\"@id\":\"https:\\\/\\\/treebuilders.eu\\\/fr\\\/animation-treeparker\\\/#breadcrumb\"},\"inLanguage\":\"fr-FR\",\"potentialAction\":[{\"@type\":\"ReadAction\",\"target\":[\"https:\\\/\\\/treebuilders.eu\\\/fr\\\/animation-treeparker\\\/\"]}]},{\"@type\":\"ImageObject\",\"inLanguage\":\"fr-FR\",\"@id\":\"https:\\\/\\\/treebuilders.eu\\\/fr\\\/animation-treeparker\\\/#primaryimage\",\"url\":\"https:\\\/\\\/treebuilders.eu\\\/wp-content\\\/uploads\\\/2024\\\/07\\\/TreeParker-system-cross-section_LR-1-scaled.jpg\",\"contentUrl\":\"https:\\\/\\\/treebuilders.eu\\\/wp-content\\\/uploads\\\/2024\\\/07\\\/TreeParker-system-cross-section_LR-1-scaled.jpg\",\"width\":2560,\"height\":1438,\"caption\":\"TreeParker system cross-section\"},{\"@type\":\"BreadcrumbList\",\"@id\":\"https:\\\/\\\/treebuilders.eu\\\/fr\\\/animation-treeparker\\\/#breadcrumb\",\"itemListElement\":[{\"@type\":\"ListItem\",\"position\":1,\"name\":\"Home\",\"item\":\"https:\\\/\\\/treebuilders.eu\\\/fr\\\/\"},{\"@type\":\"ListItem\",\"position\":2,\"name\":\"Animation TreeParker\"}]},{\"@type\":\"WebSite\",\"@id\":\"https:\\\/\\\/treebuilders.eu\\\/fr\\\/#website\",\"url\":\"https:\\\/\\\/treebuilders.eu\\\/fr\\\/\",\"name\":\"TreeBuilders\",\"description\":\"Creating cities to live in.\",\"publisher\":{\"@id\":\"https:\\\/\\\/treebuilders.eu\\\/fr\\\/#organization\"},\"potentialAction\":[{\"@type\":\"SearchAction\",\"target\":{\"@type\":\"EntryPoint\",\"urlTemplate\":\"https:\\\/\\\/treebuilders.eu\\\/fr\\\/?s={search_term_string}\"},\"query-input\":{\"@type\":\"PropertyValueSpecification\",\"valueRequired\":true,\"valueName\":\"search_term_string\"}}],\"inLanguage\":\"fr-FR\"},{\"@type\":\"Organization\",\"@id\":\"https:\\\/\\\/treebuilders.eu\\\/fr\\\/#organization\",\"name\":\"TreeBuilders\",\"url\":\"https:\\\/\\\/treebuilders.eu\\\/fr\\\/\",\"logo\":{\"@type\":\"ImageObject\",\"inLanguage\":\"fr-FR\",\"@id\":\"https:\\\/\\\/treebuilders.eu\\\/fr\\\/#\\\/schema\\\/logo\\\/image\\\/\",\"url\":\"https:\\\/\\\/treebuilders.eu\\\/wp-content\\\/uploads\\\/2023\\\/07\\\/TreeBuilders-logo.png\",\"contentUrl\":\"https:\\\/\\\/treebuilders.eu\\\/wp-content\\\/uploads\\\/2023\\\/07\\\/TreeBuilders-logo.png\",\"width\":984,\"height\":1075,\"caption\":\"TreeBuilders\"},\"image\":{\"@id\":\"https:\\\/\\\/treebuilders.eu\\\/fr\\\/#\\\/schema\\\/logo\\\/image\\\/\"},\"sameAs\":[\"https:\\\/\\\/www.facebook.com\\\/profile.php?id=100089805041700\",\"https:\\\/\\\/www.linkedin.com\\\/company\\\/treebuilders\\\/\",\"https:\\\/\\\/www.instagram.com\\\/treebuilders.eu\\\/\",\"https:\\\/\\\/www.youtube.com\\\/channel\\\/UCklfVVzLZ53h-J5yrofPQ2g?app=desktop\"]}]}<\/script>\n<!-- \/ Yoast SEO plugin. -->","yoast_head_json":{"title":"Animation TreeParker - TreeBuilders","description":"Le syst\u00e8me TreeParker\u00ae permet aux arbres urbains de vieillir en bonne sant\u00e9. Pour en savoir plus, regardez la vid\u00e9o d'animation de TreeParker\u00ae ici.","robots":{"index":"index","follow":"follow","max-snippet":"max-snippet:-1","max-image-preview":"max-image-preview:large","max-video-preview":"max-video-preview:-1"},"canonical":"https:\/\/treebuilders.eu\/fr\/animation-treeparker\/","og_locale":"fr_FR","og_type":"article","og_title":"Animation TreeParker - TreeBuilders","og_description":"Le syst\u00e8me TreeParker\u00ae permet aux arbres urbains de vieillir en bonne sant\u00e9. Pour en savoir plus, regardez la vid\u00e9o d'animation de TreeParker\u00ae ici.","og_url":"https:\/\/treebuilders.eu\/fr\/animation-treeparker\/","og_site_name":"TreeBuilders","article_publisher":"https:\/\/www.facebook.com\/profile.php?id=100089805041700","article_modified_time":"2024-12-20T07:46:53+00:00","og_image":[{"width":2560,"height":1438,"url":"https:\/\/treebuilders.eu\/wp-content\/uploads\/2024\/07\/TreeParker-system-cross-section_LR-1-scaled.jpg","type":"image\/jpeg"}],"twitter_card":"summary_large_image","twitter_misc":{"Dur\u00e9e de lecture estim\u00e9e":"2 minutes"},"schema":{"@context":"https:\/\/schema.org","@graph":[{"@type":"WebPage","@id":"https:\/\/treebuilders.eu\/fr\/animation-treeparker\/","url":"https:\/\/treebuilders.eu\/fr\/animation-treeparker\/","name":"Animation TreeParker - TreeBuilders","isPartOf":{"@id":"https:\/\/treebuilders.eu\/fr\/#website"},"primaryImageOfPage":{"@id":"https:\/\/treebuilders.eu\/fr\/animation-treeparker\/#primaryimage"},"image":{"@id":"https:\/\/treebuilders.eu\/fr\/animation-treeparker\/#primaryimage"},"thumbnailUrl":"https:\/\/treebuilders.eu\/wp-content\/uploads\/2024\/07\/TreeParker-system-cross-section_LR-1-scaled.jpg","datePublished":"2024-07-30T07:02:38+00:00","dateModified":"2024-12-20T07:46:53+00:00","description":"Le syst\u00e8me TreeParker\u00ae permet aux arbres urbains de vieillir en bonne sant\u00e9. Pour en savoir plus, regardez la vid\u00e9o d'animation de TreeParker\u00ae ici.","breadcrumb":{"@id":"https:\/\/treebuilders.eu\/fr\/animation-treeparker\/#breadcrumb"},"inLanguage":"fr-FR","potentialAction":[{"@type":"ReadAction","target":["https:\/\/treebuilders.eu\/fr\/animation-treeparker\/"]}]},{"@type":"ImageObject","inLanguage":"fr-FR","@id":"https:\/\/treebuilders.eu\/fr\/animation-treeparker\/#primaryimage","url":"https:\/\/treebuilders.eu\/wp-content\/uploads\/2024\/07\/TreeParker-system-cross-section_LR-1-scaled.jpg","contentUrl":"https:\/\/treebuilders.eu\/wp-content\/uploads\/2024\/07\/TreeParker-system-cross-section_LR-1-scaled.jpg","width":2560,"height":1438,"caption":"TreeParker system cross-section"},{"@type":"BreadcrumbList","@id":"https:\/\/treebuilders.eu\/fr\/animation-treeparker\/#breadcrumb","itemListElement":[{"@type":"ListItem","position":1,"name":"Home","item":"https:\/\/treebuilders.eu\/fr\/"},{"@type":"ListItem","position":2,"name":"Animation TreeParker"}]},{"@type":"WebSite","@id":"https:\/\/treebuilders.eu\/fr\/#website","url":"https:\/\/treebuilders.eu\/fr\/","name":"TreeBuilders","description":"Creating cities to live in.","publisher":{"@id":"https:\/\/treebuilders.eu\/fr\/#organization"},"potentialAction":[{"@type":"SearchAction","target":{"@type":"EntryPoint","urlTemplate":"https:\/\/treebuilders.eu\/fr\/?s={search_term_string}"},"query-input":{"@type":"PropertyValueSpecification","valueRequired":true,"valueName":"search_term_string"}}],"inLanguage":"fr-FR"},{"@type":"Organization","@id":"https:\/\/treebuilders.eu\/fr\/#organization","name":"TreeBuilders","url":"https:\/\/treebuilders.eu\/fr\/","logo":{"@type":"ImageObject","inLanguage":"fr-FR","@id":"https:\/\/treebuilders.eu\/fr\/#\/schema\/logo\/image\/","url":"https:\/\/treebuilders.eu\/wp-content\/uploads\/2023\/07\/TreeBuilders-logo.png","contentUrl":"https:\/\/treebuilders.eu\/wp-content\/uploads\/2023\/07\/TreeBuilders-logo.png","width":984,"height":1075,"caption":"TreeBuilders"},"image":{"@id":"https:\/\/treebuilders.eu\/fr\/#\/schema\/logo\/image\/"},"sameAs":["https:\/\/www.facebook.com\/profile.php?id=100089805041700","https:\/\/www.linkedin.com\/company\/treebuilders\/","https:\/\/www.instagram.com\/treebuilders.eu\/","https:\/\/www.youtube.com\/channel\/UCklfVVzLZ53h-J5yrofPQ2g?app=desktop"]}]}},"_links":{"self":[{"href":"https:\/\/treebuilders.eu\/fr\/wp-json\/wp\/v2\/pages\/4128","targetHints":{"allow":["GET"]}}],"collection":[{"href":"https:\/\/treebuilders.eu\/fr\/wp-json\/wp\/v2\/pages"}],"about":[{"href":"https:\/\/treebuilders.eu\/fr\/wp-json\/wp\/v2\/types\/page"}],"author":[{"embeddable":true,"href":"https:\/\/treebuilders.eu\/fr\/wp-json\/wp\/v2\/users\/1"}],"replies":[{"embeddable":true,"href":"https:\/\/treebuilders.eu\/fr\/wp-json\/wp\/v2\/comments?post=4128"}],"version-history":[{"count":3,"href":"https:\/\/treebuilders.eu\/fr\/wp-json\/wp\/v2\/pages\/4128\/revisions"}],"predecessor-version":[{"id":4239,"href":"https:\/\/treebuilders.eu\/fr\/wp-json\/wp\/v2\/pages\/4128\/revisions\/4239"}],"wp:featuredmedia":[{"embeddable":true,"href":"https:\/\/treebuilders.eu\/fr\/wp-json\/wp\/v2\/media\/4120"}],"wp:attachment":[{"href":"https:\/\/treebuilders.eu\/fr\/wp-json\/wp\/v2\/media?parent=4128"}],"curies":[{"name":"wp","href":"https:\/\/api.w.org\/{rel}","templated":true}]}}